{"id":1140,"date":"2023-08-29T11:06:41","date_gmt":"2023-08-29T09:06:41","guid":{"rendered":"https:\/\/msjtechnology.com\/preisangebot\/"},"modified":"2024-07-10T15:00:11","modified_gmt":"2024-07-10T13:00:11","slug":"preisangebot","status":"publish","type":"page","link":"https:\/\/msjtechnology.com\/de\/preisangebot\/","title":{"rendered":"Preisangebot"},"content":{"rendered":"\t\t<div data-elementor-type=\"wp-page\" data-elementor-id=\"1140\" class=\"elementor elementor-1140 elementor-273\" data-elementor-post-type=\"page\">\n\t\t\t\t\t\t<section class=\"elementor-section elementor-top-section elementor-element elementor-element-adfef62 elementor-section-boxed elementor-section-height-default elementor-section-height-default\" data-id=\"adfef62\" data-element_type=\"section\" data-e-type=\"section\" data-settings=\"{&quot;background_background&quot;:&quot;classic&quot;}\">\n\t\t\t\t\t\t\t<div class=\"elementor-background-overlay\"><\/div>\n\t\t\t\t\t\t\t<div class=\"elementor-container elementor-column-gap-default\">\n\t\t\t\t\t<div class=\"elementor-column elementor-col-100 elementor-top-column elementor-element elementor-element-019e391\" data-id=\"019e391\" data-element_type=\"column\" data-e-type=\"column\">\n\t\t\t<div class=\"elementor-widget-wrap elementor-element-populated\">\n\t\t\t\t\t\t<div class=\"elementor-element elementor-element-03fdb35 elementor-invisible elementor-widget elementor-widget-heading\" data-id=\"03fdb35\" data-element_type=\"widget\" data-e-type=\"widget\" data-settings=\"{&quot;_animation&quot;:&quot;slideInDown&quot;,&quot;_animation_delay&quot;:600,&quot;_animation_tablet&quot;:&quot;none&quot;}\" data-widget_type=\"heading.default\">\n\t\t\t\t<div class=\"elementor-widget-container\">\n\t\t\t\t\t<h1 class=\"elementor-heading-title elementor-size-default\">EIN ANGEBOT<\/h1>\t\t\t\t<\/div>\n\t\t\t\t<\/div>\n\t\t\t\t<div class=\"elementor-element elementor-element-24ca824 elementor-invisible elementor-widget elementor-widget-text-editor\" data-id=\"24ca824\" data-element_type=\"widget\" data-e-type=\"widget\" data-settings=\"{&quot;_animation&quot;:&quot;slideInDown&quot;,&quot;_animation_delay&quot;:800,&quot;_animation_tablet&quot;:&quot;none&quot;}\" data-widget_type=\"text-editor.default\">\n\t\t\t\t<div class=\"elementor-widget-container\">\n\t\t\t\t\t\t\t\t\t<p>Interessiert an unseren Dienstleistungen?<\/p>\n\t\t\t\t\t\t\t\t<\/div>\n\t\t\t\t<\/div>\n\t\t\t\t\t<\/div>\n\t\t<\/div>\n\t\t\t\t\t<\/div>\n\t\t<\/section>\n\t\t\t\t<section class=\"elementor-section elementor-top-section elementor-element elementor-element-b0b1f74 elementor-section-boxed elementor-section-height-default elementor-section-height-default\" data-id=\"b0b1f74\" data-element_type=\"section\" data-e-type=\"section\">\n\t\t\t\t\t\t<div class=\"elementor-container elementor-column-gap-default\">\n\t\t\t\t\t<div class=\"elementor-column elementor-col-50 elementor-top-column elementor-element elementor-element-8df0074\" data-id=\"8df0074\" data-element_type=\"column\" data-e-type=\"column\">\n\t\t\t<div class=\"elementor-widget-wrap elementor-element-populated\">\n\t\t\t\t\t\t<div class=\"elementor-element elementor-element-fb99b7b elementor-widget elementor-widget-heading\" data-id=\"fb99b7b\" data-element_type=\"widget\" data-e-type=\"widget\" data-widget_type=\"heading.default\">\n\t\t\t\t<div class=\"elementor-widget-container\">\n\t\t\t\t\t<h2 class=\"elementor-heading-title elementor-size-default\">ANGEBOT IN WENIGER ALS 8 STUNDEN<\/h2>\t\t\t\t<\/div>\n\t\t\t\t<\/div>\n\t\t\t\t<div class=\"elementor-element elementor-element-f32dbaf elementor-widget elementor-widget-text-editor\" data-id=\"f32dbaf\" data-element_type=\"widget\" data-e-type=\"widget\" data-widget_type=\"text-editor.default\">\n\t\t\t\t<div class=\"elementor-widget-container\">\n\t\t\t\t\t\t\t\t\t<p>F\u00fcllen Sie das folgende Vorkontaktformular aus und wir unterbreiten Ihnen gerne ein individuelles Angebot f\u00fcr Ihr Projekt. Wir werden uns schnellstm\u00f6glich mit Ihnen in Verbindung setzen, um Ihre Bed\u00fcrfnisse zu besprechen und Ihnen ma\u00dfgeschneiderte L\u00f6sungen anzubieten. <\/p>\n\t\t\t\t\t\t\t\t<\/div>\n\t\t\t\t<\/div>\n\t\t\t\t\t<\/div>\n\t\t<\/div>\n\t\t\t\t<div class=\"elementor-column elementor-col-50 elementor-top-column elementor-element elementor-element-bb40e6c\" data-id=\"bb40e6c\" data-element_type=\"column\" data-e-type=\"column\">\n\t\t\t<div class=\"elementor-widget-wrap elementor-element-populated\">\n\t\t\t\t\t\t<div class=\"elementor-element elementor-element-bc46ea6 elementor-button-align-stretch elementor-widget elementor-widget-form\" data-id=\"bc46ea6\" data-element_type=\"widget\" data-e-type=\"widget\" data-settings=\"{&quot;step_next_label&quot;:&quot;Nachfolgend&quot;,&quot;step_previous_label&quot;:&quot;Ehemalig&quot;,&quot;step_type&quot;:&quot;number&quot;,&quot;button_width&quot;:&quot;100&quot;,&quot;step_icon_shape&quot;:&quot;circle&quot;}\" data-widget_type=\"form.default\">\n\t\t\t\t<div class=\"elementor-widget-container\">\n\t\t\t\t\t\t\t<form class=\"elementor-form\" method=\"post\" name=\"Budgetformular\" aria-label=\"Budgetformular\">\n\t\t\t<input type=\"hidden\" name=\"post_id\" value=\"1140\"\/>\n\t\t\t<input type=\"hidden\" name=\"form_id\" value=\"bc46ea6\"\/>\n\t\t\t<input type=\"hidden\" name=\"referer_title\" value=\"MSJ Technology | Preisangebot\" \/>\n\n\t\t\t\t\t\t\t<input type=\"hidden\" name=\"queried_id\" value=\"1140\"\/>\n\t\t\t\n\t\t\t<div class=\"elementor-form-fields-wrapper elementor-labels-above\">\n\t\t\t\t\t\t\t\t<div class=\"elementor-field-type-text elementor-field-group elementor-column elementor-field-group-name elementor-col-100 elementor-md-50\">\n\t\t\t\t\t\t\t\t\t\t\t\t<label for=\"form-field-name\" class=\"elementor-field-label\">\n\t\t\t\t\t\t\t\tName\t\t\t\t\t\t\t<\/label>\n\t\t\t\t\t\t\t\t\t\t\t\t\t\t<input size=\"1\" type=\"text\" name=\"form_fields[name]\" id=\"form-field-name\" class=\"elementor-field elementor-size-sm  elementor-field-textual\" placeholder=\"Name\">\n\t\t\t\t\t\t\t\t\t\t\t<\/div>\n\t\t\t\t\t\t\t\t<div class=\"elementor-field-type-email elementor-field-group elementor-column elementor-field-group-email elementor-col-100 elementor-md-50 elementor-field-required\">\n\t\t\t\t\t\t\t\t\t\t\t\t<label for=\"form-field-email\" class=\"elementor-field-label\">\n\t\t\t\t\t\t\t\tEmail\t\t\t\t\t\t\t<\/label>\n\t\t\t\t\t\t\t\t\t\t\t\t\t\t<input size=\"1\" type=\"email\" name=\"form_fields[email]\" id=\"form-field-email\" class=\"elementor-field elementor-size-sm  elementor-field-textual\" placeholder=\"Email\" required=\"required\">\n\t\t\t\t\t\t\t\t\t\t\t<\/div>\n\t\t\t\t\t\t\t\t<div class=\"elementor-field-type-number elementor-field-group elementor-column elementor-field-group-field_867405d elementor-col-50 elementor-field-required\">\n\t\t\t\t\t\t\t\t\t\t\t\t<label for=\"form-field-field_867405d\" class=\"elementor-field-label\">\n\t\t\t\t\t\t\t\tAnzahl der St\u00fccke\t\t\t\t\t\t\t<\/label>\n\t\t\t\t\t\t\t\t\t<input type=\"number\" name=\"form_fields[field_867405d]\" id=\"form-field-field_867405d\" class=\"elementor-field elementor-size-sm  elementor-field-textual\" placeholder=\"Anzahl der St\u00fccke\" required=\"required\" min=\"10\" max=\"100000\" >\n\t\t\t\t\t\t<\/div>\n\t\t\t\t\t\t\t\t<div class=\"elementor-field-type-select elementor-field-group elementor-column elementor-field-group-field_aa4c823 elementor-col-50 elementor-field-required\">\n\t\t\t\t\t\t\t\t\t\t\t\t<label for=\"form-field-field_aa4c823\" class=\"elementor-field-label\">\n\t\t\t\t\t\t\t\tMaterial\t\t\t\t\t\t\t<\/label>\n\t\t\t\t\t\t\t\t<div class=\"elementor-field elementor-select-wrapper remove-before \">\n\t\t\t<div class=\"select-caret-down-wrapper\">\n\t\t\t\t<i aria-hidden=\"true\" class=\"eicon-caret-down\"><\/i>\t\t\t<\/div>\n\t\t\t<select name=\"form_fields[field_aa4c823]\" id=\"form-field-field_aa4c823\" class=\"elementor-field-textual elementor-size-sm\" required=\"required\">\n\t\t\t\t\t\t\t\t\t<option value=\"Aluminium\">Aluminium<\/option>\n\t\t\t\t\t\t\t\t\t<option value=\"Metall\">Metall<\/option>\n\t\t\t\t\t\t\t\t\t<option value=\"Kupfer\">Kupfer<\/option>\n\t\t\t\t\t\t\t\t\t<option value=\"Andere\">Andere<\/option>\n\t\t\t\t\t\t\t<\/select>\n\t\t<\/div>\n\t\t\t\t\t\t<\/div>\n\t\t\t\t\t\t\t\t<div class=\"elementor-field-type-textarea elementor-field-group elementor-column elementor-field-group-message elementor-col-100\">\n\t\t\t\t\t\t\t\t\t\t\t\t<label for=\"form-field-message\" class=\"elementor-field-label\">\n\t\t\t\t\t\t\t\tInformativer Hinweis\t\t\t\t\t\t\t<\/label>\n\t\t\t\t\t\t<textarea class=\"elementor-field-textual elementor-field  elementor-size-sm\" name=\"form_fields[message]\" id=\"form-field-message\" rows=\"4\" placeholder=\"Informativer Hinweis\"><\/textarea>\t\t\t\t<\/div>\n\t\t\t\t\t\t\t\t<div class=\"elementor-field-type-acceptance elementor-field-group elementor-column elementor-field-group-aceptacion elementor-col-100 elementor-field-required\">\n\t\t\t\t\t\t\t<div class=\"elementor-field-subgroup\">\n\t\t\t<span class=\"elementor-field-option\">\n\t\t\t\t<input type=\"checkbox\" name=\"form_fields[aceptacion]\" id=\"form-field-aceptacion\" class=\"elementor-field elementor-size-sm  elementor-acceptance-field\" required=\"required\">\n\t\t\t\t<label for=\"form-field-aceptacion\">Ich habe die Datenschutzbestimmungen und Richtlinien dieser Website gelesen und stimme ihnen zu.<\/label>\t\t\t<\/span>\n\t\t<\/div>\n\t\t\t\t\t\t<\/div>\n\t\t\t\t\t\t\t\t<div class=\"elementor-field-type-recaptcha_v3 elementor-field-group elementor-column elementor-field-group-recaptcha elementor-col-100 recaptcha_v3-bottomright\">\n\t\t\t\t\t<div class=\"elementor-field\" id=\"form-field-recaptcha\"><div class=\"elementor-g-recaptcha\" data-sitekey=\"6Lf5i64oAAAAAAOTklNq0AVTEHC9AGz2D-KTFLha\" data-type=\"v3\" data-action=\"Form\" data-badge=\"bottomright\" data-size=\"invisible\"><\/div><\/div>\t\t\t\t<\/div>\n\t\t\t\t\t\t\t\t<div class=\"elementor-field-group elementor-column elementor-field-type-submit elementor-col-100 e-form__buttons\">\n\t\t\t\t\t<button class=\"elementor-button elementor-size-sm\" type=\"submit\">\n\t\t\t\t\t\t<span class=\"elementor-button-content-wrapper\">\n\t\t\t\t\t\t\t\t\t\t\t\t\t\t\t\t\t\t\t\t\t\t<span class=\"elementor-button-text\">Schicken<\/span>\n\t\t\t\t\t\t\t\t\t\t\t\t\t<\/span>\n\t\t\t\t\t<\/button>\n\t\t\t\t<\/div>\n\t\t\t<\/div>\n\t\t<\/form>\n\t\t\t\t\t\t<\/div>\n\t\t\t\t<\/div>\n\t\t\t\t\t<\/div>\n\t\t<\/div>\n\t\t\t\t\t<\/div>\n\t\t<\/section>\n\t\t\t\t<\/div>\n\t\t","protected":false},"excerpt":{"rendered":"<p>EIN ANGEBOT Interessiert an unseren Dienstleistungen? ANGEBOT IN WENIGER ALS 8 STUNDEN F\u00fcllen Sie das folgende Vorkontaktformular aus und wir unterbreiten Ihnen gerne ein individuelles Angebot f\u00fcr Ihr Projekt. Wir werden uns schnellstm\u00f6glich mit Ihnen in Verbindung setzen, um Ihre Bed\u00fcrfnisse zu besprechen und Ihnen ma\u00dfgeschneiderte L\u00f6sungen anzubieten.<\/p>\n","protected":false},"author":2,"featured_media":0,"parent":0,"menu_order":7,"comment_status":"closed","ping_status":"closed","template":"","meta":{"footnotes":""},"class_list":["post-1140","page","type-page","status-publish","hentry"],"yoast_head":"<!-- This site is optimized with the Yoast SEO plugin v27.4 - https:\/\/yoast.com\/product\/yoast-seo-wordpress\/ -->\n<title>MSJ Technology | Preisangebot<\/title>\n<meta name=\"robots\" content=\"index, follow, max-snippet:-1, max-image-preview:large, max-video-preview:-1\" \/>\n<link rel=\"canonical\" href=\"https:\/\/msjtechnology.com\/de\/preisangebot\/\" \/>\n<meta property=\"og:locale\" content=\"de_DE\" \/>\n<meta property=\"og:type\" content=\"article\" \/>\n<meta property=\"og:title\" content=\"MSJ Technology | Preisangebot\" \/>\n<meta property=\"og:description\" content=\"EIN ANGEBOT Interessiert an unseren Dienstleistungen? ANGEBOT IN WENIGER ALS 8 STUNDEN F\u00fcllen Sie das folgende Vorkontaktformular aus und wir unterbreiten Ihnen gerne ein individuelles Angebot f\u00fcr Ihr Projekt. Wir werden uns schnellstm\u00f6glich mit Ihnen in Verbindung setzen, um Ihre Bed\u00fcrfnisse zu besprechen und Ihnen ma\u00dfgeschneiderte L\u00f6sungen anzubieten.\" \/>\n<meta property=\"og:url\" content=\"https:\/\/msjtechnology.com\/de\/preisangebot\/\" \/>\n<meta property=\"og:site_name\" content=\"MSJ Technology\" \/>\n<meta property=\"article:modified_time\" content=\"2024-07-10T13:00:11+00:00\" \/>\n<meta property=\"og:image\" content=\"https:\/\/msjtechnology.com\/wp-content\/uploads\/2024\/07\/msj-technology-blog-bienvenidos-2024.jpg\" \/>\n\t<meta property=\"og:image:width\" content=\"500\" \/>\n\t<meta property=\"og:image:height\" content=\"500\" \/>\n\t<meta property=\"og:image:type\" content=\"image\/jpeg\" \/>\n<meta name=\"twitter:card\" content=\"summary_large_image\" \/>\n<script type=\"application\/ld+json\" class=\"yoast-schema-graph\">{\"@context\":\"https:\\\/\\\/schema.org\",\"@graph\":[{\"@type\":\"WebPage\",\"@id\":\"https:\\\/\\\/msjtechnology.com\\\/de\\\/preisangebot\\\/\",\"url\":\"https:\\\/\\\/msjtechnology.com\\\/de\\\/preisangebot\\\/\",\"name\":\"MSJ Technology | Preisangebot\",\"isPartOf\":{\"@id\":\"https:\\\/\\\/msjtechnology.com\\\/de\\\/#website\"},\"datePublished\":\"2023-08-29T09:06:41+00:00\",\"dateModified\":\"2024-07-10T13:00:11+00:00\",\"breadcrumb\":{\"@id\":\"https:\\\/\\\/msjtechnology.com\\\/de\\\/preisangebot\\\/#breadcrumb\"},\"inLanguage\":\"de\",\"potentialAction\":[{\"@type\":\"ReadAction\",\"target\":[\"https:\\\/\\\/msjtechnology.com\\\/de\\\/preisangebot\\\/\"]}]},{\"@type\":\"BreadcrumbList\",\"@id\":\"https:\\\/\\\/msjtechnology.com\\\/de\\\/preisangebot\\\/#breadcrumb\",\"itemListElement\":[{\"@type\":\"ListItem\",\"position\":1,\"name\":\"Portada\",\"item\":\"https:\\\/\\\/msjtechnology.com\\\/de\\\/\"},{\"@type\":\"ListItem\",\"position\":2,\"name\":\"Preisangebot\"}]},{\"@type\":\"WebSite\",\"@id\":\"https:\\\/\\\/msjtechnology.com\\\/de\\\/#website\",\"url\":\"https:\\\/\\\/msjtechnology.com\\\/de\\\/\",\"name\":\"MSJ Technology\",\"description\":\"Mecanizado de precisi\u00f3n\",\"publisher\":{\"@id\":\"https:\\\/\\\/msjtechnology.com\\\/de\\\/#organization\"},\"alternateName\":\"MSJ Technology\",\"potentialAction\":[{\"@type\":\"SearchAction\",\"target\":{\"@type\":\"EntryPoint\",\"urlTemplate\":\"https:\\\/\\\/msjtechnology.com\\\/de\\\/?s={search_term_string}\"},\"query-input\":{\"@type\":\"PropertyValueSpecification\",\"valueRequired\":true,\"valueName\":\"search_term_string\"}}],\"inLanguage\":\"de\"},{\"@type\":\"Organization\",\"@id\":\"https:\\\/\\\/msjtechnology.com\\\/de\\\/#organization\",\"name\":\"MSJ Technology\",\"url\":\"https:\\\/\\\/msjtechnology.com\\\/de\\\/\",\"logo\":{\"@type\":\"ImageObject\",\"inLanguage\":\"de\",\"@id\":\"https:\\\/\\\/msjtechnology.com\\\/de\\\/#\\\/schema\\\/logo\\\/image\\\/\",\"url\":\"https:\\\/\\\/msjtechnology.com\\\/wp-content\\\/uploads\\\/2024\\\/07\\\/msj-technology-blog-bienvenidos-2024.jpg\",\"contentUrl\":\"https:\\\/\\\/msjtechnology.com\\\/wp-content\\\/uploads\\\/2024\\\/07\\\/msj-technology-blog-bienvenidos-2024.jpg\",\"width\":500,\"height\":500,\"caption\":\"MSJ Technology\"},\"image\":{\"@id\":\"https:\\\/\\\/msjtechnology.com\\\/de\\\/#\\\/schema\\\/logo\\\/image\\\/\"},\"sameAs\":[\"https:\\\/\\\/www.instagram.com\\\/msjtechnologyspain\\\/\",\"http:\\\/\\\/linkedin.com\\\/company\\\/msj-technology\"]}]}<\/script>\n<!-- \/ Yoast SEO plugin. -->","yoast_head_json":{"title":"MSJ Technology | Preisangebot","robots":{"index":"index","follow":"follow","max-snippet":"max-snippet:-1","max-image-preview":"max-image-preview:large","max-video-preview":"max-video-preview:-1"},"canonical":"https:\/\/msjtechnology.com\/de\/preisangebot\/","og_locale":"de_DE","og_type":"article","og_title":"MSJ Technology | Preisangebot","og_description":"EIN ANGEBOT Interessiert an unseren Dienstleistungen? ANGEBOT IN WENIGER ALS 8 STUNDEN F\u00fcllen Sie das folgende Vorkontaktformular aus und wir unterbreiten Ihnen gerne ein individuelles Angebot f\u00fcr Ihr Projekt. Wir werden uns schnellstm\u00f6glich mit Ihnen in Verbindung setzen, um Ihre Bed\u00fcrfnisse zu besprechen und Ihnen ma\u00dfgeschneiderte L\u00f6sungen anzubieten.","og_url":"https:\/\/msjtechnology.com\/de\/preisangebot\/","og_site_name":"MSJ Technology","article_modified_time":"2024-07-10T13:00:11+00:00","og_image":[{"width":500,"height":500,"url":"https:\/\/msjtechnology.com\/wp-content\/uploads\/2024\/07\/msj-technology-blog-bienvenidos-2024.jpg","type":"image\/jpeg"}],"twitter_card":"summary_large_image","schema":{"@context":"https:\/\/schema.org","@graph":[{"@type":"WebPage","@id":"https:\/\/msjtechnology.com\/de\/preisangebot\/","url":"https:\/\/msjtechnology.com\/de\/preisangebot\/","name":"MSJ Technology | Preisangebot","isPartOf":{"@id":"https:\/\/msjtechnology.com\/de\/#website"},"datePublished":"2023-08-29T09:06:41+00:00","dateModified":"2024-07-10T13:00:11+00:00","breadcrumb":{"@id":"https:\/\/msjtechnology.com\/de\/preisangebot\/#breadcrumb"},"inLanguage":"de","potentialAction":[{"@type":"ReadAction","target":["https:\/\/msjtechnology.com\/de\/preisangebot\/"]}]},{"@type":"BreadcrumbList","@id":"https:\/\/msjtechnology.com\/de\/preisangebot\/#breadcrumb","itemListElement":[{"@type":"ListItem","position":1,"name":"Portada","item":"https:\/\/msjtechnology.com\/de\/"},{"@type":"ListItem","position":2,"name":"Preisangebot"}]},{"@type":"WebSite","@id":"https:\/\/msjtechnology.com\/de\/#website","url":"https:\/\/msjtechnology.com\/de\/","name":"MSJ Technology","description":"Mecanizado de precisi\u00f3n","publisher":{"@id":"https:\/\/msjtechnology.com\/de\/#organization"},"alternateName":"MSJ Technology","potentialAction":[{"@type":"SearchAction","target":{"@type":"EntryPoint","urlTemplate":"https:\/\/msjtechnology.com\/de\/?s={search_term_string}"},"query-input":{"@type":"PropertyValueSpecification","valueRequired":true,"valueName":"search_term_string"}}],"inLanguage":"de"},{"@type":"Organization","@id":"https:\/\/msjtechnology.com\/de\/#organization","name":"MSJ Technology","url":"https:\/\/msjtechnology.com\/de\/","logo":{"@type":"ImageObject","inLanguage":"de","@id":"https:\/\/msjtechnology.com\/de\/#\/schema\/logo\/image\/","url":"https:\/\/msjtechnology.com\/wp-content\/uploads\/2024\/07\/msj-technology-blog-bienvenidos-2024.jpg","contentUrl":"https:\/\/msjtechnology.com\/wp-content\/uploads\/2024\/07\/msj-technology-blog-bienvenidos-2024.jpg","width":500,"height":500,"caption":"MSJ Technology"},"image":{"@id":"https:\/\/msjtechnology.com\/de\/#\/schema\/logo\/image\/"},"sameAs":["https:\/\/www.instagram.com\/msjtechnologyspain\/","http:\/\/linkedin.com\/company\/msj-technology"]}]}},"_links":{"self":[{"href":"https:\/\/msjtechnology.com\/de\/wp-json\/wp\/v2\/pages\/1140","targetHints":{"allow":["GET"]}}],"collection":[{"href":"https:\/\/msjtechnology.com\/de\/wp-json\/wp\/v2\/pages"}],"about":[{"href":"https:\/\/msjtechnology.com\/de\/wp-json\/wp\/v2\/types\/page"}],"author":[{"embeddable":true,"href":"https:\/\/msjtechnology.com\/de\/wp-json\/wp\/v2\/users\/2"}],"replies":[{"embeddable":true,"href":"https:\/\/msjtechnology.com\/de\/wp-json\/wp\/v2\/comments?post=1140"}],"version-history":[{"count":0,"href":"https:\/\/msjtechnology.com\/de\/wp-json\/wp\/v2\/pages\/1140\/revisions"}],"wp:attachment":[{"href":"https:\/\/msjtechnology.com\/de\/wp-json\/wp\/v2\/media?parent=1140"}],"curies":[{"name":"wp","href":"https:\/\/api.w.org\/{rel}","templated":true}]}}