{"id":1148,"date":"2023-07-13T07:25:56","date_gmt":"2023-07-13T05:25:56","guid":{"rendered":"https:\/\/msjtechnology.com\/datenschutz\/"},"modified":"2024-05-15T13:19:29","modified_gmt":"2024-05-15T11:19:29","slug":"datenschutz","status":"publish","type":"page","link":"https:\/\/msjtechnology.com\/de\/datenschutz\/","title":{"rendered":"DATENSCHUTZ"},"content":{"rendered":"\n<p>Angaben zum Website-Inhaber:<\/p>\n\n<ul class=\"wp-block-list\">\n<li><strong>FIRMENNAME:<\/strong> MSJ TECHNOLOGY SL.<\/li>\n\n\n\n<li><strong>NIF<\/strong>: B66926007<\/li>\n\n\n\n<li><strong>DOMAIN<\/strong>: WWW.MSJTECHNOLOGY.COM<\/li>\n\n\n\n<li><strong>POSTANSCHRIFT<\/strong>: C\/LES VALLS,35 3\u00ba1\u00aa,08201 SABADELL(BARCELONA)<\/li>\n\n\n\n<li><strong>EMAIL<\/strong>: INFO@MSJTECHNOLOGY.COM<\/li>\n\n\n\n<li><strong>TELEFONE<\/strong>: 936550535<\/li>\n\n\n\n<li>REGISTRIERUNGSNUMMER \/ ZUS\u00c4TZLICHE DATEN<\/li>\n<\/ul>\n\n<p><\/p>\n\n<div style=\"height:20px\" aria-hidden=\"true\" class=\"wp-block-spacer\"><\/div>\n\n<p>Datenschutz<\/p>\n\n<p>Gem\u00e4\u00df den geltenden und geltenden Vorschriften zum Schutz personenbezogener Daten informieren wir Sie dar\u00fcber, dass Ihre Daten in das Verarbeitungssystem von MSJ TECHNOLOGY SL aufgenommen werden. mit NIF B66926007 und eingetragenem Firmensitz in C\/LES VALLS,35 3\u00ba1\u00aa,08201 SABADELL (BARCELONA). Nachfolgend geben wir die wichtigsten Aspekte der durchgef\u00fchrten Behandlungen an:  <\/p>\n\n<div style=\"height:100px\" aria-hidden=\"true\" class=\"wp-block-spacer\"><\/div>\n\n<h3 class=\"wp-block-heading\">DURCHGEF\u00dcHRTE BEHANDLUNGEN<\/h3>\n\n<div style=\"height:20px\" aria-hidden=\"true\" class=\"wp-block-spacer\"><\/div>\n\n<h4 class=\"wp-block-heading\">Webformular f\u00fcr kommerzielle Aktionen<\/h4>\n\n<ul class=\"wp-block-list\">\n<li>Zweck: Erhebung, Registrierung und Verarbeitung von Daten zum Zwecke der Beantwortung Ihrer Anfragen und\/oder W\u00fcnsche sowie der Werbung und kommerziellen Akquise.<\/li>\n\n\n\n<li>Aufbewahrungszeitraum: Solange die erteilte Einwilligung aufrechterhalten wird, sofern keine gesetzliche Verpflichtung besteht.<\/li>\n\n\n\n<li>Legitimit\u00e4t: Die Zustimmung des Interessenten.<\/li>\n\n\n\n<li>Datentypologie:<\/li>\n\n\n\n<li>Grunddaten: Vor- und Nachname, E-Mail-Adresse<\/li>\n<\/ul>\n\n<div style=\"height:20px\" aria-hidden=\"true\" class=\"wp-block-spacer\"><\/div>\n\n<h4 class=\"wp-block-heading\">Webbenutzerverwaltung<\/h4>\n\n<ul class=\"wp-block-list\">\n<li>Zweck: Erhebung, Registrierung und Verarbeitung von Nutzerdaten.<\/li>\n\n\n\n<li>Aufbewahrungszeitraum: Solange die erteilte Einwilligung aufrechterhalten wird, sofern keine gesetzliche Verpflichtung besteht.<\/li>\n\n\n\n<li>Legitimit\u00e4t: Die Zustimmung des Interessenten.<\/li>\n\n\n\n<li>Datentypologie:<\/li>\n\n\n\n<li>Grunddaten: Vor- und Nachname, E-Mail-Adresse<\/li>\n<\/ul>\n\n<div style=\"height:20px\" aria-hidden=\"true\" class=\"wp-block-spacer\"><\/div>\n\n<h4 class=\"wp-block-heading\">Cookie-Installation<\/h4>\n\n<ul class=\"wp-block-list\">\n<li>Zweck: Verwaltung und Installation von Cookies.<\/li>\n\n\n\n<li>Aufbewahrungszeitraum: solange die erteilte Einwilligung aufrecht erhalten bleibt.<\/li>\n\n\n\n<li>Legitimit\u00e4t: Die Zustimmung des Interessenten.<\/li>\n\n\n\n<li>Datentypologie:<\/li>\n\n\n\n<li>Grunddaten: E-Mail-Adresse, IP-Adresse<\/li>\n<\/ul>\n\n<div style=\"height:20px\" aria-hidden=\"true\" class=\"wp-block-spacer\"><\/div>\n\n<h4 class=\"wp-block-heading\">Newsletter<\/h4>\n\n<ul class=\"wp-block-list\">\n<li>Zweck: Verwaltung des Abonnements des Newsletters, um die entsprechenden Sendungen durchzuf\u00fchren.<\/li>\n\n\n\n<li>Aufbewahrungszeitraum: solange die erteilte Einwilligung aufrecht erhalten bleibt.<\/li>\n\n\n\n<li>Legitimit\u00e4t: Die Zustimmung des Interessenten.<\/li>\n\n\n\n<li>Datentypologie:<\/li>\n\n\n\n<li>Grunddaten: Vor- und Nachname, E-Mail-Adresse<\/li>\n<\/ul>\n\n<div style=\"height:20px\" aria-hidden=\"true\" class=\"wp-block-spacer\"><\/div>\n\n<h4 class=\"wp-block-heading\">Webformularverwaltung<\/h4>\n\n<ul class=\"wp-block-list\">\n<li>Zweck: Beantwortung Ihrer Fragen und\/oder W\u00fcnsche.<\/li>\n\n\n\n<li>Aufbewahrungszeitraum: solange die erteilte Einwilligung aufrecht erhalten bleibt.<\/li>\n\n\n\n<li>Legitimit\u00e4t: Die Zustimmung des Interessenten.<\/li>\n\n\n\n<li>Datentypologie:<\/li>\n\n\n\n<li>Grunddaten: Vor- und Nachname, E-Mail-Adresse, IP-Adresse<\/li>\n<\/ul>\n\n<div style=\"height:100px\" aria-hidden=\"true\" class=\"wp-block-spacer\"><\/div>\n\n<h3 class=\"wp-block-heading\">Rechte der Interessenten<\/h3>\n\n<p>MSJ TECHNOLOGY SL. informiert die Nutzer dar\u00fcber, dass sie das Recht auf Zugang, Berichtigung, Einschr\u00e4nkung, L\u00f6schung, \u00dcbertragbarkeit und Widerspruch gegen die Verarbeitung ihrer personenbezogenen Daten sowie das Recht, nicht automatisierten Entscheidungen, einschlie\u00dflich Profiling, unterliegen zu k\u00f6nnen, vor dem f\u00fcr die Verarbeitung Verantwortlichen aus\u00fcben k\u00f6nnen sowie den Widerruf der erteilten Einwilligung. <\/p>\n\n<ul class=\"wp-block-list\">\n<li>Auskunftsrecht: Der Nutzer hat das Recht, eine Best\u00e4tigung dar\u00fcber zu erhalten, ob seine Daten verarbeitet werden und in diesem Fall die konkret verarbeiteten personenbezogenen Daten sowie die rechtlichen Informationen der Verarbeitung (Zwecke, Rechtsgrundlage, Aufbewahrungsfristen, \u00dcbermittlungen, Herkunft). von Daten usw.).<\/li>\n\n\n\n<li>Recht auf Berichtigung: Es ist das Recht der betroffenen Person, Daten \u00e4ndern zu lassen, die sich als unrichtig oder unvollst\u00e4ndig erweisen. In Bezug auf die Website kann diese nur in Bezug auf die Informationen erf\u00fcllt werden, die unter der Kontrolle der Website stehen, beispielsweise durch die L\u00f6schung von auf der Seite selbst ver\u00f6ffentlichten Kommentaren, Bildern oder Webinhalten, die personenbezogene Daten des Benutzers enthalten. <\/li>\n\n\n\n<li>Recht auf Einschr\u00e4nkung der Verarbeitung: Hierbei handelt es sich um das Recht, die vom f\u00fcr die Verarbeitung Verantwortlichen urspr\u00fcnglich geplanten Zwecke der Verarbeitung in bestimmten F\u00e4llen einzuschr\u00e4nken.<\/li>\n\n\n\n<li>Recht auf L\u00f6schung: Es handelt sich um das Recht, die personenbezogenen Daten des Nutzers zu l\u00f6schen, sofern in der DSGVO selbst nichts anderes vorgesehen ist (Meinungs- und Informationsfreiheit, Aufbewahrungspflichten, Geltendmachung, Aus\u00fcbung oder Verteidigung von Anspr\u00fcchen usw.).<\/li>\n\n\n\n<li>Recht auf Portabilit\u00e4t: Das Recht, die vom Nutzer bereitgestellten personenbezogenen Daten in einem strukturierten, g\u00e4ngigen und maschinenlesbaren Format zu erhalten und an einen anderen Verantwortlichen zu \u00fcbermitteln, wenn die Verarbeitung auf einer Einwilligung oder der Ausf\u00fchrung eines Vertrags beruht. und erfolgt automatisiert.<\/li>\n\n\n\n<li>Widerspruchsrecht: Der Nutzer hat das Recht, seine personenbezogenen Daten nicht verarbeiten zu lassen oder deren Verarbeitung durch die Website einzustellen, wenn die Verarbeitung auf einem berechtigten oder \u00f6ffentlichen Interesse beruht oder wenn es um Direktmarketing geht.<\/li>\n\n\n\n<li>Recht, nicht automatisierten Entscheidungen, einschlie\u00dflich Profiling, unterworfen zu werden: Wenn die Verarbeitung nicht f\u00fcr den Abschluss oder die Ausf\u00fchrung eines Vertrags erforderlich ist, weder durch das Recht der Europ\u00e4ischen Union oder der Mitgliedstaaten zul\u00e4ssig ist noch auf einer Einwilligung beruht, Sie haben das Recht, nicht einer ausschlie\u00dflich auf einer automatisierten Verarbeitung \u2013 einschlie\u00dflich Profiling \u2013 beruhenden Entscheidung unterworfen zu werden, die Ihnen rechtliche Wirkung entfaltet oder Sie in \u00e4hnlicher Weise erheblich beeintr\u00e4chtigt.<\/li>\n\n\n\n<li>Recht auf Widerruf der Einwilligung: F\u00fcr jede Verarbeitung, die auf Ihrer Einwilligung basiert, haben Sie das Recht, diese jederzeit und kostenlos zu widerrufen.<\/li>\n<\/ul>\n\n<div style=\"height:50px\" aria-hidden=\"true\" class=\"wp-block-spacer\"><\/div>\n\n<p>Um eines der oben beschriebenen Datenschutzrechte auszu\u00fcben, m\u00fcssen Sie die folgenden Anweisungen befolgen:<\/p>\n\n<ul class=\"wp-block-list\">\n<li>Einreichen eines Briefes an die Adresse C\/LES VALLS,35 3\u00ba1\u00aa,08201 SABADELL (BARCELONA) (zu H\u00e4nden von MSJ TECHNOLOGY SL.) oder per E-Mail an INFO@MSJTECHNOLOGY.COM.<\/li>\n\n\n\n<li>Das vom Inhaber der personenbezogenen Daten (Interessent) versandte Schreiben mit der Bitte um Aus\u00fcbung der Rechte muss Folgendes ber\u00fccksichtigen:\n<ul class=\"wp-block-list\">\n<li>Sie m\u00fcssen sich zuverl\u00e4ssig ausweisen und werden im Falle von Zweifeln an der Identit\u00e4t des Antragstellers aufgefordert, die Anfrage zu korrigieren (z. B. durch die Anforderung weiterer Informationen wie der DNI-Nummer, <sup data-fn=\"1687cfd5-ef7a-4d84-afdd-562182ac3a50\" class=\"fn\"><a href=\"#1687cfd5-ef7a-4d84-afdd-562182ac3a50\" id=\"1687cfd5-ef7a-4d84-afdd-562182ac3a50-link\">1<\/a><\/sup> des DNI-Dokuments, der E-Mail-Adresse usw.). bereitgestellt). <\/li>\n\n\n\n<li>Der Antrag kann vom gesetzlichen oder freiwilligen Vertreter gestellt werden, wenn er oder sie vom Eigent\u00fcmer der Daten ordnungsgem\u00e4\u00df identifiziert und autorisiert wurde (durch ausdr\u00fcckliche Genehmigung des Eigent\u00fcmers zur Aus\u00fcbung der in den Vorschriften zum Schutz personenbezogener Daten geregelten sehr pers\u00f6nlichen Rechte). Daten).<\/li>\n\n\n\n<li>Petition, in der der Antrag konkretisiert wird (Rechte, die ausge\u00fcbt werden sollen). Wenn Sie sich nicht auf eine bestimmte Behandlung beziehen, erhalten Sie eine Antwort in Bezug auf alle Behandlungen, die Ihre personenbezogenen Daten betreffen. Wenn Sie Informationen zu einer bestimmten Behandlung anfordern, nur die Informationen dar\u00fcber. Wenn Sie dies telefonisch anfordern, werden Sie dazu schriftlich aufgefordert und Ihnen wird mitgeteilt, wie Sie dies tun k\u00f6nnen und an welche Adresse Sie es senden m\u00fcssen. Am Telefon erhalten Sie niemals Auskunft.    <\/li>\n\n\n\n<li>Post- oder E-Mail-Adresse f\u00fcr Benachrichtigungszwecke.<\/li>\n\n\n\n<li>Gegebenenfalls Unterlagen zur Untermauerung Ihrer Anfrage.<\/li>\n\n\n\n<li>Der Antragsteller muss alle Mittel verwenden, die einen Nachweis \u00fcber das Absenden und Empfangen des Antrags erm\u00f6glichen.<\/li>\n<\/ul>\n<\/li>\n<\/ul>\n\n<ol class=\"wp-block-list\"><\/ol>\n\n<div style=\"height:50px\" aria-hidden=\"true\" class=\"wp-block-spacer\"><\/div>\n\n<p>Abschlie\u00dfend m\u00f6chten wir Sie dar\u00fcber informieren, dass Sie das Recht haben, eine Beschwerde bei der spanischen Datenschutzbeh\u00f6rde einzureichen, wenn Sie wissen oder der Ansicht sind, dass ein Vorfall einen Versto\u00df gegen die geltenden Datenschutzbestimmungen darstellen k\u00f6nnte.<\/p>\n\n<p>MSJ TECHNOLOGY SL. verpflichtet sich, die erforderlichen technischen und organisatorischen Ma\u00dfnahmen entsprechend dem Grad der Risiken zu ergreifen, die mit den von ihnen durchgef\u00fchrten Behandlungen einhergehen und im Abschnitt \u201eNutzungsbedingungen\u201c angegeben sind, um deren Integrit\u00e4t, Vertraulichkeit und Verf\u00fcgbarkeit zu gew\u00e4hrleisten. <\/p>\n\n<p>Letzte Aktualisierung: 25. Dezember 2023<\/p>\n","protected":false},"excerpt":{"rendered":"<p>Angaben zum Website-Inhaber: Datenschutz Gem\u00e4\u00df den geltenden und geltenden Vorschriften zum Schutz personenbezogener Daten informieren wir Sie dar\u00fcber, dass Ihre Daten in das Verarbeitungssystem von MSJ TECHNOLOGY SL aufgenommen werden. mit NIF B66926007 und eingetragenem Firmensitz in C\/LES VALLS,35 3\u00ba1\u00aa,08201 SABADELL (BARCELONA). Nachfolgend geben wir die wichtigsten Aspekte der durchgef\u00fchrten Behandlungen an: DURCHGEF\u00dcHRTE BEHANDLUNGEN Webformular [&hellip;]<\/p>\n","protected":false},"author":2,"featured_media":0,"parent":0,"menu_order":9,"comment_status":"closed","ping_status":"closed","template":"","meta":{"footnotes":""},"class_list":["post-1148","page","type-page","status-publish","hentry"],"yoast_head":"<!-- This site is optimized with the Yoast SEO plugin v27.4 - https:\/\/yoast.com\/product\/yoast-seo-wordpress\/ -->\n<title>MSJ Technology | DATENSCHUTZ<\/title>\n<meta name=\"robots\" content=\"index, follow, max-snippet:-1, max-image-preview:large, max-video-preview:-1\" \/>\n<link rel=\"canonical\" href=\"https:\/\/msjtechnology.com\/de\/datenschutz\/\" \/>\n<meta property=\"og:locale\" content=\"de_DE\" \/>\n<meta property=\"og:type\" content=\"article\" \/>\n<meta property=\"og:title\" content=\"MSJ Technology | DATENSCHUTZ\" \/>\n<meta property=\"og:description\" content=\"Angaben zum Website-Inhaber: Datenschutz Gem\u00e4\u00df den geltenden und geltenden Vorschriften zum Schutz personenbezogener Daten informieren wir Sie dar\u00fcber, dass Ihre Daten in das Verarbeitungssystem von MSJ TECHNOLOGY SL aufgenommen werden. mit NIF B66926007 und eingetragenem Firmensitz in C\/LES VALLS,35 3\u00ba1\u00aa,08201 SABADELL (BARCELONA). Nachfolgend geben wir die wichtigsten Aspekte der durchgef\u00fchrten Behandlungen an: DURCHGEF\u00dcHRTE BEHANDLUNGEN Webformular [&hellip;]\" \/>\n<meta property=\"og:url\" content=\"https:\/\/msjtechnology.com\/de\/datenschutz\/\" \/>\n<meta property=\"og:site_name\" content=\"MSJ Technology\" \/>\n<meta property=\"article:modified_time\" content=\"2024-05-15T11:19:29+00:00\" \/>\n<meta property=\"og:image\" content=\"https:\/\/msjtechnology.com\/wp-content\/uploads\/2024\/07\/msj-technology-blog-bienvenidos-2024.jpg\" \/>\n\t<meta property=\"og:image:width\" content=\"500\" \/>\n\t<meta property=\"og:image:height\" content=\"500\" \/>\n\t<meta property=\"og:image:type\" content=\"image\/jpeg\" \/>\n<meta name=\"twitter:card\" content=\"summary_large_image\" \/>\n<meta name=\"twitter:label1\" content=\"Gesch\u00e4tzte Lesezeit\" \/>\n\t<meta name=\"twitter:data1\" content=\"5\u00a0Minuten\" \/>\n<script type=\"application\/ld+json\" class=\"yoast-schema-graph\">{\"@context\":\"https:\\\/\\\/schema.org\",\"@graph\":[{\"@type\":\"WebPage\",\"@id\":\"https:\\\/\\\/msjtechnology.com\\\/de\\\/datenschutz\\\/\",\"url\":\"https:\\\/\\\/msjtechnology.com\\\/de\\\/datenschutz\\\/\",\"name\":\"MSJ Technology | DATENSCHUTZ\",\"isPartOf\":{\"@id\":\"https:\\\/\\\/msjtechnology.com\\\/de\\\/#website\"},\"datePublished\":\"2023-07-13T05:25:56+00:00\",\"dateModified\":\"2024-05-15T11:19:29+00:00\",\"breadcrumb\":{\"@id\":\"https:\\\/\\\/msjtechnology.com\\\/de\\\/datenschutz\\\/#breadcrumb\"},\"inLanguage\":\"de\",\"potentialAction\":[{\"@type\":\"ReadAction\",\"target\":[\"https:\\\/\\\/msjtechnology.com\\\/de\\\/datenschutz\\\/\"]}]},{\"@type\":\"BreadcrumbList\",\"@id\":\"https:\\\/\\\/msjtechnology.com\\\/de\\\/datenschutz\\\/#breadcrumb\",\"itemListElement\":[{\"@type\":\"ListItem\",\"position\":1,\"name\":\"Portada\",\"item\":\"https:\\\/\\\/msjtechnology.com\\\/de\\\/\"},{\"@type\":\"ListItem\",\"position\":2,\"name\":\"DATENSCHUTZ\"}]},{\"@type\":\"WebSite\",\"@id\":\"https:\\\/\\\/msjtechnology.com\\\/de\\\/#website\",\"url\":\"https:\\\/\\\/msjtechnology.com\\\/de\\\/\",\"name\":\"MSJ Technology\",\"description\":\"Mecanizado de precisi\u00f3n\",\"publisher\":{\"@id\":\"https:\\\/\\\/msjtechnology.com\\\/de\\\/#organization\"},\"alternateName\":\"MSJ Technology\",\"potentialAction\":[{\"@type\":\"SearchAction\",\"target\":{\"@type\":\"EntryPoint\",\"urlTemplate\":\"https:\\\/\\\/msjtechnology.com\\\/de\\\/?s={search_term_string}\"},\"query-input\":{\"@type\":\"PropertyValueSpecification\",\"valueRequired\":true,\"valueName\":\"search_term_string\"}}],\"inLanguage\":\"de\"},{\"@type\":\"Organization\",\"@id\":\"https:\\\/\\\/msjtechnology.com\\\/de\\\/#organization\",\"name\":\"MSJ Technology\",\"url\":\"https:\\\/\\\/msjtechnology.com\\\/de\\\/\",\"logo\":{\"@type\":\"ImageObject\",\"inLanguage\":\"de\",\"@id\":\"https:\\\/\\\/msjtechnology.com\\\/de\\\/#\\\/schema\\\/logo\\\/image\\\/\",\"url\":\"https:\\\/\\\/msjtechnology.com\\\/wp-content\\\/uploads\\\/2024\\\/07\\\/msj-technology-blog-bienvenidos-2024.jpg\",\"contentUrl\":\"https:\\\/\\\/msjtechnology.com\\\/wp-content\\\/uploads\\\/2024\\\/07\\\/msj-technology-blog-bienvenidos-2024.jpg\",\"width\":500,\"height\":500,\"caption\":\"MSJ Technology\"},\"image\":{\"@id\":\"https:\\\/\\\/msjtechnology.com\\\/de\\\/#\\\/schema\\\/logo\\\/image\\\/\"},\"sameAs\":[\"https:\\\/\\\/www.instagram.com\\\/msjtechnologyspain\\\/\",\"http:\\\/\\\/linkedin.com\\\/company\\\/msj-technology\"]}]}<\/script>\n<!-- \/ Yoast SEO plugin. -->","yoast_head_json":{"title":"MSJ Technology | DATENSCHUTZ","robots":{"index":"index","follow":"follow","max-snippet":"max-snippet:-1","max-image-preview":"max-image-preview:large","max-video-preview":"max-video-preview:-1"},"canonical":"https:\/\/msjtechnology.com\/de\/datenschutz\/","og_locale":"de_DE","og_type":"article","og_title":"MSJ Technology | DATENSCHUTZ","og_description":"Angaben zum Website-Inhaber: Datenschutz Gem\u00e4\u00df den geltenden und geltenden Vorschriften zum Schutz personenbezogener Daten informieren wir Sie dar\u00fcber, dass Ihre Daten in das Verarbeitungssystem von MSJ TECHNOLOGY SL aufgenommen werden. mit NIF B66926007 und eingetragenem Firmensitz in C\/LES VALLS,35 3\u00ba1\u00aa,08201 SABADELL (BARCELONA). Nachfolgend geben wir die wichtigsten Aspekte der durchgef\u00fchrten Behandlungen an: DURCHGEF\u00dcHRTE BEHANDLUNGEN Webformular [&hellip;]","og_url":"https:\/\/msjtechnology.com\/de\/datenschutz\/","og_site_name":"MSJ Technology","article_modified_time":"2024-05-15T11:19:29+00:00","og_image":[{"width":500,"height":500,"url":"https:\/\/msjtechnology.com\/wp-content\/uploads\/2024\/07\/msj-technology-blog-bienvenidos-2024.jpg","type":"image\/jpeg"}],"twitter_card":"summary_large_image","twitter_misc":{"Gesch\u00e4tzte Lesezeit":"5\u00a0Minuten"},"schema":{"@context":"https:\/\/schema.org","@graph":[{"@type":"WebPage","@id":"https:\/\/msjtechnology.com\/de\/datenschutz\/","url":"https:\/\/msjtechnology.com\/de\/datenschutz\/","name":"MSJ Technology | DATENSCHUTZ","isPartOf":{"@id":"https:\/\/msjtechnology.com\/de\/#website"},"datePublished":"2023-07-13T05:25:56+00:00","dateModified":"2024-05-15T11:19:29+00:00","breadcrumb":{"@id":"https:\/\/msjtechnology.com\/de\/datenschutz\/#breadcrumb"},"inLanguage":"de","potentialAction":[{"@type":"ReadAction","target":["https:\/\/msjtechnology.com\/de\/datenschutz\/"]}]},{"@type":"BreadcrumbList","@id":"https:\/\/msjtechnology.com\/de\/datenschutz\/#breadcrumb","itemListElement":[{"@type":"ListItem","position":1,"name":"Portada","item":"https:\/\/msjtechnology.com\/de\/"},{"@type":"ListItem","position":2,"name":"DATENSCHUTZ"}]},{"@type":"WebSite","@id":"https:\/\/msjtechnology.com\/de\/#website","url":"https:\/\/msjtechnology.com\/de\/","name":"MSJ Technology","description":"Mecanizado de precisi\u00f3n","publisher":{"@id":"https:\/\/msjtechnology.com\/de\/#organization"},"alternateName":"MSJ Technology","potentialAction":[{"@type":"SearchAction","target":{"@type":"EntryPoint","urlTemplate":"https:\/\/msjtechnology.com\/de\/?s={search_term_string}"},"query-input":{"@type":"PropertyValueSpecification","valueRequired":true,"valueName":"search_term_string"}}],"inLanguage":"de"},{"@type":"Organization","@id":"https:\/\/msjtechnology.com\/de\/#organization","name":"MSJ Technology","url":"https:\/\/msjtechnology.com\/de\/","logo":{"@type":"ImageObject","inLanguage":"de","@id":"https:\/\/msjtechnology.com\/de\/#\/schema\/logo\/image\/","url":"https:\/\/msjtechnology.com\/wp-content\/uploads\/2024\/07\/msj-technology-blog-bienvenidos-2024.jpg","contentUrl":"https:\/\/msjtechnology.com\/wp-content\/uploads\/2024\/07\/msj-technology-blog-bienvenidos-2024.jpg","width":500,"height":500,"caption":"MSJ Technology"},"image":{"@id":"https:\/\/msjtechnology.com\/de\/#\/schema\/logo\/image\/"},"sameAs":["https:\/\/www.instagram.com\/msjtechnologyspain\/","http:\/\/linkedin.com\/company\/msj-technology"]}]}},"_links":{"self":[{"href":"https:\/\/msjtechnology.com\/de\/wp-json\/wp\/v2\/pages\/1148","targetHints":{"allow":["GET"]}}],"collection":[{"href":"https:\/\/msjtechnology.com\/de\/wp-json\/wp\/v2\/pages"}],"about":[{"href":"https:\/\/msjtechnology.com\/de\/wp-json\/wp\/v2\/types\/page"}],"author":[{"embeddable":true,"href":"https:\/\/msjtechnology.com\/de\/wp-json\/wp\/v2\/users\/2"}],"replies":[{"embeddable":true,"href":"https:\/\/msjtechnology.com\/de\/wp-json\/wp\/v2\/comments?post=1148"}],"version-history":[{"count":0,"href":"https:\/\/msjtechnology.com\/de\/wp-json\/wp\/v2\/pages\/1148\/revisions"}],"wp:attachment":[{"href":"https:\/\/msjtechnology.com\/de\/wp-json\/wp\/v2\/media?parent=1148"}],"curies":[{"name":"wp","href":"https:\/\/api.w.org\/{rel}","templated":true}]}}