{"id":1150,"date":"2024-03-22T09:17:37","date_gmt":"2024-03-22T08:17:37","guid":{"rendered":"https:\/\/msjtechnology.com\/datenschutzrichtlinien-fur-soziale-netzwerke\/"},"modified":"2024-05-15T13:26:31","modified_gmt":"2024-05-15T11:26:31","slug":"datenschutzrichtlinien-fur-soziale-netzwerke","status":"publish","type":"page","link":"https:\/\/msjtechnology.com\/de\/datenschutzrichtlinien-fur-soziale-netzwerke\/","title":{"rendered":"DATENSCHUTZRICHTLINIEN F\u00dcR SOZIALE NETZWERKE"},"content":{"rendered":"\n<p>In \u00dcbereinstimmung mit den Bestimmungen der aktuellen und anwendbaren Vorschriften zum Schutz personenbezogener Daten und des Gesetzes 34\/2002 vom 11. Juli \u00fcber Dienste der Informationsgesellschaft und elektronischen Handel (LSSI-CE), MSJ TECHNOLOGY SL. informiert die Benutzer dar\u00fcber, dass sie ein Profil in den sozialen Netzwerken Instagram und Linkedin erstellt hat, mit dem Hauptzweck, ihre Produkte und Dienstleistungen zu bewerben. <\/p>\n\n<p>Daten von MSJ TECHNOLOGY SL.:<\/p>\n\n<ul class=\"wp-block-list\">\n<li>NIF: B66926007<\/li>\n\n\n\n<li>ADRESSE: C\/LES VALLS,35 3\u00ba1\u00aa,08201 SABADELL(BARCELONA)<\/li>\n\n\n\n<li>EMAIL: INFO@MSJTECHNOLOGY.COM<\/li>\n<\/ul>\n\n<div style=\"height:20px\" aria-hidden=\"true\" class=\"wp-block-spacer\"><\/div>\n\n<p>Der Benutzer verf\u00fcgt \u00fcber ein Profil im selben sozialen Netzwerk und hat sich entschieden, der von MSJ TECHNOLOGY SL erstellten Seite beizutreten, und zeigt damit Interesse an den im Netzwerk beworbenen Informationen Verarbeitung der in Ihrem Profil ver\u00f6ffentlichten personenbezogenen Daten.<\/p>\n\n<p>Der Nutzer kann jederzeit auf die Datenschutzrichtlinien des sozialen Netzwerks selbst zugreifen<br\/>Konfigurieren Sie Ihr Profil, um Ihre Privatsph\u00e4re zu gew\u00e4hrleisten.<\/p>\n\n<p>MSJ TECHNOLOGY SL. hat Zugriff auf die \u00f6ffentlichen Daten des Nutzers, insbesondere seinen Kontaktnamen, und verarbeitet diese. Diese Daten werden nur innerhalb des sozialen Netzwerks selbst verwendet. Sie sind in kein Behandlungssystem eingebunden. <\/p>\n\n<div style=\"height:100px\" aria-hidden=\"true\" class=\"wp-block-spacer\"><\/div>\n\n<h3 class=\"wp-block-heading\">Rechte der Interessenten<\/h3>\n\n<p>In Bezug auf die Rechte auf Zugriff, Berichtigung, Einschr\u00e4nkung der Verarbeitung, L\u00f6schung, \u00dcbertragbarkeit und Widerspruch gegen die Verarbeitung Ihrer personenbezogenen Daten, die Sie haben und die gem\u00e4\u00df der DSGVO vor MSJ TECHNOLOGY SL ausge\u00fcbt werden k\u00f6nnen, sollten Sie diese wahrnehmen Ber\u00fccksichtigen Sie die folgenden Nuancen:<\/p>\n\n<ul class=\"wp-block-list\">\n<li>Auskunftsrecht: Es handelt sich um das Recht des Nutzers, Auskunft \u00fcber seine spezifischen personenbezogenen Daten und die durchgef\u00fchrte oder durchgef\u00fchrte Verarbeitung sowie \u00fcber die verf\u00fcgbaren Informationen \u00fcber die Herkunft dieser Daten und die erfolgten oder geplanten Kommunikationen zu erhalten ihnen. .<\/li>\n\n\n\n<li>Recht auf Berichtigung: Die betroffene Person hat das Recht, Daten \u00e4ndern zu lassen, die sich als unrichtig oder unvollst\u00e4ndig erweisen. Die Erf\u00fcllung kann nur in Bezug auf Informationen erfolgen, die unter der Kontrolle von MSJ TECHNOLOGY SL stehen, beispielsweise die L\u00f6schung von auf der Seite selbst ver\u00f6ffentlichten Kommentaren, Bildern oder Webinhalten, die personenbezogene Daten des Benutzers enthalten.<\/li>\n\n\n\n<li>Recht auf Einschr\u00e4nkung der Verarbeitung: Es handelt sich um das Recht, die vom Datenverantwortlichen urspr\u00fcnglich beabsichtigten Zwecke der Verarbeitung einzuschr\u00e4nken. <\/li>\n\n\n\n<li>Recht auf L\u00f6schung: Es handelt sich um das Recht, die personenbezogenen Daten des Nutzers rechtzeitig zu l\u00f6schen, sofern dies nicht in der DSGVO selbst oder in anderen geltenden Vorschriften vorgesehen ist, die die Verpflichtung zur Aufbewahrung dieser Daten festlegen.<\/li>\n\n\n\n<li>Recht auf Portabilit\u00e4t: Das Recht, die vom Nutzer bereitgestellten personenbezogenen Daten in einem strukturierten, g\u00e4ngigen und maschinenlesbaren Format zu erhalten und an einen anderen Verantwortlichen zu \u00fcbermitteln.<\/li>\n\n\n\n<li>Widerspruchsrecht: Der Nutzer hat das Recht, die Verarbeitung seiner personenbezogenen Daten nicht zuzulassen oder deren Verarbeitung durch MSJ TECHNOLOGY SL einzustellen.<\/li>\n<\/ul>\n\n<div style=\"height:20px\" aria-hidden=\"true\" class=\"wp-block-spacer\"><\/div>\n\n<p>MSJ TECHNOLOGY SL. wird folgende Aktionen durchf\u00fchren: <\/p>\n\n<ul class=\"wp-block-list\">\n<li>Zugriff auf \u00f6ffentliche Profilinformationen.<\/li>\n\n\n\n<li>Ver\u00f6ffentlichung aller bereits auf der MSJ-Seite ver\u00f6ffentlichten Informationen im Benutzerprofil<\/li>\n\n\n\n<li>MSJ TECHNOLOGY SL..<\/li>\n\n\n\n<li>Senden Sie pers\u00f6nliche und individuelle Nachrichten \u00fcber die Kan\u00e4le des sozialen Netzwerks.<\/li>\n\n\n\n<li>Aktualisierungen des Seitenstatus, die im Profil des Benutzers ver\u00f6ffentlicht werden.<\/li>\n<\/ul>\n\n<div style=\"height:20px\" aria-hidden=\"true\" class=\"wp-block-spacer\"><\/div>\n\n<p>Der Benutzer kann seine Verbindungen jederzeit kontrollieren, Inhalte l\u00f6schen, die ihn nicht mehr interessieren, und einschr\u00e4nken, mit wem er seine Verbindungen teilt. Dazu muss er auf seine Datenschutzeinstellungen zugreifen.<\/p>\n\n<div style=\"height:100px\" aria-hidden=\"true\" class=\"wp-block-spacer\"><\/div>\n\n<h3 class=\"wp-block-heading\">Ver\u00f6ffentlichungen<\/h3>\n\n<p>Sobald der Benutzer der Seite von MSJ TECHNOLOGY SL beigetreten ist, kann er dort Kommentare, Links, Bilder oder Fotos oder jede andere Art von Multimedia-Inhalten ver\u00f6ffentlichen, die vom sozialen Netzwerk unterst\u00fctzt werden. Der Nutzer muss in jedem Fall deren Eigent\u00fcmer sein, \u00fcber Urheber- und geistige Eigentumsrechte verf\u00fcgen oder \u00fcber die Zustimmung der betroffenen Dritten verf\u00fcgen. Jegliche Ver\u00f6ffentlichung auf der Seite, egal ob Texte, Grafiken, Fotos, Videos etc., ist ausdr\u00fccklich untersagt. die gegen Moral, Ethik, guten Geschmack oder Anstand versto\u00dfen oder dies wahrscheinlich tun, und\/oder die geistige oder gewerbliche Eigentumsrechte, das Bildrecht oder das Gesetz verletzen, verletzen oder verletzen. In diesen F\u00e4llen ist MSJ TECHNOLOGY SL. beh\u00e4lt sich das Recht vor, den Inhalt sofort zu entfernen und kann die dauerhafte Sperrung des Nutzers verlangen.<\/p>\n\n<p>MSJ TECHNOLOGY SL. \u00fcbernimmt keine Verantwortung f\u00fcr die von einem Nutzer frei ver\u00f6ffentlichten Inhalte. <\/p>\n\n<p>Der Nutzer muss bedenken, dass seine Ver\u00f6ffentlichungen anderen Nutzern bekannt sind und er daher in erster Linie selbst f\u00fcr seine Privatsph\u00e4re verantwortlich ist.<\/p>\n\n<p>Die Bilder, die m\u00f6glicherweise auf der Seite ver\u00f6ffentlicht werden, werden in keinem Verarbeitungssystem von MSJ TECHNOLOGY SL gespeichert, sondern verbleiben im sozialen Netzwerk.<\/p>\n\n<div style=\"height:100px\" aria-hidden=\"true\" class=\"wp-block-spacer\"><\/div>\n\n<h3 class=\"wp-block-heading\">Wettbewerbe und Werbeaktionen<\/h3>\n\n<p>MSJ TECHNOLOGY SL. beh\u00e4lt sich das Recht vor, Wettbewerbe und Werbeaktionen durchzuf\u00fchren, an denen der mit seiner Seite verlinkte Benutzer teilnehmen kann. Die jeweiligen Grundlagen werden dort ver\u00f6ffentlicht, wenn die Plattform des sozialen Netzwerks zu diesem Zweck genutzt wird. Stets die LSSI-CE und alle anderen anwendbaren Standards einhalten.   <\/p>\n\n<p>Das soziale Netzwerk sponsert, unterst\u00fctzt oder verwaltet in keiner Weise unsere Werbeaktionen und steht auch nicht mit einer davon in Verbindung.<\/p>\n\n<div style=\"height:100px\" aria-hidden=\"true\" class=\"wp-block-spacer\"><\/div>\n\n<h3 class=\"wp-block-heading\">Werbung<\/h3>\n\n<p>MSJ TECHNOLOGY SL. wird das soziale Netzwerk nutzen, um f\u00fcr seine Produkte und Dienstleistungen zu werben. Wenn es sich jedoch dazu entschlie\u00dft, Ihre Kontaktdaten zur Durchf\u00fchrung direkter kommerzieller Akquiseaktionen zu verarbeiten, wird es stets die gesetzlichen Anforderungen der Datenschutzbestimmungen einhalten LSSI-CE. <\/p>\n\n<p>Das Empfehlen der Seite von MSJ TECHNOLOGY SL an andere Nutzer gilt nicht als Werbung. damit auch sie von den Aktionen profitieren oder \u00fcber Ihre Aktivit\u00e4ten informiert werden k\u00f6nnen. <\/p>\n\n<p>Nachfolgend erl\u00e4utern wir den Link zur Datenschutzerkl\u00e4rung des sozialen Netzwerks:<\/p>\n\n<p>Instagram: http:\/\/instagram.com\/about\/legal\/privacy\/<\/p>\n\n<p>Linkedin: https:\/\/es.linkedin.com\/legal\/privacy-policy<\/p>\n\n<p>Letzte Aktualisierung: 25. Dezember 2023<\/p>\n","protected":false},"excerpt":{"rendered":"<p>In \u00dcbereinstimmung mit den Bestimmungen der aktuellen und anwendbaren Vorschriften zum Schutz personenbezogener Daten und des Gesetzes 34\/2002 vom 11. Juli \u00fcber Dienste der Informationsgesellschaft und elektronischen Handel (LSSI-CE), MSJ TECHNOLOGY SL. informiert die Benutzer dar\u00fcber, dass sie ein Profil in den sozialen Netzwerken Instagram und Linkedin erstellt hat, mit dem Hauptzweck, ihre Produkte und [&hellip;]<\/p>\n","protected":false},"author":2,"featured_media":0,"parent":0,"menu_order":10,"comment_status":"closed","ping_status":"closed","template":"","meta":{"footnotes":""},"class_list":["post-1150","page","type-page","status-publish","hentry"],"yoast_head":"<!-- This site is optimized with the Yoast SEO plugin v27.4 - https:\/\/yoast.com\/product\/yoast-seo-wordpress\/ -->\n<title>MSJ Technology | DATENSCHUTZRICHTLINIEN F\u00dcR SOZIALE NETZWERKE<\/title>\n<meta name=\"robots\" content=\"index, follow, max-snippet:-1, max-image-preview:large, max-video-preview:-1\" \/>\n<link rel=\"canonical\" href=\"https:\/\/msjtechnology.com\/de\/datenschutzrichtlinien-fur-soziale-netzwerke\/\" \/>\n<meta property=\"og:locale\" content=\"de_DE\" \/>\n<meta property=\"og:type\" content=\"article\" \/>\n<meta property=\"og:title\" content=\"MSJ Technology | DATENSCHUTZRICHTLINIEN F\u00dcR SOZIALE NETZWERKE\" \/>\n<meta property=\"og:description\" content=\"In \u00dcbereinstimmung mit den Bestimmungen der aktuellen und anwendbaren Vorschriften zum Schutz personenbezogener Daten und des Gesetzes 34\/2002 vom 11. Juli \u00fcber Dienste der Informationsgesellschaft und elektronischen Handel (LSSI-CE), MSJ TECHNOLOGY SL. informiert die Benutzer dar\u00fcber, dass sie ein Profil in den sozialen Netzwerken Instagram und Linkedin erstellt hat, mit dem Hauptzweck, ihre Produkte und [&hellip;]\" \/>\n<meta property=\"og:url\" content=\"https:\/\/msjtechnology.com\/de\/datenschutzrichtlinien-fur-soziale-netzwerke\/\" \/>\n<meta property=\"og:site_name\" content=\"MSJ Technology\" \/>\n<meta property=\"article:modified_time\" content=\"2024-05-15T11:26:31+00:00\" \/>\n<meta property=\"og:image\" content=\"https:\/\/msjtechnology.com\/wp-content\/uploads\/2024\/07\/msj-technology-blog-bienvenidos-2024.jpg\" \/>\n\t<meta property=\"og:image:width\" content=\"500\" \/>\n\t<meta property=\"og:image:height\" content=\"500\" \/>\n\t<meta property=\"og:image:type\" content=\"image\/jpeg\" \/>\n<meta name=\"twitter:card\" content=\"summary_large_image\" \/>\n<meta name=\"twitter:label1\" content=\"Gesch\u00e4tzte Lesezeit\" \/>\n\t<meta name=\"twitter:data1\" content=\"5\u00a0Minuten\" \/>\n<script type=\"application\/ld+json\" class=\"yoast-schema-graph\">{\"@context\":\"https:\\\/\\\/schema.org\",\"@graph\":[{\"@type\":\"WebPage\",\"@id\":\"https:\\\/\\\/msjtechnology.com\\\/de\\\/datenschutzrichtlinien-fur-soziale-netzwerke\\\/\",\"url\":\"https:\\\/\\\/msjtechnology.com\\\/de\\\/datenschutzrichtlinien-fur-soziale-netzwerke\\\/\",\"name\":\"MSJ Technology | DATENSCHUTZRICHTLINIEN F\u00dcR SOZIALE NETZWERKE\",\"isPartOf\":{\"@id\":\"https:\\\/\\\/msjtechnology.com\\\/de\\\/#website\"},\"datePublished\":\"2024-03-22T08:17:37+00:00\",\"dateModified\":\"2024-05-15T11:26:31+00:00\",\"breadcrumb\":{\"@id\":\"https:\\\/\\\/msjtechnology.com\\\/de\\\/datenschutzrichtlinien-fur-soziale-netzwerke\\\/#breadcrumb\"},\"inLanguage\":\"de\",\"potentialAction\":[{\"@type\":\"ReadAction\",\"target\":[\"https:\\\/\\\/msjtechnology.com\\\/de\\\/datenschutzrichtlinien-fur-soziale-netzwerke\\\/\"]}]},{\"@type\":\"BreadcrumbList\",\"@id\":\"https:\\\/\\\/msjtechnology.com\\\/de\\\/datenschutzrichtlinien-fur-soziale-netzwerke\\\/#breadcrumb\",\"itemListElement\":[{\"@type\":\"ListItem\",\"position\":1,\"name\":\"Portada\",\"item\":\"https:\\\/\\\/msjtechnology.com\\\/de\\\/\"},{\"@type\":\"ListItem\",\"position\":2,\"name\":\"DATENSCHUTZRICHTLINIEN F\u00dcR SOZIALE NETZWERKE\"}]},{\"@type\":\"WebSite\",\"@id\":\"https:\\\/\\\/msjtechnology.com\\\/de\\\/#website\",\"url\":\"https:\\\/\\\/msjtechnology.com\\\/de\\\/\",\"name\":\"MSJ Technology\",\"description\":\"Mecanizado de precisi\u00f3n\",\"publisher\":{\"@id\":\"https:\\\/\\\/msjtechnology.com\\\/de\\\/#organization\"},\"alternateName\":\"MSJ Technology\",\"potentialAction\":[{\"@type\":\"SearchAction\",\"target\":{\"@type\":\"EntryPoint\",\"urlTemplate\":\"https:\\\/\\\/msjtechnology.com\\\/de\\\/?s={search_term_string}\"},\"query-input\":{\"@type\":\"PropertyValueSpecification\",\"valueRequired\":true,\"valueName\":\"search_term_string\"}}],\"inLanguage\":\"de\"},{\"@type\":\"Organization\",\"@id\":\"https:\\\/\\\/msjtechnology.com\\\/de\\\/#organization\",\"name\":\"MSJ Technology\",\"url\":\"https:\\\/\\\/msjtechnology.com\\\/de\\\/\",\"logo\":{\"@type\":\"ImageObject\",\"inLanguage\":\"de\",\"@id\":\"https:\\\/\\\/msjtechnology.com\\\/de\\\/#\\\/schema\\\/logo\\\/image\\\/\",\"url\":\"https:\\\/\\\/msjtechnology.com\\\/wp-content\\\/uploads\\\/2024\\\/07\\\/msj-technology-blog-bienvenidos-2024.jpg\",\"contentUrl\":\"https:\\\/\\\/msjtechnology.com\\\/wp-content\\\/uploads\\\/2024\\\/07\\\/msj-technology-blog-bienvenidos-2024.jpg\",\"width\":500,\"height\":500,\"caption\":\"MSJ Technology\"},\"image\":{\"@id\":\"https:\\\/\\\/msjtechnology.com\\\/de\\\/#\\\/schema\\\/logo\\\/image\\\/\"},\"sameAs\":[\"https:\\\/\\\/www.instagram.com\\\/msjtechnologyspain\\\/\",\"http:\\\/\\\/linkedin.com\\\/company\\\/msj-technology\"]}]}<\/script>\n<!-- \/ Yoast SEO plugin. -->","yoast_head_json":{"title":"MSJ Technology | DATENSCHUTZRICHTLINIEN F\u00dcR SOZIALE NETZWERKE","robots":{"index":"index","follow":"follow","max-snippet":"max-snippet:-1","max-image-preview":"max-image-preview:large","max-video-preview":"max-video-preview:-1"},"canonical":"https:\/\/msjtechnology.com\/de\/datenschutzrichtlinien-fur-soziale-netzwerke\/","og_locale":"de_DE","og_type":"article","og_title":"MSJ Technology | DATENSCHUTZRICHTLINIEN F\u00dcR SOZIALE NETZWERKE","og_description":"In \u00dcbereinstimmung mit den Bestimmungen der aktuellen und anwendbaren Vorschriften zum Schutz personenbezogener Daten und des Gesetzes 34\/2002 vom 11. Juli \u00fcber Dienste der Informationsgesellschaft und elektronischen Handel (LSSI-CE), MSJ TECHNOLOGY SL. informiert die Benutzer dar\u00fcber, dass sie ein Profil in den sozialen Netzwerken Instagram und Linkedin erstellt hat, mit dem Hauptzweck, ihre Produkte und [&hellip;]","og_url":"https:\/\/msjtechnology.com\/de\/datenschutzrichtlinien-fur-soziale-netzwerke\/","og_site_name":"MSJ Technology","article_modified_time":"2024-05-15T11:26:31+00:00","og_image":[{"width":500,"height":500,"url":"https:\/\/msjtechnology.com\/wp-content\/uploads\/2024\/07\/msj-technology-blog-bienvenidos-2024.jpg","type":"image\/jpeg"}],"twitter_card":"summary_large_image","twitter_misc":{"Gesch\u00e4tzte Lesezeit":"5\u00a0Minuten"},"schema":{"@context":"https:\/\/schema.org","@graph":[{"@type":"WebPage","@id":"https:\/\/msjtechnology.com\/de\/datenschutzrichtlinien-fur-soziale-netzwerke\/","url":"https:\/\/msjtechnology.com\/de\/datenschutzrichtlinien-fur-soziale-netzwerke\/","name":"MSJ Technology | DATENSCHUTZRICHTLINIEN F\u00dcR SOZIALE NETZWERKE","isPartOf":{"@id":"https:\/\/msjtechnology.com\/de\/#website"},"datePublished":"2024-03-22T08:17:37+00:00","dateModified":"2024-05-15T11:26:31+00:00","breadcrumb":{"@id":"https:\/\/msjtechnology.com\/de\/datenschutzrichtlinien-fur-soziale-netzwerke\/#breadcrumb"},"inLanguage":"de","potentialAction":[{"@type":"ReadAction","target":["https:\/\/msjtechnology.com\/de\/datenschutzrichtlinien-fur-soziale-netzwerke\/"]}]},{"@type":"BreadcrumbList","@id":"https:\/\/msjtechnology.com\/de\/datenschutzrichtlinien-fur-soziale-netzwerke\/#breadcrumb","itemListElement":[{"@type":"ListItem","position":1,"name":"Portada","item":"https:\/\/msjtechnology.com\/de\/"},{"@type":"ListItem","position":2,"name":"DATENSCHUTZRICHTLINIEN F\u00dcR SOZIALE NETZWERKE"}]},{"@type":"WebSite","@id":"https:\/\/msjtechnology.com\/de\/#website","url":"https:\/\/msjtechnology.com\/de\/","name":"MSJ Technology","description":"Mecanizado de precisi\u00f3n","publisher":{"@id":"https:\/\/msjtechnology.com\/de\/#organization"},"alternateName":"MSJ Technology","potentialAction":[{"@type":"SearchAction","target":{"@type":"EntryPoint","urlTemplate":"https:\/\/msjtechnology.com\/de\/?s={search_term_string}"},"query-input":{"@type":"PropertyValueSpecification","valueRequired":true,"valueName":"search_term_string"}}],"inLanguage":"de"},{"@type":"Organization","@id":"https:\/\/msjtechnology.com\/de\/#organization","name":"MSJ Technology","url":"https:\/\/msjtechnology.com\/de\/","logo":{"@type":"ImageObject","inLanguage":"de","@id":"https:\/\/msjtechnology.com\/de\/#\/schema\/logo\/image\/","url":"https:\/\/msjtechnology.com\/wp-content\/uploads\/2024\/07\/msj-technology-blog-bienvenidos-2024.jpg","contentUrl":"https:\/\/msjtechnology.com\/wp-content\/uploads\/2024\/07\/msj-technology-blog-bienvenidos-2024.jpg","width":500,"height":500,"caption":"MSJ Technology"},"image":{"@id":"https:\/\/msjtechnology.com\/de\/#\/schema\/logo\/image\/"},"sameAs":["https:\/\/www.instagram.com\/msjtechnologyspain\/","http:\/\/linkedin.com\/company\/msj-technology"]}]}},"_links":{"self":[{"href":"https:\/\/msjtechnology.com\/de\/wp-json\/wp\/v2\/pages\/1150","targetHints":{"allow":["GET"]}}],"collection":[{"href":"https:\/\/msjtechnology.com\/de\/wp-json\/wp\/v2\/pages"}],"about":[{"href":"https:\/\/msjtechnology.com\/de\/wp-json\/wp\/v2\/types\/page"}],"author":[{"embeddable":true,"href":"https:\/\/msjtechnology.com\/de\/wp-json\/wp\/v2\/users\/2"}],"replies":[{"embeddable":true,"href":"https:\/\/msjtechnology.com\/de\/wp-json\/wp\/v2\/comments?post=1150"}],"version-history":[{"count":0,"href":"https:\/\/msjtechnology.com\/de\/wp-json\/wp\/v2\/pages\/1150\/revisions"}],"wp:attachment":[{"href":"https:\/\/msjtechnology.com\/de\/wp-json\/wp\/v2\/media?parent=1150"}],"curies":[{"name":"wp","href":"https:\/\/api.w.org\/{rel}","templated":true}]}}