{"id":1152,"date":"2024-03-22T16:04:43","date_gmt":"2024-03-22T15:04:43","guid":{"rendered":"https:\/\/msjtechnology.com\/rechtlicher-hinweis\/"},"modified":"2024-05-15T13:31:07","modified_gmt":"2024-05-15T11:31:07","slug":"rechtlicher-hinweis","status":"publish","type":"page","link":"https:\/\/msjtechnology.com\/de\/rechtlicher-hinweis\/","title":{"rendered":"Rechtlicher Hinweis"},"content":{"rendered":"\n<p>Einf\u00fchrung<\/p>\n\n<p>In \u00dcbereinstimmung mit dem Gesetz 34\/2002 vom 11. Juli \u00fcber Dienste der Informationsgesellschaft und elektronischen Handel (LSSI-CE) hat MSJ TECHNOLOGY SL. informiert, dass es der Eigent\u00fcmer der Website ist. Gem\u00e4\u00df den Anforderungen von Artikel 10 des oben genannten Gesetzes hat MSJ TECHNOLOGY SL. meldet folgende Daten:   <\/p>\n\n<ul class=\"wp-block-list\">\n<li><strong>FIRMENNAME:<\/strong> MSJ TECHNOLOGY SL.<\/li>\n\n\n\n<li><strong>NIF<\/strong>: B66926007<\/li>\n\n\n\n<li><strong>DOMAIN<\/strong>: WWW.MSJTECHNOLOGY.COM<\/li>\n\n\n\n<li><strong>POSTANSCHRIFT<\/strong>: C\/LES VALLS,35 3\u00ba1\u00aa,08201 SABADELL(BARCELONA)<\/li>\n\n\n\n<li><strong>EMAIL<\/strong>: INFO@MSJTECHNOLOGY.COM<\/li>\n\n\n\n<li><strong>TELEFONE<\/strong>: 936550535<\/li>\n\n\n\n<li>REGISTRIERUNGSNUMMER \/ ZUS\u00c4TZLICHE DATEN<\/li>\n<\/ul>\n\n<p><\/p>\n\n<div style=\"height:20px\" aria-hidden=\"true\" class=\"wp-block-spacer\"><\/div>\n\n<p>Benutzer- und Verantwortungsregime<\/p>\n\n<p>Die Website von MSJ TECHNOLOGY SL. bietet eine gro\u00dfe Vielfalt an Informationen, Diensten und Daten. Der Nutzer \u00fcbernimmt die Verantwortung f\u00fcr die korrekte Nutzung der Website. Diese Verantwortung erstreckt sich auf:   <\/p>\n\n<ul class=\"wp-block-list\">\n<li>Die Richtigkeit und Rechtm\u00e4\u00dfigkeit der vom Benutzer in den von MSJ TECHNOLOGY SL herausgegebenen Formularen bereitgestellten Informationen. f\u00fcr den Zugriff auf bestimmte auf der Website angebotene Inhalte oder Dienste. <\/li>\n\n\n\n<li>Die Nutzung der von MSJ TECHNOLOGY SL angebotenen Informationen, Dienste und Daten. gegen die Bestimmungen dieser Bedingungen, das Gesetz, die guten Sitten, die guten Sitten oder die \u00f6ffentliche Ordnung versto\u00dfen oder auf andere Weise die Rechte Dritter oder den Betrieb der Website selbst verletzen k\u00f6nnen. <\/li>\n<\/ul>\n\n<div style=\"height:100px\" aria-hidden=\"true\" class=\"wp-block-spacer\"><\/div>\n\n<h3 class=\"wp-block-heading\">Linkrichtlinien und Haftungsausschluss<\/h3>\n\n<p>MSJ TECHNOLOGY SL. ist nicht verantwortlich f\u00fcr den Inhalt der Websites, auf die der Benutzer \u00fcber die auf seiner Website eingerichteten Links zugreifen kann, solange der Benutzer keine tats\u00e4chliche Kenntnis davon hat, dass die Aktivit\u00e4t oder Informationen, auf die er verweist oder empfiehlt, illegal sind oder Eigentum verletzen oder Rechte Dritter, die einer Schadensersatzpflicht unterliegen, oder, wenn dies der Fall ist, sorgf\u00e4ltig handeln, um den entsprechenden Link zu l\u00f6schen oder zu sperren. <\/p>\n\n<p>Es versteht sich, dass MSJ TECHNOLOGY SL. \u00fcber die im vorstehenden Absatz genannte tats\u00e4chliche Kenntnis verf\u00fcgt, wenn eine zust\u00e4ndige Stelle die Rechtswidrigkeit der Daten festgestellt, ihre Entfernung angeordnet oder den Zugriff darauf unm\u00f6glich gemacht hat oder das Vorliegen eines Schadens festgestellt wurde, und MSJ TECHNOLOGY SL. kannte die entsprechende L\u00f6sung, unbeschadet der Verfahren zur Inhaltserkennung und -entfernung, die MSJ TECHNOLOGY SL anbietet. gelten aufgrund freiwilliger Vereinbarungen und anderer wirksamer Erkenntnisse, die m\u00f6glicherweise festgelegt werden.   <\/p>\n\n<p>MSJ TECHNOLOGY SL. erkl\u00e4rt, dass es alle notwendigen Ma\u00dfnahmen ergriffen hat, um jeglichen Schaden f\u00fcr die Benutzer seiner Website zu vermeiden, der durch das Surfen auf seiner Website entstehen k\u00f6nnte. Folglich ist MSJ TECHNOLOGY SL. ist in keinem Fall f\u00fcr Sch\u00e4den verantwortlich, die dem Benutzer durch das Surfen im Internet entstehen k\u00f6nnten. Ebenso \u00fcbernimmt sie keine Gew\u00e4hr f\u00fcr die technische Verf\u00fcgbarkeit, Genauigkeit, Wahrhaftigkeit, G\u00fcltigkeit oder Rechtm\u00e4\u00dfigkeit anderer Websites als ihrem Eigentum, auf die \u00fcber die Links zugegriffen werden kann.    <\/p>\n\n<div style=\"height:100px\" aria-hidden=\"true\" class=\"wp-block-spacer\"><\/div>\n\n<h3 class=\"wp-block-heading\">\u00c4nderungen<\/h3>\n\n<p>MSJ TECHNOLOGY SL. beh\u00e4lt sich das Recht vor, ohne vorherige Ank\u00fcndigung \u00c4nderungen am Inhalt seiner Website vorzunehmen, die es f\u00fcr angemessen h\u00e4lt. Sowohl in Bezug auf die Inhalte der Website als auch in deren Nutzungsbedingungen oder in den Allgemeinen Vertragsbedingungen. Die in diesem Abschnitt genannten \u00c4nderungen wirken sich nicht auf Vertr\u00e4ge aus, die vor ihrem Ver\u00f6ffentlichungsdatum abgeschlossen wurden.   <\/p>\n\n<p>Diese \u00c4nderungen k\u00f6nnen \u00fcber die Website in jeder gesetzlich zul\u00e4ssigen Weise vorgenommen werden und sind f\u00fcr den Zeitraum ihrer Ver\u00f6ffentlichung auf der Website und bis zu ihrer wirksamen \u00c4nderung durch nachfolgende \u00c4nderungen verbindlich.<\/p>\n\n<div style=\"height:100px\" aria-hidden=\"true\" class=\"wp-block-spacer\"><\/div>\n\n<h3 class=\"wp-block-heading\">Preisangabe<\/h3>\n\n<p>Wenn Preise f\u00fcr Produkte und\/oder Dienstleistungen angezeigt werden, sind die jeweils auf dem Bildschirm angezeigten Preise die jeweils g\u00fcltigen. Die Preise werden in Euro angegeben und enthalten die Mehrwertsteuer. Sollte die Mehrwertsteuer nicht im Preis enthalten sein, wird dies ausdr\u00fccklich angegeben und der Nutzer erh\u00e4lt die M\u00f6glichkeit, den vollst\u00e4ndigen Endpreis einzusehen.  <\/p>\n\n<p>Falls eine andere Steuer anf\u00e4llt, wird diese ebenfalls angegeben, gegebenenfalls einschlie\u00dflich der H\u00f6he der f\u00fcr das Angebot geltenden Erh\u00f6hungen oder Rabatte sowie etwaiger zus\u00e4tzlicher Kosten, die m\u00f6glicherweise an den Verbraucher oder Benutzer weitergegeben werden.<\/p>\n\n<div style=\"height:100px\" aria-hidden=\"true\" class=\"wp-block-spacer\"><\/div>\n\n<h3 class=\"wp-block-heading\">Geistiges und gewerbliches Eigentum<\/h3>\n\n<p>MSJ TECHNOLOGY SL. ist allein oder als Rechtsnachfolger Eigent\u00fcmer aller geistigen und gewerblichen Eigentumsrechte an seiner Website sowie der darin enthaltenen Elemente (z. B. Bilder, Ton, Audio, Video, Software oder Texte; Marken). oder Logos, Farbkombinationen, Struktur und Design, Auswahl der verwendeten Materialien, f\u00fcr den Betrieb erforderliche Computerprogramme, Zugang und Nutzung usw.), Eigentum von MSJ TECHNOLOGY SL Spanisches Rechtssystem, wobei sowohl spanische als auch gemeinschaftliche Vorschriften in diesem Bereich sowie internationale Vertr\u00e4ge zu diesem Thema, die von Spanien unterzeichnet wurden, auf sie anwendbar sind.<\/p>\n\n<p>Alle Rechte vorbehalten. Aufgrund der Bestimmungen des Gesetzes \u00fcber geistiges Eigentum ist die Vervielf\u00e4ltigung, Verbreitung und \u00f6ffentliche Kommunikation, einschlie\u00dflich der Art der Zug\u00e4nglichmachung, aller oder eines Teils der Inhalte dieser Website zu kommerziellen Zwecken auf jedem Medium und in jeder Form ausdr\u00fccklich untersagt jegliche technische Mittel, ohne die Genehmigung von MSJ TECHNOLOGY SL. <\/p>\n\n<p>Der Benutzer verpflichtet sich, die geistigen und gewerblichen Eigentumsrechte von MSJ TECHNOLOGY SL zu respektieren. Sie d\u00fcrfen die Elemente des Portals ansehen und sie sogar ausdrucken, kopieren und auf der Festplatte Ihres Computers oder auf einem anderen physischen Medium speichern, solange Es ist ausschlie\u00dflich f\u00fcr Ihren pers\u00f6nlichen und privaten Gebrauch bestimmt. Der Nutzer darf keine Schutzvorrichtungen oder Sicherheitssysteme, die auf den Seiten von MSJ TECHNOLOGY SL installiert wurden, l\u00f6schen, ver\u00e4ndern, umgehen oder manipulieren.<\/p>\n\n<div style=\"height:100px\" aria-hidden=\"true\" class=\"wp-block-spacer\"><\/div>\n\n<h3 class=\"wp-block-heading\">Rechtliche Schritte, anwendbare Gesetze und Gerichtsstand<\/h3>\n\n<p>Wenn der Benutzer einen Anspruch geltend machen m\u00f6chte, muss er uns per E-Mail unter INFO@MSJTECHNOLOGY.COM kontaktieren. Ebenso MSJ TECHNOLOGY SL. F\u00fcr Verbraucher und Nutzer stehen offizielle Beschwerdeformulare zur Verf\u00fcgung.  <\/p>\n\n<p>MSJ TECHNOLOGY SL. beh\u00e4lt sich das Recht vor, zivil- oder strafrechtliche Schritte einzuleiten, wenn es die missbr\u00e4uchliche Nutzung seiner Website und Inhalte oder die Nichteinhaltung dieser Bedingungen als angemessen erachtet.  <\/p>\n\n<p>Die Beziehung zwischen dem Benutzer und dem Anbieter unterliegt den auf spanischem Gebiet geltenden und anwendbaren Vorschriften. Im Falle von Meinungsverschiedenheiten k\u00f6nnen die Parteien ihre Konflikte einem Schiedsverfahren unterwerfen oder auf die ordentliche Gerichtsbarkeit zur\u00fcckgreifen, wobei sie die diesbez\u00fcglichen Regeln \u00fcber die Zust\u00e4ndigkeit und Zust\u00e4ndigkeit einhalten m\u00fcssen. MSJ TECHNOLOGY SL. hat seinen Sitz in BARCELONA, Spanien.   <\/p>\n\n<p>Letzte Aktualisierung: 25. Dezember 2023<\/p>\n","protected":false},"excerpt":{"rendered":"<p>Einf\u00fchrung In \u00dcbereinstimmung mit dem Gesetz 34\/2002 vom 11. Juli \u00fcber Dienste der Informationsgesellschaft und elektronischen Handel (LSSI-CE) hat MSJ TECHNOLOGY SL. informiert, dass es der Eigent\u00fcmer der Website ist. Gem\u00e4\u00df den Anforderungen von Artikel 10 des oben genannten Gesetzes hat MSJ TECHNOLOGY SL. meldet folgende Daten: Benutzer- und Verantwortungsregime Die Website von MSJ TECHNOLOGY [&hellip;]<\/p>\n","protected":false},"author":2,"featured_media":0,"parent":0,"menu_order":11,"comment_status":"closed","ping_status":"closed","template":"","meta":{"footnotes":""},"class_list":["post-1152","page","type-page","status-publish","hentry"],"yoast_head":"<!-- This site is optimized with the Yoast SEO plugin v27.4 - https:\/\/yoast.com\/product\/yoast-seo-wordpress\/ -->\n<title>MSJ Technology | Rechtlicher Hinweis<\/title>\n<meta name=\"robots\" content=\"index, follow, max-snippet:-1, max-image-preview:large, max-video-preview:-1\" \/>\n<link rel=\"canonical\" href=\"https:\/\/msjtechnology.com\/de\/rechtlicher-hinweis\/\" \/>\n<meta property=\"og:locale\" content=\"de_DE\" \/>\n<meta property=\"og:type\" content=\"article\" \/>\n<meta property=\"og:title\" content=\"MSJ Technology | Rechtlicher Hinweis\" \/>\n<meta property=\"og:description\" content=\"Einf\u00fchrung In \u00dcbereinstimmung mit dem Gesetz 34\/2002 vom 11. Juli \u00fcber Dienste der Informationsgesellschaft und elektronischen Handel (LSSI-CE) hat MSJ TECHNOLOGY SL. informiert, dass es der Eigent\u00fcmer der Website ist. Gem\u00e4\u00df den Anforderungen von Artikel 10 des oben genannten Gesetzes hat MSJ TECHNOLOGY SL. meldet folgende Daten: Benutzer- und Verantwortungsregime Die Website von MSJ TECHNOLOGY [&hellip;]\" \/>\n<meta property=\"og:url\" content=\"https:\/\/msjtechnology.com\/de\/rechtlicher-hinweis\/\" \/>\n<meta property=\"og:site_name\" content=\"MSJ Technology\" \/>\n<meta property=\"article:modified_time\" content=\"2024-05-15T11:31:07+00:00\" \/>\n<meta property=\"og:image\" content=\"https:\/\/msjtechnology.com\/wp-content\/uploads\/2024\/07\/msj-technology-blog-bienvenidos-2024.jpg\" \/>\n\t<meta property=\"og:image:width\" content=\"500\" \/>\n\t<meta property=\"og:image:height\" content=\"500\" \/>\n\t<meta property=\"og:image:type\" content=\"image\/jpeg\" \/>\n<meta name=\"twitter:card\" content=\"summary_large_image\" \/>\n<meta name=\"twitter:label1\" content=\"Gesch\u00e4tzte Lesezeit\" \/>\n\t<meta name=\"twitter:data1\" content=\"5\u00a0Minuten\" \/>\n<script type=\"application\/ld+json\" class=\"yoast-schema-graph\">{\"@context\":\"https:\\\/\\\/schema.org\",\"@graph\":[{\"@type\":\"WebPage\",\"@id\":\"https:\\\/\\\/msjtechnology.com\\\/de\\\/rechtlicher-hinweis\\\/\",\"url\":\"https:\\\/\\\/msjtechnology.com\\\/de\\\/rechtlicher-hinweis\\\/\",\"name\":\"MSJ Technology | Rechtlicher Hinweis\",\"isPartOf\":{\"@id\":\"https:\\\/\\\/msjtechnology.com\\\/de\\\/#website\"},\"datePublished\":\"2024-03-22T15:04:43+00:00\",\"dateModified\":\"2024-05-15T11:31:07+00:00\",\"breadcrumb\":{\"@id\":\"https:\\\/\\\/msjtechnology.com\\\/de\\\/rechtlicher-hinweis\\\/#breadcrumb\"},\"inLanguage\":\"de\",\"potentialAction\":[{\"@type\":\"ReadAction\",\"target\":[\"https:\\\/\\\/msjtechnology.com\\\/de\\\/rechtlicher-hinweis\\\/\"]}]},{\"@type\":\"BreadcrumbList\",\"@id\":\"https:\\\/\\\/msjtechnology.com\\\/de\\\/rechtlicher-hinweis\\\/#breadcrumb\",\"itemListElement\":[{\"@type\":\"ListItem\",\"position\":1,\"name\":\"Portada\",\"item\":\"https:\\\/\\\/msjtechnology.com\\\/de\\\/\"},{\"@type\":\"ListItem\",\"position\":2,\"name\":\"Rechtlicher Hinweis\"}]},{\"@type\":\"WebSite\",\"@id\":\"https:\\\/\\\/msjtechnology.com\\\/de\\\/#website\",\"url\":\"https:\\\/\\\/msjtechnology.com\\\/de\\\/\",\"name\":\"MSJ Technology\",\"description\":\"Mecanizado de precisi\u00f3n\",\"publisher\":{\"@id\":\"https:\\\/\\\/msjtechnology.com\\\/de\\\/#organization\"},\"alternateName\":\"MSJ Technology\",\"potentialAction\":[{\"@type\":\"SearchAction\",\"target\":{\"@type\":\"EntryPoint\",\"urlTemplate\":\"https:\\\/\\\/msjtechnology.com\\\/de\\\/?s={search_term_string}\"},\"query-input\":{\"@type\":\"PropertyValueSpecification\",\"valueRequired\":true,\"valueName\":\"search_term_string\"}}],\"inLanguage\":\"de\"},{\"@type\":\"Organization\",\"@id\":\"https:\\\/\\\/msjtechnology.com\\\/de\\\/#organization\",\"name\":\"MSJ Technology\",\"url\":\"https:\\\/\\\/msjtechnology.com\\\/de\\\/\",\"logo\":{\"@type\":\"ImageObject\",\"inLanguage\":\"de\",\"@id\":\"https:\\\/\\\/msjtechnology.com\\\/de\\\/#\\\/schema\\\/logo\\\/image\\\/\",\"url\":\"https:\\\/\\\/msjtechnology.com\\\/wp-content\\\/uploads\\\/2024\\\/07\\\/msj-technology-blog-bienvenidos-2024.jpg\",\"contentUrl\":\"https:\\\/\\\/msjtechnology.com\\\/wp-content\\\/uploads\\\/2024\\\/07\\\/msj-technology-blog-bienvenidos-2024.jpg\",\"width\":500,\"height\":500,\"caption\":\"MSJ Technology\"},\"image\":{\"@id\":\"https:\\\/\\\/msjtechnology.com\\\/de\\\/#\\\/schema\\\/logo\\\/image\\\/\"},\"sameAs\":[\"https:\\\/\\\/www.instagram.com\\\/msjtechnologyspain\\\/\",\"http:\\\/\\\/linkedin.com\\\/company\\\/msj-technology\"]}]}<\/script>\n<!-- \/ Yoast SEO plugin. -->","yoast_head_json":{"title":"MSJ Technology | Rechtlicher Hinweis","robots":{"index":"index","follow":"follow","max-snippet":"max-snippet:-1","max-image-preview":"max-image-preview:large","max-video-preview":"max-video-preview:-1"},"canonical":"https:\/\/msjtechnology.com\/de\/rechtlicher-hinweis\/","og_locale":"de_DE","og_type":"article","og_title":"MSJ Technology | Rechtlicher Hinweis","og_description":"Einf\u00fchrung In \u00dcbereinstimmung mit dem Gesetz 34\/2002 vom 11. Juli \u00fcber Dienste der Informationsgesellschaft und elektronischen Handel (LSSI-CE) hat MSJ TECHNOLOGY SL. informiert, dass es der Eigent\u00fcmer der Website ist. Gem\u00e4\u00df den Anforderungen von Artikel 10 des oben genannten Gesetzes hat MSJ TECHNOLOGY SL. meldet folgende Daten: Benutzer- und Verantwortungsregime Die Website von MSJ TECHNOLOGY [&hellip;]","og_url":"https:\/\/msjtechnology.com\/de\/rechtlicher-hinweis\/","og_site_name":"MSJ Technology","article_modified_time":"2024-05-15T11:31:07+00:00","og_image":[{"width":500,"height":500,"url":"https:\/\/msjtechnology.com\/wp-content\/uploads\/2024\/07\/msj-technology-blog-bienvenidos-2024.jpg","type":"image\/jpeg"}],"twitter_card":"summary_large_image","twitter_misc":{"Gesch\u00e4tzte Lesezeit":"5\u00a0Minuten"},"schema":{"@context":"https:\/\/schema.org","@graph":[{"@type":"WebPage","@id":"https:\/\/msjtechnology.com\/de\/rechtlicher-hinweis\/","url":"https:\/\/msjtechnology.com\/de\/rechtlicher-hinweis\/","name":"MSJ Technology | Rechtlicher Hinweis","isPartOf":{"@id":"https:\/\/msjtechnology.com\/de\/#website"},"datePublished":"2024-03-22T15:04:43+00:00","dateModified":"2024-05-15T11:31:07+00:00","breadcrumb":{"@id":"https:\/\/msjtechnology.com\/de\/rechtlicher-hinweis\/#breadcrumb"},"inLanguage":"de","potentialAction":[{"@type":"ReadAction","target":["https:\/\/msjtechnology.com\/de\/rechtlicher-hinweis\/"]}]},{"@type":"BreadcrumbList","@id":"https:\/\/msjtechnology.com\/de\/rechtlicher-hinweis\/#breadcrumb","itemListElement":[{"@type":"ListItem","position":1,"name":"Portada","item":"https:\/\/msjtechnology.com\/de\/"},{"@type":"ListItem","position":2,"name":"Rechtlicher Hinweis"}]},{"@type":"WebSite","@id":"https:\/\/msjtechnology.com\/de\/#website","url":"https:\/\/msjtechnology.com\/de\/","name":"MSJ Technology","description":"Mecanizado de precisi\u00f3n","publisher":{"@id":"https:\/\/msjtechnology.com\/de\/#organization"},"alternateName":"MSJ Technology","potentialAction":[{"@type":"SearchAction","target":{"@type":"EntryPoint","urlTemplate":"https:\/\/msjtechnology.com\/de\/?s={search_term_string}"},"query-input":{"@type":"PropertyValueSpecification","valueRequired":true,"valueName":"search_term_string"}}],"inLanguage":"de"},{"@type":"Organization","@id":"https:\/\/msjtechnology.com\/de\/#organization","name":"MSJ Technology","url":"https:\/\/msjtechnology.com\/de\/","logo":{"@type":"ImageObject","inLanguage":"de","@id":"https:\/\/msjtechnology.com\/de\/#\/schema\/logo\/image\/","url":"https:\/\/msjtechnology.com\/wp-content\/uploads\/2024\/07\/msj-technology-blog-bienvenidos-2024.jpg","contentUrl":"https:\/\/msjtechnology.com\/wp-content\/uploads\/2024\/07\/msj-technology-blog-bienvenidos-2024.jpg","width":500,"height":500,"caption":"MSJ Technology"},"image":{"@id":"https:\/\/msjtechnology.com\/de\/#\/schema\/logo\/image\/"},"sameAs":["https:\/\/www.instagram.com\/msjtechnologyspain\/","http:\/\/linkedin.com\/company\/msj-technology"]}]}},"_links":{"self":[{"href":"https:\/\/msjtechnology.com\/de\/wp-json\/wp\/v2\/pages\/1152","targetHints":{"allow":["GET"]}}],"collection":[{"href":"https:\/\/msjtechnology.com\/de\/wp-json\/wp\/v2\/pages"}],"about":[{"href":"https:\/\/msjtechnology.com\/de\/wp-json\/wp\/v2\/types\/page"}],"author":[{"embeddable":true,"href":"https:\/\/msjtechnology.com\/de\/wp-json\/wp\/v2\/users\/2"}],"replies":[{"embeddable":true,"href":"https:\/\/msjtechnology.com\/de\/wp-json\/wp\/v2\/comments?post=1152"}],"version-history":[{"count":0,"href":"https:\/\/msjtechnology.com\/de\/wp-json\/wp\/v2\/pages\/1152\/revisions"}],"wp:attachment":[{"href":"https:\/\/msjtechnology.com\/de\/wp-json\/wp\/v2\/media?parent=1152"}],"curies":[{"name":"wp","href":"https:\/\/api.w.org\/{rel}","templated":true}]}}