{"id":788,"date":"2023-08-29T11:06:41","date_gmt":"2023-08-29T09:06:41","guid":{"rendered":"https:\/\/msjtechnology.com\/devis\/"},"modified":"2024-07-10T14:59:25","modified_gmt":"2024-07-10T12:59:25","slug":"devis","status":"publish","type":"page","link":"https:\/\/msjtechnology.com\/fr\/devis\/","title":{"rendered":"Devis"},"content":{"rendered":"\t\t<div data-elementor-type=\"wp-page\" data-elementor-id=\"788\" class=\"elementor elementor-788 elementor-273\" data-elementor-post-type=\"page\">\n\t\t\t\t\t\t<section class=\"elementor-section elementor-top-section elementor-element elementor-element-adfef62 elementor-section-boxed elementor-section-height-default elementor-section-height-default\" data-id=\"adfef62\" data-element_type=\"section\" data-e-type=\"section\" data-settings=\"{&quot;background_background&quot;:&quot;classic&quot;}\">\n\t\t\t\t\t\t\t<div class=\"elementor-background-overlay\"><\/div>\n\t\t\t\t\t\t\t<div class=\"elementor-container elementor-column-gap-default\">\n\t\t\t\t\t<div class=\"elementor-column elementor-col-100 elementor-top-column elementor-element elementor-element-019e391\" data-id=\"019e391\" data-element_type=\"column\" data-e-type=\"column\">\n\t\t\t<div class=\"elementor-widget-wrap elementor-element-populated\">\n\t\t\t\t\t\t<div class=\"elementor-element elementor-element-03fdb35 elementor-invisible elementor-widget elementor-widget-heading\" data-id=\"03fdb35\" data-element_type=\"widget\" data-e-type=\"widget\" data-settings=\"{&quot;_animation&quot;:&quot;slideInDown&quot;,&quot;_animation_delay&quot;:600,&quot;_animation_tablet&quot;:&quot;none&quot;}\" data-widget_type=\"heading.default\">\n\t\t\t\t<div class=\"elementor-widget-container\">\n\t\t\t\t\t<h1 class=\"elementor-heading-title elementor-size-default\">DEVIS<\/h1>\t\t\t\t<\/div>\n\t\t\t\t<\/div>\n\t\t\t\t<div class=\"elementor-element elementor-element-24ca824 elementor-invisible elementor-widget elementor-widget-text-editor\" data-id=\"24ca824\" data-element_type=\"widget\" data-e-type=\"widget\" data-settings=\"{&quot;_animation&quot;:&quot;slideInDown&quot;,&quot;_animation_delay&quot;:800,&quot;_animation_tablet&quot;:&quot;none&quot;}\" data-widget_type=\"text-editor.default\">\n\t\t\t\t<div class=\"elementor-widget-container\">\n\t\t\t\t\t\t\t\t\t<p>\u00cates-vous int\u00e9ress\u00e9 par nos services ?<\/p>\n\t\t\t\t\t\t\t\t<\/div>\n\t\t\t\t<\/div>\n\t\t\t\t\t<\/div>\n\t\t<\/div>\n\t\t\t\t\t<\/div>\n\t\t<\/section>\n\t\t\t\t<section class=\"elementor-section elementor-top-section elementor-element elementor-element-b0b1f74 elementor-section-boxed elementor-section-height-default elementor-section-height-default\" data-id=\"b0b1f74\" data-element_type=\"section\" data-e-type=\"section\">\n\t\t\t\t\t\t<div class=\"elementor-container elementor-column-gap-default\">\n\t\t\t\t\t<div class=\"elementor-column elementor-col-50 elementor-top-column elementor-element elementor-element-8df0074\" data-id=\"8df0074\" data-element_type=\"column\" data-e-type=\"column\">\n\t\t\t<div class=\"elementor-widget-wrap elementor-element-populated\">\n\t\t\t\t\t\t<div class=\"elementor-element elementor-element-fb99b7b elementor-widget elementor-widget-heading\" data-id=\"fb99b7b\" data-element_type=\"widget\" data-e-type=\"widget\" data-widget_type=\"heading.default\">\n\t\t\t\t<div class=\"elementor-widget-container\">\n\t\t\t\t\t<h2 class=\"elementor-heading-title elementor-size-default\">DEVIS EN MOINS DE 8 HEURES<\/h2>\t\t\t\t<\/div>\n\t\t\t\t<\/div>\n\t\t\t\t<div class=\"elementor-element elementor-element-f32dbaf elementor-widget elementor-widget-text-editor\" data-id=\"f32dbaf\" data-element_type=\"widget\" data-e-type=\"widget\" data-widget_type=\"text-editor.default\">\n\t\t\t\t<div class=\"elementor-widget-container\">\n\t\t\t\t\t\t\t\t\t<p>Remplissez le formulaire de pr\u00e9-contact suivant et il nous fera plaisir de vous proposer un devis personnalis\u00e9 pour votre projet. Nous vous contacterons dans les plus brefs d\u00e9lais pour discuter de vos besoins et vous proposer des solutions sur mesure. <\/p>\n\t\t\t\t\t\t\t\t<\/div>\n\t\t\t\t<\/div>\n\t\t\t\t\t<\/div>\n\t\t<\/div>\n\t\t\t\t<div class=\"elementor-column elementor-col-50 elementor-top-column elementor-element elementor-element-bb40e6c\" data-id=\"bb40e6c\" data-element_type=\"column\" data-e-type=\"column\">\n\t\t\t<div class=\"elementor-widget-wrap elementor-element-populated\">\n\t\t\t\t\t\t<div class=\"elementor-element elementor-element-bc46ea6 elementor-button-align-stretch elementor-widget elementor-widget-form\" data-id=\"bc46ea6\" data-element_type=\"widget\" data-e-type=\"widget\" data-settings=\"{&quot;step_next_label&quot;:&quot;Suivant&quot;,&quot;step_previous_label&quot;:&quot;Pr\\u00e9c\\u00e9dent&quot;,&quot;step_type&quot;:&quot;number&quot;,&quot;button_width&quot;:&quot;100&quot;,&quot;step_icon_shape&quot;:&quot;circle&quot;}\" data-widget_type=\"form.default\">\n\t\t\t\t<div class=\"elementor-widget-container\">\n\t\t\t\t\t\t\t<form class=\"elementor-form\" method=\"post\" name=\"Formulaire de budget\" aria-label=\"Formulaire de budget\">\n\t\t\t<input type=\"hidden\" name=\"post_id\" value=\"788\"\/>\n\t\t\t<input type=\"hidden\" name=\"form_id\" value=\"bc46ea6\"\/>\n\t\t\t<input type=\"hidden\" name=\"referer_title\" value=\"MSJ Technology | Devis\" \/>\n\n\t\t\t\t\t\t\t<input type=\"hidden\" name=\"queried_id\" value=\"788\"\/>\n\t\t\t\n\t\t\t<div class=\"elementor-form-fields-wrapper elementor-labels-above\">\n\t\t\t\t\t\t\t\t<div class=\"elementor-field-type-text elementor-field-group elementor-column elementor-field-group-name elementor-col-100 elementor-md-50\">\n\t\t\t\t\t\t\t\t\t\t\t\t<label for=\"form-field-name\" class=\"elementor-field-label\">\n\t\t\t\t\t\t\t\tNom\t\t\t\t\t\t\t<\/label>\n\t\t\t\t\t\t\t\t\t\t\t\t\t\t<input size=\"1\" type=\"text\" name=\"form_fields[name]\" id=\"form-field-name\" class=\"elementor-field elementor-size-sm  elementor-field-textual\" placeholder=\"Nom\">\n\t\t\t\t\t\t\t\t\t\t\t<\/div>\n\t\t\t\t\t\t\t\t<div class=\"elementor-field-type-email elementor-field-group elementor-column elementor-field-group-email elementor-col-100 elementor-md-50 elementor-field-required\">\n\t\t\t\t\t\t\t\t\t\t\t\t<label for=\"form-field-email\" class=\"elementor-field-label\">\n\t\t\t\t\t\t\t\tAdresse \u00e9lectronique\t\t\t\t\t\t\t<\/label>\n\t\t\t\t\t\t\t\t\t\t\t\t\t\t<input size=\"1\" type=\"email\" name=\"form_fields[email]\" id=\"form-field-email\" class=\"elementor-field elementor-size-sm  elementor-field-textual\" placeholder=\"Adresse \u00e9lectronique\" required=\"required\">\n\t\t\t\t\t\t\t\t\t\t\t<\/div>\n\t\t\t\t\t\t\t\t<div class=\"elementor-field-type-number elementor-field-group elementor-column elementor-field-group-field_867405d elementor-col-50 elementor-field-required\">\n\t\t\t\t\t\t\t\t\t\t\t\t<label for=\"form-field-field_867405d\" class=\"elementor-field-label\">\n\t\t\t\t\t\t\t\tNombre de pi\u00e8ces\t\t\t\t\t\t\t<\/label>\n\t\t\t\t\t\t\t\t\t<input type=\"number\" name=\"form_fields[field_867405d]\" id=\"form-field-field_867405d\" class=\"elementor-field elementor-size-sm  elementor-field-textual\" placeholder=\"Nombre de pi\u00e8ces\" required=\"required\" min=\"10\" max=\"100000\" >\n\t\t\t\t\t\t<\/div>\n\t\t\t\t\t\t\t\t<div class=\"elementor-field-type-select elementor-field-group elementor-column elementor-field-group-field_aa4c823 elementor-col-50 elementor-field-required\">\n\t\t\t\t\t\t\t\t\t\t\t\t<label for=\"form-field-field_aa4c823\" class=\"elementor-field-label\">\n\t\t\t\t\t\t\t\tMat\u00e9riel\t\t\t\t\t\t\t<\/label>\n\t\t\t\t\t\t\t\t<div class=\"elementor-field elementor-select-wrapper remove-before \">\n\t\t\t<div class=\"select-caret-down-wrapper\">\n\t\t\t\t<i aria-hidden=\"true\" class=\"eicon-caret-down\"><\/i>\t\t\t<\/div>\n\t\t\t<select name=\"form_fields[field_aa4c823]\" id=\"form-field-field_aa4c823\" class=\"elementor-field-textual elementor-size-sm\" required=\"required\">\n\t\t\t\t\t\t\t\t\t<option value=\"Aluminium\">Aluminium<\/option>\n\t\t\t\t\t\t\t\t\t<option value=\"M\u00e9tal\">M\u00e9tal<\/option>\n\t\t\t\t\t\t\t\t\t<option value=\"Cuivre\">Cuivre<\/option>\n\t\t\t\t\t\t\t\t\t<option value=\"Autre\">Autre<\/option>\n\t\t\t\t\t\t\t<\/select>\n\t\t<\/div>\n\t\t\t\t\t\t<\/div>\n\t\t\t\t\t\t\t\t<div class=\"elementor-field-type-textarea elementor-field-group elementor-column elementor-field-group-message elementor-col-100\">\n\t\t\t\t\t\t\t\t\t\t\t\t<label for=\"form-field-message\" class=\"elementor-field-label\">\n\t\t\t\t\t\t\t\tNotes\t\t\t\t\t\t\t<\/label>\n\t\t\t\t\t\t<textarea class=\"elementor-field-textual elementor-field  elementor-size-sm\" name=\"form_fields[message]\" id=\"form-field-message\" rows=\"4\" placeholder=\"Notes\"><\/textarea>\t\t\t\t<\/div>\n\t\t\t\t\t\t\t\t<div class=\"elementor-field-type-acceptance elementor-field-group elementor-column elementor-field-group-aceptacion elementor-col-100 elementor-field-required\">\n\t\t\t\t\t\t\t<div class=\"elementor-field-subgroup\">\n\t\t\t<span class=\"elementor-field-option\">\n\t\t\t\t<input type=\"checkbox\" name=\"form_fields[aceptacion]\" id=\"form-field-aceptacion\" class=\"elementor-field elementor-size-sm  elementor-acceptance-field\" required=\"required\">\n\t\t\t\t<label for=\"form-field-aceptacion\">J\u2019ai lu et j\u2019accepte la politique de confidentialit\u00e9 et de protection des donn\u00e9es de ce site web.<\/label>\t\t\t<\/span>\n\t\t<\/div>\n\t\t\t\t\t\t<\/div>\n\t\t\t\t\t\t\t\t<div class=\"elementor-field-type-recaptcha_v3 elementor-field-group elementor-column elementor-field-group-recaptcha elementor-col-100 recaptcha_v3-bottomright\">\n\t\t\t\t\t<div class=\"elementor-field\" id=\"form-field-recaptcha\"><div class=\"elementor-g-recaptcha\" data-sitekey=\"6Lf5i64oAAAAAAOTklNq0AVTEHC9AGz2D-KTFLha\" data-type=\"v3\" data-action=\"Form\" data-badge=\"bottomright\" data-size=\"invisible\"><\/div><\/div>\t\t\t\t<\/div>\n\t\t\t\t\t\t\t\t<div class=\"elementor-field-group elementor-column elementor-field-type-submit elementor-col-100 e-form__buttons\">\n\t\t\t\t\t<button class=\"elementor-button elementor-size-sm\" type=\"submit\">\n\t\t\t\t\t\t<span class=\"elementor-button-content-wrapper\">\n\t\t\t\t\t\t\t\t\t\t\t\t\t\t\t\t\t\t\t\t\t\t<span class=\"elementor-button-text\">Envoyer<\/span>\n\t\t\t\t\t\t\t\t\t\t\t\t\t<\/span>\n\t\t\t\t\t<\/button>\n\t\t\t\t<\/div>\n\t\t\t<\/div>\n\t\t<\/form>\n\t\t\t\t\t\t<\/div>\n\t\t\t\t<\/div>\n\t\t\t\t\t<\/div>\n\t\t<\/div>\n\t\t\t\t\t<\/div>\n\t\t<\/section>\n\t\t\t\t<\/div>\n\t\t","protected":false},"excerpt":{"rendered":"<p>DEVIS \u00cates-vous int\u00e9ress\u00e9 par nos services ? DEVIS EN MOINS DE 8 HEURES Remplissez le formulaire de pr\u00e9-contact suivant et il nous fera plaisir de vous proposer un devis personnalis\u00e9 pour votre projet. Nous vous contacterons dans les plus brefs d\u00e9lais pour discuter de vos besoins et vous proposer des solutions sur mesure.<\/p>\n","protected":false},"author":2,"featured_media":0,"parent":0,"menu_order":7,"comment_status":"closed","ping_status":"closed","template":"","meta":{"footnotes":""},"class_list":["post-788","page","type-page","status-publish","hentry"],"yoast_head":"<!-- This site is optimized with the Yoast SEO plugin v27.4 - https:\/\/yoast.com\/product\/yoast-seo-wordpress\/ -->\n<title>MSJ Technology | Devis<\/title>\n<meta name=\"robots\" content=\"index, follow, max-snippet:-1, max-image-preview:large, max-video-preview:-1\" \/>\n<link rel=\"canonical\" href=\"https:\/\/msjtechnology.com\/fr\/devis\/\" \/>\n<meta property=\"og:locale\" content=\"fr_FR\" \/>\n<meta property=\"og:type\" content=\"article\" \/>\n<meta property=\"og:title\" content=\"MSJ Technology | Devis\" \/>\n<meta property=\"og:description\" content=\"DEVIS \u00cates-vous int\u00e9ress\u00e9 par nos services ? DEVIS EN MOINS DE 8 HEURES Remplissez le formulaire de pr\u00e9-contact suivant et il nous fera plaisir de vous proposer un devis personnalis\u00e9 pour votre projet. Nous vous contacterons dans les plus brefs d\u00e9lais pour discuter de vos besoins et vous proposer des solutions sur mesure.\" \/>\n<meta property=\"og:url\" content=\"https:\/\/msjtechnology.com\/fr\/devis\/\" \/>\n<meta property=\"og:site_name\" content=\"MSJ Technology\" \/>\n<meta property=\"article:modified_time\" content=\"2024-07-10T12:59:25+00:00\" \/>\n<meta property=\"og:image\" content=\"https:\/\/msjtechnology.com\/wp-content\/uploads\/2024\/07\/msj-technology-blog-bienvenidos-2024.jpg\" \/>\n\t<meta property=\"og:image:width\" content=\"500\" \/>\n\t<meta property=\"og:image:height\" content=\"500\" \/>\n\t<meta property=\"og:image:type\" content=\"image\/jpeg\" \/>\n<meta name=\"twitter:card\" content=\"summary_large_image\" \/>\n<script type=\"application\/ld+json\" class=\"yoast-schema-graph\">{\"@context\":\"https:\\\/\\\/schema.org\",\"@graph\":[{\"@type\":\"WebPage\",\"@id\":\"https:\\\/\\\/msjtechnology.com\\\/fr\\\/devis\\\/\",\"url\":\"https:\\\/\\\/msjtechnology.com\\\/fr\\\/devis\\\/\",\"name\":\"MSJ Technology | Devis\",\"isPartOf\":{\"@id\":\"https:\\\/\\\/msjtechnology.com\\\/fr\\\/#website\"},\"datePublished\":\"2023-08-29T09:06:41+00:00\",\"dateModified\":\"2024-07-10T12:59:25+00:00\",\"breadcrumb\":{\"@id\":\"https:\\\/\\\/msjtechnology.com\\\/fr\\\/devis\\\/#breadcrumb\"},\"inLanguage\":\"fr-FR\",\"potentialAction\":[{\"@type\":\"ReadAction\",\"target\":[\"https:\\\/\\\/msjtechnology.com\\\/fr\\\/devis\\\/\"]}]},{\"@type\":\"BreadcrumbList\",\"@id\":\"https:\\\/\\\/msjtechnology.com\\\/fr\\\/devis\\\/#breadcrumb\",\"itemListElement\":[{\"@type\":\"ListItem\",\"position\":1,\"name\":\"Portada\",\"item\":\"https:\\\/\\\/msjtechnology.com\\\/fr\\\/msj-technology\\\/\"},{\"@type\":\"ListItem\",\"position\":2,\"name\":\"Devis\"}]},{\"@type\":\"WebSite\",\"@id\":\"https:\\\/\\\/msjtechnology.com\\\/fr\\\/#website\",\"url\":\"https:\\\/\\\/msjtechnology.com\\\/fr\\\/\",\"name\":\"MSJ Technology\",\"description\":\"Mecanizado de precisi\u00f3n\",\"publisher\":{\"@id\":\"https:\\\/\\\/msjtechnology.com\\\/fr\\\/#organization\"},\"alternateName\":\"MSJ Technology\",\"potentialAction\":[{\"@type\":\"SearchAction\",\"target\":{\"@type\":\"EntryPoint\",\"urlTemplate\":\"https:\\\/\\\/msjtechnology.com\\\/fr\\\/?s={search_term_string}\"},\"query-input\":{\"@type\":\"PropertyValueSpecification\",\"valueRequired\":true,\"valueName\":\"search_term_string\"}}],\"inLanguage\":\"fr-FR\"},{\"@type\":\"Organization\",\"@id\":\"https:\\\/\\\/msjtechnology.com\\\/fr\\\/#organization\",\"name\":\"MSJ Technology\",\"url\":\"https:\\\/\\\/msjtechnology.com\\\/fr\\\/\",\"logo\":{\"@type\":\"ImageObject\",\"inLanguage\":\"fr-FR\",\"@id\":\"https:\\\/\\\/msjtechnology.com\\\/fr\\\/#\\\/schema\\\/logo\\\/image\\\/\",\"url\":\"https:\\\/\\\/msjtechnology.com\\\/wp-content\\\/uploads\\\/2024\\\/07\\\/msj-technology-blog-bienvenidos-2024.jpg\",\"contentUrl\":\"https:\\\/\\\/msjtechnology.com\\\/wp-content\\\/uploads\\\/2024\\\/07\\\/msj-technology-blog-bienvenidos-2024.jpg\",\"width\":500,\"height\":500,\"caption\":\"MSJ Technology\"},\"image\":{\"@id\":\"https:\\\/\\\/msjtechnology.com\\\/fr\\\/#\\\/schema\\\/logo\\\/image\\\/\"},\"sameAs\":[\"https:\\\/\\\/www.instagram.com\\\/msjtechnologyspain\\\/\",\"http:\\\/\\\/linkedin.com\\\/company\\\/msj-technology\"]}]}<\/script>\n<!-- \/ Yoast SEO plugin. -->","yoast_head_json":{"title":"MSJ Technology | Devis","robots":{"index":"index","follow":"follow","max-snippet":"max-snippet:-1","max-image-preview":"max-image-preview:large","max-video-preview":"max-video-preview:-1"},"canonical":"https:\/\/msjtechnology.com\/fr\/devis\/","og_locale":"fr_FR","og_type":"article","og_title":"MSJ Technology | Devis","og_description":"DEVIS \u00cates-vous int\u00e9ress\u00e9 par nos services ? DEVIS EN MOINS DE 8 HEURES Remplissez le formulaire de pr\u00e9-contact suivant et il nous fera plaisir de vous proposer un devis personnalis\u00e9 pour votre projet. Nous vous contacterons dans les plus brefs d\u00e9lais pour discuter de vos besoins et vous proposer des solutions sur mesure.","og_url":"https:\/\/msjtechnology.com\/fr\/devis\/","og_site_name":"MSJ Technology","article_modified_time":"2024-07-10T12:59:25+00:00","og_image":[{"width":500,"height":500,"url":"https:\/\/msjtechnology.com\/wp-content\/uploads\/2024\/07\/msj-technology-blog-bienvenidos-2024.jpg","type":"image\/jpeg"}],"twitter_card":"summary_large_image","schema":{"@context":"https:\/\/schema.org","@graph":[{"@type":"WebPage","@id":"https:\/\/msjtechnology.com\/fr\/devis\/","url":"https:\/\/msjtechnology.com\/fr\/devis\/","name":"MSJ Technology | Devis","isPartOf":{"@id":"https:\/\/msjtechnology.com\/fr\/#website"},"datePublished":"2023-08-29T09:06:41+00:00","dateModified":"2024-07-10T12:59:25+00:00","breadcrumb":{"@id":"https:\/\/msjtechnology.com\/fr\/devis\/#breadcrumb"},"inLanguage":"fr-FR","potentialAction":[{"@type":"ReadAction","target":["https:\/\/msjtechnology.com\/fr\/devis\/"]}]},{"@type":"BreadcrumbList","@id":"https:\/\/msjtechnology.com\/fr\/devis\/#breadcrumb","itemListElement":[{"@type":"ListItem","position":1,"name":"Portada","item":"https:\/\/msjtechnology.com\/fr\/msj-technology\/"},{"@type":"ListItem","position":2,"name":"Devis"}]},{"@type":"WebSite","@id":"https:\/\/msjtechnology.com\/fr\/#website","url":"https:\/\/msjtechnology.com\/fr\/","name":"MSJ Technology","description":"Mecanizado de precisi\u00f3n","publisher":{"@id":"https:\/\/msjtechnology.com\/fr\/#organization"},"alternateName":"MSJ Technology","potentialAction":[{"@type":"SearchAction","target":{"@type":"EntryPoint","urlTemplate":"https:\/\/msjtechnology.com\/fr\/?s={search_term_string}"},"query-input":{"@type":"PropertyValueSpecification","valueRequired":true,"valueName":"search_term_string"}}],"inLanguage":"fr-FR"},{"@type":"Organization","@id":"https:\/\/msjtechnology.com\/fr\/#organization","name":"MSJ Technology","url":"https:\/\/msjtechnology.com\/fr\/","logo":{"@type":"ImageObject","inLanguage":"fr-FR","@id":"https:\/\/msjtechnology.com\/fr\/#\/schema\/logo\/image\/","url":"https:\/\/msjtechnology.com\/wp-content\/uploads\/2024\/07\/msj-technology-blog-bienvenidos-2024.jpg","contentUrl":"https:\/\/msjtechnology.com\/wp-content\/uploads\/2024\/07\/msj-technology-blog-bienvenidos-2024.jpg","width":500,"height":500,"caption":"MSJ Technology"},"image":{"@id":"https:\/\/msjtechnology.com\/fr\/#\/schema\/logo\/image\/"},"sameAs":["https:\/\/www.instagram.com\/msjtechnologyspain\/","http:\/\/linkedin.com\/company\/msj-technology"]}]}},"_links":{"self":[{"href":"https:\/\/msjtechnology.com\/fr\/wp-json\/wp\/v2\/pages\/788","targetHints":{"allow":["GET"]}}],"collection":[{"href":"https:\/\/msjtechnology.com\/fr\/wp-json\/wp\/v2\/pages"}],"about":[{"href":"https:\/\/msjtechnology.com\/fr\/wp-json\/wp\/v2\/types\/page"}],"author":[{"embeddable":true,"href":"https:\/\/msjtechnology.com\/fr\/wp-json\/wp\/v2\/users\/2"}],"replies":[{"embeddable":true,"href":"https:\/\/msjtechnology.com\/fr\/wp-json\/wp\/v2\/comments?post=788"}],"version-history":[{"count":0,"href":"https:\/\/msjtechnology.com\/fr\/wp-json\/wp\/v2\/pages\/788\/revisions"}],"wp:attachment":[{"href":"https:\/\/msjtechnology.com\/fr\/wp-json\/wp\/v2\/media?parent=788"}],"curies":[{"name":"wp","href":"https:\/\/api.w.org\/{rel}","templated":true}]}}