{"id":972,"date":"2023-07-13T07:25:56","date_gmt":"2023-07-13T05:25:56","guid":{"rendered":"https:\/\/msjtechnology.com\/politique-de-confidentialite\/"},"modified":"2024-05-15T09:52:22","modified_gmt":"2024-05-15T07:52:22","slug":"politique-de-confidentialite","status":"publish","type":"page","link":"https:\/\/msjtechnology.com\/fr\/politique-de-confidentialite\/","title":{"rendered":"POLITIQUE DE CONFIDENTIALIT\u00c9"},"content":{"rendered":"\n<p>Donn\u00e9es du propri\u00e9taire du site web:<\/p>\n\n<ul class=\"wp-block-list\">\n<li><strong>NOM DE L&rsquo;ENTREPRISE:<\/strong> MSJ TECHNOLOGY SL.<\/li>\n\n\n\n<li><strong>NUM\u00c9RO D&rsquo;IDENTIFICATION FISCALE <\/strong>: B66926007<\/li>\n\n\n\n<li><strong>DOMAINE <\/strong>: WWW.MSJTECHNOLOGY.COM<\/li>\n\n\n\n<li><strong>ADRESSE POSTALE <\/strong>: C\/LES VALLS,35 3\u00ba1\u00aa,08201 SABADELL(BARCELONA)<\/li>\n\n\n\n<li><strong>ADRESSE \u00c9LECTRONIQUE <\/strong>: INFO@MSJTECHNOLOGY.COM<\/li>\n\n\n\n<li><strong>T\u00c9L\u00c9PHONES <\/strong>: 936550535<\/li>\n\n\n\n<li>NUM\u00c9RO D&rsquo;ENREGISTREMENT\/ DONN\u00c9ES SUPPL\u00c9MENTAIRES<\/li>\n<\/ul>\n\n<p><\/p>\n\n<div style=\"height:20px\" aria-hidden=\"true\" class=\"wp-block-spacer\"><\/div>\n\n<p>Protection des donn\u00e9es<\/p>\n\n<p>Conform\u00e9ment \u00e0 la l\u00e9gislation en vigueur et applicable en mati\u00e8re de protection des donn\u00e9es personnelles, nous vous informons que vos donn\u00e9es seront incorpor\u00e9es au syst\u00e8me de traitement appartenant \u00e0 MSJ TECHNOLOGY SL. avec NIF B66926007 et si\u00e8ge social \u00e0 C\/LES VALLS,35 3\u00ba1\u00aa,08201 SABADELL(BARCELONA). Les aspects les plus importants des traitements effectu\u00e9s sont les suivants:<\/p>\n\n<div style=\"height:100px\" aria-hidden=\"true\" class=\"wp-block-spacer\"><\/div>\n\n<h3 class=\"wp-block-heading\">TRAITEMENTS EFFECTU\u00c9S<\/h3>\n\n<div style=\"height:20px\" aria-hidden=\"true\" class=\"wp-block-spacer\"><\/div>\n\n<h4 class=\"wp-block-heading\">FORMULAIRE WEB D&rsquo;ACTIONS COMMERCIALES<\/h4>\n\n<ul class=\"wp-block-list\">\n<li>Finalit\u00e9 : Collecte, enregistrement et traitement des donn\u00e9es dans le but de r\u00e9pondre \u00e0 vos questions et\/ou demandes, ainsi qu&rsquo;\u00e0 des fins de publicit\u00e9 et de prospection commerciale.<\/li>\n\n\n\n<li>P\u00e9riode de conservation : aussi longtemps que le consentement donn\u00e9 est maintenu, sauf obligation l\u00e9gale.<\/li>\n\n\n\n<li>Base l\u00e9gitime : le consentement de la partie int\u00e9ress\u00e9e.<\/li>\n\n\n\n<li>Type de donn\u00e9es :<\/li>\n\n\n\n<li>Donn\u00e9es de base : Nom et pr\u00e9nom, adresse \u00e9lectronique.<\/li>\n<\/ul>\n\n<div style=\"height:20px\" aria-hidden=\"true\" class=\"wp-block-spacer\"><\/div>\n\n<h4 class=\"wp-block-heading\">GESTION DES UTILISATEURS DU SITE WEB<\/h4>\n\n<ul class=\"wp-block-list\">\n<li>Finalit\u00e9: Collecte, enregistrement et traitement des donn\u00e9es des utilisateurs.<\/li>\n\n\n\n<li>P\u00e9riode de conservation : aussi longtemps que le consentement donn\u00e9 est maintenu, sauf obligation l\u00e9gale.<\/li>\n\n\n\n<li>Base l\u00e9gitime : le consentement de la partie int\u00e9ress\u00e9e.<\/li>\n\n\n\n<li>Type de donn\u00e9es :<\/li>\n\n\n\n<li>Donn\u00e9es de base : Nom et pr\u00e9nom, adresse \u00e9lectronique.<\/li>\n<\/ul>\n\n<div style=\"height:20px\" aria-hidden=\"true\" class=\"wp-block-spacer\"><\/div>\n\n<h4 class=\"wp-block-heading\">INSTALLATION DE COOKIES<\/h4>\n\n<ul class=\"wp-block-list\">\n<li>Finalit\u00e9 : Gestion et installation de cookies.<\/li>\n\n\n\n<li>P\u00e9riode de conservation : aussi longtemps que le consentement donn\u00e9 est maintenu.<\/li>\n\n\n\n<li>Base l\u00e9gitime : le consentement de la partie int\u00e9ress\u00e9e.<\/li>\n\n\n\n<li>Type de donn\u00e9es :<\/li>\n\n\n\n<li>Donn\u00e9es de base : adresse e-mail, adresse IP<\/li>\n<\/ul>\n\n<div style=\"height:20px\" aria-hidden=\"true\" class=\"wp-block-spacer\"><\/div>\n\n<h4 class=\"wp-block-heading\">NEWSLETTER<\/h4>\n\n<ul class=\"wp-block-list\">\n<li>Finalit\u00e9 : Gestion de l&rsquo;abonnement \u00e0 la newsletter, afin d&rsquo;envoyer les mailings correspondants.<\/li>\n\n\n\n<li>P\u00e9riode de conservation : aussi longtemps que le consentement donn\u00e9 est maintenu.<\/li>\n\n\n\n<li>Base l\u00e9gitime : le consentement de la partie int\u00e9ress\u00e9e.<\/li>\n\n\n\n<li>Type de donn\u00e9es :<\/li>\n\n\n\n<li>Donn\u00e9es de base : Nom et pr\u00e9nom, adresse \u00e9lectronique.<\/li>\n<\/ul>\n\n<div style=\"height:20px\" aria-hidden=\"true\" class=\"wp-block-spacer\"><\/div>\n\n<h4 class=\"wp-block-heading\">GESTION DES FORMULAIRES WEB<\/h4>\n\n<ul class=\"wp-block-list\">\n<li>Objectif : traiter vos questions et\/ou demandes.<\/li>\n\n\n\n<li>P\u00e9riode de conservation : aussi longtemps que le consentement donn\u00e9 est maintenu.<\/li>\n\n\n\n<li>Base l\u00e9gitime : le consentement de la partie int\u00e9ress\u00e9e.<\/li>\n\n\n\n<li>Type de donn\u00e9es :<\/li>\n\n\n\n<li>Donn\u00e9es de base : nom et pr\u00e9nom, adresse \u00e9lectronique, adresse IP.<\/li>\n<\/ul>\n\n<div style=\"height:100px\" aria-hidden=\"true\" class=\"wp-block-spacer\"><\/div>\n\n<h3 class=\"wp-block-heading\">DROITS DES PERSONNES CONCERN\u00c9ES<\/h3>\n\n<p>MSJ TECHNOLOGY SL. . informe les utilisateurs qu&rsquo;ils peuvent exercer leurs droits d&rsquo;acc\u00e8s, de rectification, de limitation, d&rsquo;effacement, de portabilit\u00e9, d&rsquo;opposition au traitement de leurs donn\u00e9es personnelles et le droit de ne pas faire l&rsquo;objet de d\u00e9cisions automatis\u00e9es, y compris le profilage, devant le contr\u00f4leur des donn\u00e9es, ainsi que le droit de retirer le consentement donn\u00e9.<\/p>\n\n<ul class=\"wp-block-list\">\n<li>Droit d&rsquo;acc\u00e8s : il s&rsquo;agit du droit de l&rsquo;utilisateur d&rsquo;obtenir la confirmation que ses donn\u00e9es font l&rsquo;objet d&rsquo;un traitement et, le cas \u00e9ch\u00e9ant, les donn\u00e9es personnelles sp\u00e9cifiques trait\u00e9es et les informations l\u00e9gales sur le traitement (finalit\u00e9s, base l\u00e9gitime, p\u00e9riodes de conservation, transferts, origine des donn\u00e9es, etc.)<\/li>\n\n\n\n<li>Droit de rectification : Il s&rsquo;agit du droit de la personne concern\u00e9e de faire modifier des donn\u00e9es qui s&rsquo;av\u00e8rent inexactes ou incompl\u00e8tes. En ce qui concerne le site web, ce droit ne peut \u00eatre exerc\u00e9 que pour les informations qui sont sous le contr\u00f4le du site web, par exemple la suppression de commentaires publi\u00e9s sur la page elle-m\u00eame, d&rsquo;images ou de contenus web contenant les donn\u00e9es personnelles de l&rsquo;utilisateur.<\/li>\n\n\n\n<li>Droit \u00e0 la limitation du traitement : il s&rsquo;agit du droit de limiter les finalit\u00e9s du traitement initialement pr\u00e9vues par le responsable du traitement dans certains cas.<\/li>\n\n\n\n<li>Droit d&rsquo;effacement : Il s&rsquo;agit du droit d&rsquo;effacer les donn\u00e9es \u00e0 caract\u00e8re personnel de l&rsquo;utilisateur, \u00e0 l&rsquo;exception des dispositions du GDPR (libert\u00e9 d&rsquo;expression et d&rsquo;information, obligations de conservation, formulation, exercice ou d\u00e9fense de r\u00e9clamations, etc.)<\/li>\n\n\n\n<li>Droit \u00e0 la portabilit\u00e9 : le droit de recevoir les donn\u00e9es \u00e0 caract\u00e8re personnel que l&rsquo;utilisateur a fournies, dans un format structur\u00e9, couramment utilis\u00e9 et lisible par machine, et de les transmettre \u00e0 un autre responsable du traitement lorsque le traitement est fond\u00e9 sur le consentement ou l&rsquo;ex\u00e9cution d&rsquo;un contrat et qu&rsquo;il est effectu\u00e9 \u00e0 l&rsquo;aide de proc\u00e9d\u00e9s automatis\u00e9s.<\/li>\n\n\n\n<li>Droit d&rsquo;opposition : Il s&rsquo;agit du droit de l&rsquo;utilisateur de ne pas faire traiter ses donn\u00e9es \u00e0 caract\u00e8re personnel ou de faire cesser le traitement de ses donn\u00e9es \u00e0 caract\u00e8re personnel par le site web lorsque le traitement est fond\u00e9 sur l&rsquo;int\u00e9r\u00eat l\u00e9gitime ou l&rsquo;int\u00e9r\u00eat public ou lorsqu&rsquo;il s&rsquo;agit d&rsquo;un traitement de marketing direct.<\/li>\n\n\n\n<li>Droit de ne pas \u00eatre soumis \u00e0 des d\u00e9cisions automatis\u00e9es, y compris le profilage: lorsque le traitement n&rsquo;est pas n\u00e9cessaire \u00e0 la conclusion ou \u00e0 l&rsquo;ex\u00e9cution d&rsquo;un contrat, n&rsquo;est pas autoris\u00e9 par la l\u00e9gislation de l&rsquo;UE ou d&rsquo;un \u00c9tat membre et n&rsquo;est pas fond\u00e9 sur le consentement, vous avez le droit de ne pas \u00eatre soumis \u00e0 une d\u00e9cision fond\u00e9e exclusivement sur un traitement automatis\u00e9, y compris le profilage, qui produit des effets juridiques ou qui vous affecte de mani\u00e8re significative de fa\u00e7on similaire.<\/li>\n\n\n\n<li>Droit de retirer son consentement : pour tout traitement fond\u00e9 sur votre consentement, vous avez le droit de retirer votre consentement, \u00e0 tout moment et sans frais.<\/li>\n<\/ul>\n\n<div style=\"height:50px\" aria-hidden=\"true\" class=\"wp-block-spacer\"><\/div>\n\n<p>Pour exercer l&rsquo;un des droits de protection des donn\u00e9es d\u00e9crits ci-dessus, veuillez suivre les instructions ci-dessous :<\/p>\n\n<ul class=\"wp-block-list\">\n<li>En envoyant une lettre \u00e0 l&rsquo;adresse C\/LES VALLS,35 3\u00ba1\u00aa,08201 SABADELL (BARCELONA) (\u00e0 l&rsquo;attention de MSJ TECHNOLOGY SL.) ou par courrier \u00e9lectronique \u00e0 l&rsquo;adresse INFO@MSJTECHNOLOGY.COM .<\/li>\n\n\n\n<li>La lettre envoy\u00e9e par le titulaire des donn\u00e9es personnelles (personne concern\u00e9e) demandant l&rsquo;exercice des droits doit tenir compte des \u00e9l\u00e9ments suivants:\n<ul class=\"wp-block-list\">\n<li>Vous devez vous identifier de mani\u00e8re fiable et, en cas de doute sur l&rsquo;identit\u00e9 du demandeur, vous serez invit\u00e9 \u00e0 corriger la demande (par exemple en demandant des informations compl\u00e9mentaires, telles que le num\u00e9ro d&rsquo;identification <a href=\"#1687cfd5-ef7a-4d84-afdd-562182ac3a50\" id=\"1687cfd5-ef7a-4d84-afdd-562182ac3a50-link\"><sup data-fn=\"1687cfd5-ef7a-4d84-afdd-562182ac3a50\" class=\"fn\">1<\/sup><\/a>, la pi\u00e8ce d&rsquo;identit\u00e9, l&rsquo;adresse \u00e9lectronique que vous avez fournie, etc.<\/li>\n\n\n\n<li>La demande peut \u00eatre faite par le repr\u00e9sentant, l\u00e9gal ou volontaire, lorsque celui-ci est d\u00fbment identifi\u00e9 et autoris\u00e9 par la personne concern\u00e9e (par le biais d&rsquo;une autorisation expresse de la personne concern\u00e9e \u00e0 exercer les droits tr\u00e8s personnels r\u00e9gis par la r\u00e9glementation sur la protection des donn\u00e9es \u00e0 caract\u00e8re personnel).<\/li>\n\n\n\n<li>Demande dans laquelle la demande est formul\u00e9e (droit(s) qu&rsquo;il est pr\u00e9vu d&rsquo;exercer). Si vous ne faites pas r\u00e9f\u00e9rence \u00e0 un traitement sp\u00e9cifique, vous recevrez une r\u00e9ponse concernant tous les traitements qui affectent vos donn\u00e9es personnelles. Si vous demandez des informations sur un traitement sp\u00e9cifique, seules les informations relatives \u00e0 ce traitement vous seront communiqu\u00e9es. Si vous le demandez par t\u00e9l\u00e9phone, vous serez invit\u00e9 \u00e0 le faire par \u00e9crit et vous serez inform\u00e9 de la mani\u00e8re de le faire et de l&rsquo;adresse \u00e0 laquelle vous devez l&rsquo;envoyer. Vous ne recevrez jamais d&rsquo;informations par t\u00e9l\u00e9phone.<\/li>\n\n\n\n<li>Adresse postale ou \u00e9lectronique \u00e0 des fins de notification.<\/li>\n\n\n\n<li>Documents \u00e0 l&rsquo;appui de la demande, le cas \u00e9ch\u00e9ant.<\/li>\n\n\n\n<li>Le demandeur doit utiliser tout moyen permettant d&rsquo;accr\u00e9diter l&rsquo;envoi et la r\u00e9ception de la demande.<\/li>\n<\/ul>\n<\/li>\n<\/ul>\n\n<ol class=\"wp-block-list\"><\/ol>\n\n<div style=\"height:50px\" aria-hidden=\"true\" class=\"wp-block-spacer\"><\/div>\n\n<p>Enfin, nous vous informons que vous avez le droit de d\u00e9poser une plainte aupr\u00e8s de l&rsquo;Agence espagnole de protection des donn\u00e9es dans le cas o\u00f9 vous auriez connaissance ou consid\u00e9reriez qu&rsquo;un fait peut impliquer une violation de la r\u00e9glementation applicable en mati\u00e8re de protection des donn\u00e9es.<\/p>\n\n<p>MSJ TECHNOLOGY SL. s&rsquo;engage \u00e0 adopter les mesures techniques et organisationnelles n\u00e9cessaires, conform\u00e9ment au niveau de risque associ\u00e9 au traitement effectu\u00e9 par eux et indiqu\u00e9 dans la section des conditions d&rsquo;utilisation, afin de garantir leur int\u00e9grit\u00e9, leur confidentialit\u00e9 et leur disponibilit\u00e9.<\/p>\n\n<p>Derni\u00e8re mise \u00e0 jour : 25 d\u00e9cembre 2023<\/p>\n","protected":false},"excerpt":{"rendered":"<p>Donn\u00e9es du propri\u00e9taire du site web: Protection des donn\u00e9es Conform\u00e9ment \u00e0 la l\u00e9gislation en vigueur et applicable en mati\u00e8re de protection des donn\u00e9es personnelles, nous vous informons que vos donn\u00e9es seront incorpor\u00e9es au syst\u00e8me de traitement appartenant \u00e0 MSJ TECHNOLOGY SL. avec NIF B66926007 et si\u00e8ge social \u00e0 C\/LES VALLS,35 3\u00ba1\u00aa,08201 SABADELL(BARCELONA). Les aspects les [&hellip;]<\/p>\n","protected":false},"author":2,"featured_media":0,"parent":0,"menu_order":0,"comment_status":"closed","ping_status":"closed","template":"","meta":{"footnotes":""},"class_list":["post-972","page","type-page","status-publish","hentry"],"yoast_head":"<!-- This site is optimized with the Yoast SEO plugin v27.4 - https:\/\/yoast.com\/product\/yoast-seo-wordpress\/ -->\n<title>MSJ Technology | POLITIQUE DE CONFIDENTIALIT\u00c9<\/title>\n<meta name=\"robots\" content=\"index, follow, max-snippet:-1, max-image-preview:large, max-video-preview:-1\" \/>\n<link rel=\"canonical\" href=\"https:\/\/msjtechnology.com\/fr\/politique-de-confidentialite\/\" \/>\n<meta property=\"og:locale\" content=\"fr_FR\" \/>\n<meta property=\"og:type\" content=\"article\" \/>\n<meta property=\"og:title\" content=\"MSJ Technology | POLITIQUE DE CONFIDENTIALIT\u00c9\" \/>\n<meta property=\"og:description\" content=\"Donn\u00e9es du propri\u00e9taire du site web: Protection des donn\u00e9es Conform\u00e9ment \u00e0 la l\u00e9gislation en vigueur et applicable en mati\u00e8re de protection des donn\u00e9es personnelles, nous vous informons que vos donn\u00e9es seront incorpor\u00e9es au syst\u00e8me de traitement appartenant \u00e0 MSJ TECHNOLOGY SL. avec NIF B66926007 et si\u00e8ge social \u00e0 C\/LES VALLS,35 3\u00ba1\u00aa,08201 SABADELL(BARCELONA). Les aspects les [&hellip;]\" \/>\n<meta property=\"og:url\" content=\"https:\/\/msjtechnology.com\/fr\/politique-de-confidentialite\/\" \/>\n<meta property=\"og:site_name\" content=\"MSJ Technology\" \/>\n<meta property=\"article:modified_time\" content=\"2024-05-15T07:52:22+00:00\" \/>\n<meta property=\"og:image\" content=\"https:\/\/msjtechnology.com\/wp-content\/uploads\/2024\/07\/msj-technology-blog-bienvenidos-2024.jpg\" \/>\n\t<meta property=\"og:image:width\" content=\"500\" \/>\n\t<meta property=\"og:image:height\" content=\"500\" \/>\n\t<meta property=\"og:image:type\" content=\"image\/jpeg\" \/>\n<meta name=\"twitter:card\" content=\"summary_large_image\" \/>\n<meta name=\"twitter:label1\" content=\"Dur\u00e9e de lecture estim\u00e9e\" \/>\n\t<meta name=\"twitter:data1\" content=\"6 minutes\" \/>\n<script type=\"application\/ld+json\" class=\"yoast-schema-graph\">{\"@context\":\"https:\\\/\\\/schema.org\",\"@graph\":[{\"@type\":\"WebPage\",\"@id\":\"https:\\\/\\\/msjtechnology.com\\\/fr\\\/politique-de-confidentialite\\\/\",\"url\":\"https:\\\/\\\/msjtechnology.com\\\/fr\\\/politique-de-confidentialite\\\/\",\"name\":\"MSJ Technology | POLITIQUE DE CONFIDENTIALIT\u00c9\",\"isPartOf\":{\"@id\":\"https:\\\/\\\/msjtechnology.com\\\/fr\\\/#website\"},\"datePublished\":\"2023-07-13T05:25:56+00:00\",\"dateModified\":\"2024-05-15T07:52:22+00:00\",\"breadcrumb\":{\"@id\":\"https:\\\/\\\/msjtechnology.com\\\/fr\\\/politique-de-confidentialite\\\/#breadcrumb\"},\"inLanguage\":\"fr-FR\",\"potentialAction\":[{\"@type\":\"ReadAction\",\"target\":[\"https:\\\/\\\/msjtechnology.com\\\/fr\\\/politique-de-confidentialite\\\/\"]}]},{\"@type\":\"BreadcrumbList\",\"@id\":\"https:\\\/\\\/msjtechnology.com\\\/fr\\\/politique-de-confidentialite\\\/#breadcrumb\",\"itemListElement\":[{\"@type\":\"ListItem\",\"position\":1,\"name\":\"Portada\",\"item\":\"https:\\\/\\\/msjtechnology.com\\\/fr\\\/msj-technology\\\/\"},{\"@type\":\"ListItem\",\"position\":2,\"name\":\"POLITIQUE DE CONFIDENTIALIT\u00c9\"}]},{\"@type\":\"WebSite\",\"@id\":\"https:\\\/\\\/msjtechnology.com\\\/fr\\\/#website\",\"url\":\"https:\\\/\\\/msjtechnology.com\\\/fr\\\/\",\"name\":\"MSJ Technology\",\"description\":\"Mecanizado de precisi\u00f3n\",\"publisher\":{\"@id\":\"https:\\\/\\\/msjtechnology.com\\\/fr\\\/#organization\"},\"alternateName\":\"MSJ Technology\",\"potentialAction\":[{\"@type\":\"SearchAction\",\"target\":{\"@type\":\"EntryPoint\",\"urlTemplate\":\"https:\\\/\\\/msjtechnology.com\\\/fr\\\/?s={search_term_string}\"},\"query-input\":{\"@type\":\"PropertyValueSpecification\",\"valueRequired\":true,\"valueName\":\"search_term_string\"}}],\"inLanguage\":\"fr-FR\"},{\"@type\":\"Organization\",\"@id\":\"https:\\\/\\\/msjtechnology.com\\\/fr\\\/#organization\",\"name\":\"MSJ Technology\",\"url\":\"https:\\\/\\\/msjtechnology.com\\\/fr\\\/\",\"logo\":{\"@type\":\"ImageObject\",\"inLanguage\":\"fr-FR\",\"@id\":\"https:\\\/\\\/msjtechnology.com\\\/fr\\\/#\\\/schema\\\/logo\\\/image\\\/\",\"url\":\"https:\\\/\\\/msjtechnology.com\\\/wp-content\\\/uploads\\\/2024\\\/07\\\/msj-technology-blog-bienvenidos-2024.jpg\",\"contentUrl\":\"https:\\\/\\\/msjtechnology.com\\\/wp-content\\\/uploads\\\/2024\\\/07\\\/msj-technology-blog-bienvenidos-2024.jpg\",\"width\":500,\"height\":500,\"caption\":\"MSJ Technology\"},\"image\":{\"@id\":\"https:\\\/\\\/msjtechnology.com\\\/fr\\\/#\\\/schema\\\/logo\\\/image\\\/\"},\"sameAs\":[\"https:\\\/\\\/www.instagram.com\\\/msjtechnologyspain\\\/\",\"http:\\\/\\\/linkedin.com\\\/company\\\/msj-technology\"]}]}<\/script>\n<!-- \/ Yoast SEO plugin. -->","yoast_head_json":{"title":"MSJ Technology | POLITIQUE DE CONFIDENTIALIT\u00c9","robots":{"index":"index","follow":"follow","max-snippet":"max-snippet:-1","max-image-preview":"max-image-preview:large","max-video-preview":"max-video-preview:-1"},"canonical":"https:\/\/msjtechnology.com\/fr\/politique-de-confidentialite\/","og_locale":"fr_FR","og_type":"article","og_title":"MSJ Technology | POLITIQUE DE CONFIDENTIALIT\u00c9","og_description":"Donn\u00e9es du propri\u00e9taire du site web: Protection des donn\u00e9es Conform\u00e9ment \u00e0 la l\u00e9gislation en vigueur et applicable en mati\u00e8re de protection des donn\u00e9es personnelles, nous vous informons que vos donn\u00e9es seront incorpor\u00e9es au syst\u00e8me de traitement appartenant \u00e0 MSJ TECHNOLOGY SL. avec NIF B66926007 et si\u00e8ge social \u00e0 C\/LES VALLS,35 3\u00ba1\u00aa,08201 SABADELL(BARCELONA). Les aspects les [&hellip;]","og_url":"https:\/\/msjtechnology.com\/fr\/politique-de-confidentialite\/","og_site_name":"MSJ Technology","article_modified_time":"2024-05-15T07:52:22+00:00","og_image":[{"width":500,"height":500,"url":"https:\/\/msjtechnology.com\/wp-content\/uploads\/2024\/07\/msj-technology-blog-bienvenidos-2024.jpg","type":"image\/jpeg"}],"twitter_card":"summary_large_image","twitter_misc":{"Dur\u00e9e de lecture estim\u00e9e":"6 minutes"},"schema":{"@context":"https:\/\/schema.org","@graph":[{"@type":"WebPage","@id":"https:\/\/msjtechnology.com\/fr\/politique-de-confidentialite\/","url":"https:\/\/msjtechnology.com\/fr\/politique-de-confidentialite\/","name":"MSJ Technology | POLITIQUE DE CONFIDENTIALIT\u00c9","isPartOf":{"@id":"https:\/\/msjtechnology.com\/fr\/#website"},"datePublished":"2023-07-13T05:25:56+00:00","dateModified":"2024-05-15T07:52:22+00:00","breadcrumb":{"@id":"https:\/\/msjtechnology.com\/fr\/politique-de-confidentialite\/#breadcrumb"},"inLanguage":"fr-FR","potentialAction":[{"@type":"ReadAction","target":["https:\/\/msjtechnology.com\/fr\/politique-de-confidentialite\/"]}]},{"@type":"BreadcrumbList","@id":"https:\/\/msjtechnology.com\/fr\/politique-de-confidentialite\/#breadcrumb","itemListElement":[{"@type":"ListItem","position":1,"name":"Portada","item":"https:\/\/msjtechnology.com\/fr\/msj-technology\/"},{"@type":"ListItem","position":2,"name":"POLITIQUE DE CONFIDENTIALIT\u00c9"}]},{"@type":"WebSite","@id":"https:\/\/msjtechnology.com\/fr\/#website","url":"https:\/\/msjtechnology.com\/fr\/","name":"MSJ Technology","description":"Mecanizado de precisi\u00f3n","publisher":{"@id":"https:\/\/msjtechnology.com\/fr\/#organization"},"alternateName":"MSJ Technology","potentialAction":[{"@type":"SearchAction","target":{"@type":"EntryPoint","urlTemplate":"https:\/\/msjtechnology.com\/fr\/?s={search_term_string}"},"query-input":{"@type":"PropertyValueSpecification","valueRequired":true,"valueName":"search_term_string"}}],"inLanguage":"fr-FR"},{"@type":"Organization","@id":"https:\/\/msjtechnology.com\/fr\/#organization","name":"MSJ Technology","url":"https:\/\/msjtechnology.com\/fr\/","logo":{"@type":"ImageObject","inLanguage":"fr-FR","@id":"https:\/\/msjtechnology.com\/fr\/#\/schema\/logo\/image\/","url":"https:\/\/msjtechnology.com\/wp-content\/uploads\/2024\/07\/msj-technology-blog-bienvenidos-2024.jpg","contentUrl":"https:\/\/msjtechnology.com\/wp-content\/uploads\/2024\/07\/msj-technology-blog-bienvenidos-2024.jpg","width":500,"height":500,"caption":"MSJ Technology"},"image":{"@id":"https:\/\/msjtechnology.com\/fr\/#\/schema\/logo\/image\/"},"sameAs":["https:\/\/www.instagram.com\/msjtechnologyspain\/","http:\/\/linkedin.com\/company\/msj-technology"]}]}},"_links":{"self":[{"href":"https:\/\/msjtechnology.com\/fr\/wp-json\/wp\/v2\/pages\/972","targetHints":{"allow":["GET"]}}],"collection":[{"href":"https:\/\/msjtechnology.com\/fr\/wp-json\/wp\/v2\/pages"}],"about":[{"href":"https:\/\/msjtechnology.com\/fr\/wp-json\/wp\/v2\/types\/page"}],"author":[{"embeddable":true,"href":"https:\/\/msjtechnology.com\/fr\/wp-json\/wp\/v2\/users\/2"}],"replies":[{"embeddable":true,"href":"https:\/\/msjtechnology.com\/fr\/wp-json\/wp\/v2\/comments?post=972"}],"version-history":[{"count":0,"href":"https:\/\/msjtechnology.com\/fr\/wp-json\/wp\/v2\/pages\/972\/revisions"}],"wp:attachment":[{"href":"https:\/\/msjtechnology.com\/fr\/wp-json\/wp\/v2\/media?parent=972"}],"curies":[{"name":"wp","href":"https:\/\/api.w.org\/{rel}","templated":true}]}}