{"id":976,"date":"2024-03-22T09:17:37","date_gmt":"2024-03-22T08:17:37","guid":{"rendered":"https:\/\/msjtechnology.com\/politique-de-confidentialite-reseaux-sociaux\/"},"modified":"2024-05-15T09:52:27","modified_gmt":"2024-05-15T07:52:27","slug":"politique-de-confidentialite-reseaux-sociaux","status":"publish","type":"page","link":"https:\/\/msjtechnology.com\/fr\/politique-de-confidentialite-reseaux-sociaux\/","title":{"rendered":"POLITIQUE DE CONFIDENTIALIT\u00c9 R\u00c9SEAUX SOCIAUX"},"content":{"rendered":"\n<p>Conform\u00e9ment aux dispositions de la l\u00e9gislation en vigueur et applicable en mati\u00e8re de protection des donn\u00e9es \u00e0 caract\u00e8re personnel et de la loi 34\/2002, du 11 juillet, sur les services de la soci\u00e9t\u00e9 de l&rsquo;information et le commerce \u00e9lectronique (LSSI-CE), MSJ TECHNOLOGY SL. informe les utilisateurs qu&rsquo;elle a proc\u00e9d\u00e9 \u00e0 la cr\u00e9ation d&rsquo;un profil sur le(s) r\u00e9seau(x) social(aux) Instagram, Linkedin, dans le but principal de faire de la publicit\u00e9 pour ses produits et services.<\/p>\n\n<p>Donn\u00e9es de MSJ TECHNOLOGY SL :<\/p>\n\n<ul class=\"wp-block-list\">\n<li>NIF: B66926007<\/li>\n\n\n\n<li>ADRESSE : C\/LES VALLS,35 3\u00ba1\u00aa,08201 SABADELL(BARCELONA)<\/li>\n\n\n\n<li>E-MAIL : INFO@MSJTECHNOLOGY.COM<\/li>\n<\/ul>\n\n<div style=\"height:20px\" aria-hidden=\"true\" class=\"wp-block-spacer\"><\/div>\n\n<p>L&rsquo;utilisateur poss\u00e8de un profil sur le m\u00eame r\u00e9seau social et a d\u00e9cid\u00e9 d&rsquo;adh\u00e9rer \u00e0 la page cr\u00e9\u00e9e par MSJ TECHNOLOGY SL, manifestant ainsi son int\u00e9r\u00eat pour l&rsquo;information publi\u00e9e sur le r\u00e9seau. En rejoignant notre page, vous consentez au traitement des donn\u00e9es personnelles publi\u00e9es dans votre profil.<\/p>\n\n<p>L&rsquo;utilisateur peut acc\u00e9der \u00e0 tout moment aux politiques de confidentialit\u00e9 du r\u00e9seau social lui-m\u00eame, ainsi que<br\/>configurer son profil pour garantir sa confidentialit\u00e9.<\/p>\n\n<p>MSJ TECHNOLOGY SL. a acc\u00e8s et traite les informations publiques de l&rsquo;utilisateur, en particulier le nom de contact de l&rsquo;utilisateur. Ces donn\u00e9es ne sont utilis\u00e9es qu&rsquo;au sein du r\u00e9seau social lui-m\u00eame. Elles ne sont int\u00e9gr\u00e9es dans aucun syst\u00e8me de traitement.<\/p>\n\n<div style=\"height:100px\" aria-hidden=\"true\" class=\"wp-block-spacer\"><\/div>\n\n<h3 class=\"wp-block-heading\">DROITS DES PERSONNES CONCERN\u00c9ES<\/h3>\n\n<p>En ce qui concerne les droits d&rsquo;acc\u00e8s, de rectification, de limitation du traitement, d&rsquo;effacement, de portabilit\u00e9 et d&rsquo;opposition au traitement de vos donn\u00e9es personnelles, dont vous disposez et que vous pouvez exercer aupr\u00e8s de MSJ TECHNOLOGY SL, conform\u00e9ment au RGPD, vous devez tenir compte des nuances suivantes :<\/p>\n\n<ul class=\"wp-block-list\">\n<li>Droit d&rsquo;acc\u00e8s : Il s&rsquo;agit du droit de l&rsquo;utilisateur d&rsquo;obtenir des informations sur ses donn\u00e9es personnelles sp\u00e9cifiques et le traitement qui a \u00e9t\u00e9 effectu\u00e9 ou est effectu\u00e9, ainsi que les informations disponibles sur l&rsquo;origine de ces donn\u00e9es et les communications effectu\u00e9es ou pr\u00e9vues pour ces donn\u00e9es.<\/li>\n\n\n\n<li>Droit de rectification : Il s&rsquo;agit du droit de la personne concern\u00e9e de faire modifier les donn\u00e9es qui s&rsquo;av\u00e8rent inexactes ou incompl\u00e8tes. Ce droit ne peut \u00eatre exerc\u00e9 que pour les informations qui sont sous le contr\u00f4le de MSJ TECHNOLOGY SL, par exemple la suppression des commentaires post\u00e9s sur la page elle-m\u00eame, des images ou du contenu web contenant les donn\u00e9es personnelles de l&rsquo;utilisateur.<\/li>\n\n\n\n<li>Droit \u00e0 la limitation du traitement : il s&rsquo;agit du droit de limiter les finalit\u00e9s du traitement initialement pr\u00e9vues par le responsable du traitement. <\/li>\n\n\n\n<li>Droit d&rsquo;effacement : Le droit d&rsquo;effacer les donn\u00e9es personnelles de l&rsquo;utilisateur, \u00e0 l&rsquo;exception des dispositions du GDPR ou d&rsquo;autres r\u00e9glementations applicables qui d\u00e9terminent le caract\u00e8re obligatoire de la conservation de ces donn\u00e9es, dans le temps et dans la forme.<\/li>\n\n\n\n<li>Droit de portabilit\u00e9 : le droit de recevoir les donn\u00e9es \u00e0 caract\u00e8re personnel que l&rsquo;utilisateur a fournies, dans un format structur\u00e9, couramment utilis\u00e9 et lisible par machine, et de les transmettre \u00e0 un autre responsable du traitement.<\/li>\n\n\n\n<li>Droit d&rsquo;opposition : Le droit de l&rsquo;utilisateur de s&rsquo;opposer au traitement de ses donn\u00e9es personnelles ou de faire cesser le traitement de ces donn\u00e9es par MSJ TECHNOLOGY SL.<\/li>\n<\/ul>\n\n<div style=\"height:20px\" aria-hidden=\"true\" class=\"wp-block-spacer\"><\/div>\n\n<p>MSJ TECHNOLOGY SL. effectuera les actions suivantes :<\/p>\n\n<ul class=\"wp-block-list\">\n<li>Acc\u00e8s aux informations publiques du profil.<\/li>\n\n\n\n<li>Publication dans le profil de l&rsquo;utilisateur de toutes les informations d\u00e9j\u00e0 publi\u00e9es sur le site web de MSJ<\/li>\n\n\n\n<li>TECHNOLOGY SL..<\/li>\n\n\n\n<li>Envoi de messages personnels et individuels par l&rsquo;interm\u00e9diaire des canaux du r\u00e9seau social.<\/li>\n\n\n\n<li>Mise \u00e0 jour de l&rsquo;\u00e9tat de la page \u00e0 publier sur le profil de l&rsquo;utilisateur.<\/li>\n<\/ul>\n\n<div style=\"height:20px\" aria-hidden=\"true\" class=\"wp-block-spacer\"><\/div>\n\n<p>L&rsquo;utilisateur peut toujours contr\u00f4ler ses connexions, supprimer les contenus qui ne l&rsquo;int\u00e9ressent plus et restreindre les personnes avec lesquelles il partage ses connexions en acc\u00e9dant \u00e0 ses param\u00e8tres de confidentialit\u00e9.<\/p>\n\n<div style=\"height:100px\" aria-hidden=\"true\" class=\"wp-block-spacer\"><\/div>\n\n<h3 class=\"wp-block-heading\">PUBLICATIONS<\/h3>\n\n<p>Une fois que l&rsquo;utilisateur a rejoint le site Web de MSJ TECHNOLOGY SL., il peut publier des commentaires, des liens, des images ou des photographies ou tout autre type de contenu multim\u00e9dia pris en charge par le r\u00e9seau social. Dans tous les cas, l&rsquo;utilisateur doit en \u00eatre le propri\u00e9taire, d\u00e9tenir les droits d&rsquo;auteur et de propri\u00e9t\u00e9 intellectuelle ou obtenir le consentement des tiers concern\u00e9s. qui violent ou sont susceptibles de violer la morale, l&rsquo;\u00e9thique, le bon go\u00fbt ou la biens\u00e9ance, et\/ou qui enfreignent, violent ou violent les droits de propri\u00e9t\u00e9 intellectuelle ou industrielle, le droit \u00e0 l&rsquo;image ou la loi, est express\u00e9ment interdite. Dans ces cas, MSJ TECHNOLOGY SL. se r\u00e9serve le droit de supprimer imm\u00e9diatement le contenu et peut demander le blocage permanent de l&rsquo;utilisateur.<\/p>\n\n<p>MSJ TECHNOLOGY SL. ne sera pas tenue responsable des contenus librement publi\u00e9s par un utilisateur.<\/p>\n\n<p>L&rsquo;utilisateur doit garder \u00e0 l&rsquo;esprit que ses publications seront connues des autres utilisateurs, et qu&rsquo;il est donc le principal responsable de sa vie priv\u00e9e.<\/p>\n\n<p>Les images qui peuvent \u00eatre publi\u00e9es sur la page ne seront stock\u00e9es dans aucun syst\u00e8me de traitement par MSJ TECHNOLOGY SL, mais elles resteront sur le r\u00e9seau social.<\/p>\n\n<div style=\"height:100px\" aria-hidden=\"true\" class=\"wp-block-spacer\"><\/div>\n\n<h3 class=\"wp-block-heading\">CONCOURS ET PROMOTIONS<\/h3>\n\n<p>MSJ TECHNOLOGY SL. se r\u00e9serve le droit de r\u00e9aliser des concours et des promotions auxquels l&rsquo;utilisateur li\u00e9 \u00e0 sa page peut participer. Les conditions de chacun d&rsquo;entre eux, lorsque la plateforme du r\u00e9seau social est utilis\u00e9e \u00e0 cette fin, seront publi\u00e9es sur celle-ci. Respecter en permanence la LSSI-CE et toute autre r\u00e9glementation applicable.<\/p>\n\n<p>Le R\u00e9seau social ne sponsorise, ne soutient ni n&rsquo;administre, de quelque mani\u00e8re que ce soit, aucune de nos promotions et n&rsquo;est associ\u00e9 \u00e0 aucune d&rsquo;entre elles.<\/p>\n\n<div style=\"height:100px\" aria-hidden=\"true\" class=\"wp-block-spacer\"><\/div>\n\n<h3 class=\"wp-block-heading\">PUBLICIT\u00c9<\/h3>\n\n<p>MSJ TECHNOLOGY SL. utilisera le r\u00e9seau social pour faire la publicit\u00e9 de ses produits et services. Dans tous les cas, si elle d\u00e9cide d&rsquo;utiliser vos coordonn\u00e9es pour r\u00e9aliser des actions directes de prospection commerciale, elle le fera toujours dans le respect des exigences l\u00e9gales de la r\u00e9glementation sur la protection des donn\u00e9es et de la LSSI-CE.<\/p>\n\n<p>Le fait de recommander le site web de MSJ TECHNOLOGY SL. \u00e0 d&rsquo;autres utilisateurs afin qu&rsquo;ils puissent \u00e9galement b\u00e9n\u00e9ficier de promotions ou \u00eatre inform\u00e9s de son activit\u00e9 ne sera pas consid\u00e9r\u00e9 comme de la publicit\u00e9.<\/p>\n\n<p>Vous trouverez ci-dessous le lien vers la politique de confidentialit\u00e9 du r\u00e9seau social :<\/p>\n\n<p>Instagram: http:\/\/instagram.com\/about\/legal\/privacy\/<\/p>\n\n<p>Linkedin: https:\/\/es.linkedin.com\/legal\/privacy-policy<\/p>\n\n<p>Derni\u00e8re mise \u00e0 jour : 25 d\u00e9cembre 2023<\/p>\n","protected":false},"excerpt":{"rendered":"<p>Conform\u00e9ment aux dispositions de la l\u00e9gislation en vigueur et applicable en mati\u00e8re de protection des donn\u00e9es \u00e0 caract\u00e8re personnel et de la loi 34\/2002, du 11 juillet, sur les services de la soci\u00e9t\u00e9 de l&rsquo;information et le commerce \u00e9lectronique (LSSI-CE), MSJ TECHNOLOGY SL. informe les utilisateurs qu&rsquo;elle a proc\u00e9d\u00e9 \u00e0 la cr\u00e9ation d&rsquo;un profil sur [&hellip;]<\/p>\n","protected":false},"author":2,"featured_media":0,"parent":0,"menu_order":0,"comment_status":"closed","ping_status":"closed","template":"","meta":{"footnotes":""},"class_list":["post-976","page","type-page","status-publish","hentry"],"yoast_head":"<!-- This site is optimized with the Yoast SEO plugin v27.4 - https:\/\/yoast.com\/product\/yoast-seo-wordpress\/ -->\n<title>MSJ Technology | POLITIQUE DE CONFIDENTIALIT\u00c9 R\u00c9SEAUX SOCIAUX<\/title>\n<meta name=\"robots\" content=\"index, follow, max-snippet:-1, max-image-preview:large, max-video-preview:-1\" \/>\n<link rel=\"canonical\" href=\"https:\/\/msjtechnology.com\/fr\/politique-de-confidentialite-reseaux-sociaux\/\" \/>\n<meta property=\"og:locale\" content=\"fr_FR\" \/>\n<meta property=\"og:type\" content=\"article\" \/>\n<meta property=\"og:title\" content=\"MSJ Technology | POLITIQUE DE CONFIDENTIALIT\u00c9 R\u00c9SEAUX SOCIAUX\" \/>\n<meta property=\"og:description\" content=\"Conform\u00e9ment aux dispositions de la l\u00e9gislation en vigueur et applicable en mati\u00e8re de protection des donn\u00e9es \u00e0 caract\u00e8re personnel et de la loi 34\/2002, du 11 juillet, sur les services de la soci\u00e9t\u00e9 de l&rsquo;information et le commerce \u00e9lectronique (LSSI-CE), MSJ TECHNOLOGY SL. informe les utilisateurs qu&rsquo;elle a proc\u00e9d\u00e9 \u00e0 la cr\u00e9ation d&rsquo;un profil sur [&hellip;]\" \/>\n<meta property=\"og:url\" content=\"https:\/\/msjtechnology.com\/fr\/politique-de-confidentialite-reseaux-sociaux\/\" \/>\n<meta property=\"og:site_name\" content=\"MSJ Technology\" \/>\n<meta property=\"article:modified_time\" content=\"2024-05-15T07:52:27+00:00\" \/>\n<meta property=\"og:image\" content=\"https:\/\/msjtechnology.com\/wp-content\/uploads\/2024\/07\/msj-technology-blog-bienvenidos-2024.jpg\" \/>\n\t<meta property=\"og:image:width\" content=\"500\" \/>\n\t<meta property=\"og:image:height\" content=\"500\" \/>\n\t<meta property=\"og:image:type\" content=\"image\/jpeg\" \/>\n<meta name=\"twitter:card\" content=\"summary_large_image\" \/>\n<meta name=\"twitter:label1\" content=\"Dur\u00e9e de lecture estim\u00e9e\" \/>\n\t<meta name=\"twitter:data1\" content=\"5 minutes\" \/>\n<script type=\"application\/ld+json\" class=\"yoast-schema-graph\">{\"@context\":\"https:\\\/\\\/schema.org\",\"@graph\":[{\"@type\":\"WebPage\",\"@id\":\"https:\\\/\\\/msjtechnology.com\\\/fr\\\/politique-de-confidentialite-reseaux-sociaux\\\/\",\"url\":\"https:\\\/\\\/msjtechnology.com\\\/fr\\\/politique-de-confidentialite-reseaux-sociaux\\\/\",\"name\":\"MSJ Technology | POLITIQUE DE CONFIDENTIALIT\u00c9 R\u00c9SEAUX SOCIAUX\",\"isPartOf\":{\"@id\":\"https:\\\/\\\/msjtechnology.com\\\/fr\\\/#website\"},\"datePublished\":\"2024-03-22T08:17:37+00:00\",\"dateModified\":\"2024-05-15T07:52:27+00:00\",\"breadcrumb\":{\"@id\":\"https:\\\/\\\/msjtechnology.com\\\/fr\\\/politique-de-confidentialite-reseaux-sociaux\\\/#breadcrumb\"},\"inLanguage\":\"fr-FR\",\"potentialAction\":[{\"@type\":\"ReadAction\",\"target\":[\"https:\\\/\\\/msjtechnology.com\\\/fr\\\/politique-de-confidentialite-reseaux-sociaux\\\/\"]}]},{\"@type\":\"BreadcrumbList\",\"@id\":\"https:\\\/\\\/msjtechnology.com\\\/fr\\\/politique-de-confidentialite-reseaux-sociaux\\\/#breadcrumb\",\"itemListElement\":[{\"@type\":\"ListItem\",\"position\":1,\"name\":\"Portada\",\"item\":\"https:\\\/\\\/msjtechnology.com\\\/fr\\\/msj-technology\\\/\"},{\"@type\":\"ListItem\",\"position\":2,\"name\":\"POLITIQUE DE CONFIDENTIALIT\u00c9 R\u00c9SEAUX SOCIAUX\"}]},{\"@type\":\"WebSite\",\"@id\":\"https:\\\/\\\/msjtechnology.com\\\/fr\\\/#website\",\"url\":\"https:\\\/\\\/msjtechnology.com\\\/fr\\\/\",\"name\":\"MSJ Technology\",\"description\":\"Mecanizado de precisi\u00f3n\",\"publisher\":{\"@id\":\"https:\\\/\\\/msjtechnology.com\\\/fr\\\/#organization\"},\"alternateName\":\"MSJ Technology\",\"potentialAction\":[{\"@type\":\"SearchAction\",\"target\":{\"@type\":\"EntryPoint\",\"urlTemplate\":\"https:\\\/\\\/msjtechnology.com\\\/fr\\\/?s={search_term_string}\"},\"query-input\":{\"@type\":\"PropertyValueSpecification\",\"valueRequired\":true,\"valueName\":\"search_term_string\"}}],\"inLanguage\":\"fr-FR\"},{\"@type\":\"Organization\",\"@id\":\"https:\\\/\\\/msjtechnology.com\\\/fr\\\/#organization\",\"name\":\"MSJ Technology\",\"url\":\"https:\\\/\\\/msjtechnology.com\\\/fr\\\/\",\"logo\":{\"@type\":\"ImageObject\",\"inLanguage\":\"fr-FR\",\"@id\":\"https:\\\/\\\/msjtechnology.com\\\/fr\\\/#\\\/schema\\\/logo\\\/image\\\/\",\"url\":\"https:\\\/\\\/msjtechnology.com\\\/wp-content\\\/uploads\\\/2024\\\/07\\\/msj-technology-blog-bienvenidos-2024.jpg\",\"contentUrl\":\"https:\\\/\\\/msjtechnology.com\\\/wp-content\\\/uploads\\\/2024\\\/07\\\/msj-technology-blog-bienvenidos-2024.jpg\",\"width\":500,\"height\":500,\"caption\":\"MSJ Technology\"},\"image\":{\"@id\":\"https:\\\/\\\/msjtechnology.com\\\/fr\\\/#\\\/schema\\\/logo\\\/image\\\/\"},\"sameAs\":[\"https:\\\/\\\/www.instagram.com\\\/msjtechnologyspain\\\/\",\"http:\\\/\\\/linkedin.com\\\/company\\\/msj-technology\"]}]}<\/script>\n<!-- \/ Yoast SEO plugin. -->","yoast_head_json":{"title":"MSJ Technology | POLITIQUE DE CONFIDENTIALIT\u00c9 R\u00c9SEAUX SOCIAUX","robots":{"index":"index","follow":"follow","max-snippet":"max-snippet:-1","max-image-preview":"max-image-preview:large","max-video-preview":"max-video-preview:-1"},"canonical":"https:\/\/msjtechnology.com\/fr\/politique-de-confidentialite-reseaux-sociaux\/","og_locale":"fr_FR","og_type":"article","og_title":"MSJ Technology | POLITIQUE DE CONFIDENTIALIT\u00c9 R\u00c9SEAUX SOCIAUX","og_description":"Conform\u00e9ment aux dispositions de la l\u00e9gislation en vigueur et applicable en mati\u00e8re de protection des donn\u00e9es \u00e0 caract\u00e8re personnel et de la loi 34\/2002, du 11 juillet, sur les services de la soci\u00e9t\u00e9 de l&rsquo;information et le commerce \u00e9lectronique (LSSI-CE), MSJ TECHNOLOGY SL. informe les utilisateurs qu&rsquo;elle a proc\u00e9d\u00e9 \u00e0 la cr\u00e9ation d&rsquo;un profil sur [&hellip;]","og_url":"https:\/\/msjtechnology.com\/fr\/politique-de-confidentialite-reseaux-sociaux\/","og_site_name":"MSJ Technology","article_modified_time":"2024-05-15T07:52:27+00:00","og_image":[{"width":500,"height":500,"url":"https:\/\/msjtechnology.com\/wp-content\/uploads\/2024\/07\/msj-technology-blog-bienvenidos-2024.jpg","type":"image\/jpeg"}],"twitter_card":"summary_large_image","twitter_misc":{"Dur\u00e9e de lecture estim\u00e9e":"5 minutes"},"schema":{"@context":"https:\/\/schema.org","@graph":[{"@type":"WebPage","@id":"https:\/\/msjtechnology.com\/fr\/politique-de-confidentialite-reseaux-sociaux\/","url":"https:\/\/msjtechnology.com\/fr\/politique-de-confidentialite-reseaux-sociaux\/","name":"MSJ Technology | POLITIQUE DE CONFIDENTIALIT\u00c9 R\u00c9SEAUX SOCIAUX","isPartOf":{"@id":"https:\/\/msjtechnology.com\/fr\/#website"},"datePublished":"2024-03-22T08:17:37+00:00","dateModified":"2024-05-15T07:52:27+00:00","breadcrumb":{"@id":"https:\/\/msjtechnology.com\/fr\/politique-de-confidentialite-reseaux-sociaux\/#breadcrumb"},"inLanguage":"fr-FR","potentialAction":[{"@type":"ReadAction","target":["https:\/\/msjtechnology.com\/fr\/politique-de-confidentialite-reseaux-sociaux\/"]}]},{"@type":"BreadcrumbList","@id":"https:\/\/msjtechnology.com\/fr\/politique-de-confidentialite-reseaux-sociaux\/#breadcrumb","itemListElement":[{"@type":"ListItem","position":1,"name":"Portada","item":"https:\/\/msjtechnology.com\/fr\/msj-technology\/"},{"@type":"ListItem","position":2,"name":"POLITIQUE DE CONFIDENTIALIT\u00c9 R\u00c9SEAUX SOCIAUX"}]},{"@type":"WebSite","@id":"https:\/\/msjtechnology.com\/fr\/#website","url":"https:\/\/msjtechnology.com\/fr\/","name":"MSJ Technology","description":"Mecanizado de precisi\u00f3n","publisher":{"@id":"https:\/\/msjtechnology.com\/fr\/#organization"},"alternateName":"MSJ Technology","potentialAction":[{"@type":"SearchAction","target":{"@type":"EntryPoint","urlTemplate":"https:\/\/msjtechnology.com\/fr\/?s={search_term_string}"},"query-input":{"@type":"PropertyValueSpecification","valueRequired":true,"valueName":"search_term_string"}}],"inLanguage":"fr-FR"},{"@type":"Organization","@id":"https:\/\/msjtechnology.com\/fr\/#organization","name":"MSJ Technology","url":"https:\/\/msjtechnology.com\/fr\/","logo":{"@type":"ImageObject","inLanguage":"fr-FR","@id":"https:\/\/msjtechnology.com\/fr\/#\/schema\/logo\/image\/","url":"https:\/\/msjtechnology.com\/wp-content\/uploads\/2024\/07\/msj-technology-blog-bienvenidos-2024.jpg","contentUrl":"https:\/\/msjtechnology.com\/wp-content\/uploads\/2024\/07\/msj-technology-blog-bienvenidos-2024.jpg","width":500,"height":500,"caption":"MSJ Technology"},"image":{"@id":"https:\/\/msjtechnology.com\/fr\/#\/schema\/logo\/image\/"},"sameAs":["https:\/\/www.instagram.com\/msjtechnologyspain\/","http:\/\/linkedin.com\/company\/msj-technology"]}]}},"_links":{"self":[{"href":"https:\/\/msjtechnology.com\/fr\/wp-json\/wp\/v2\/pages\/976","targetHints":{"allow":["GET"]}}],"collection":[{"href":"https:\/\/msjtechnology.com\/fr\/wp-json\/wp\/v2\/pages"}],"about":[{"href":"https:\/\/msjtechnology.com\/fr\/wp-json\/wp\/v2\/types\/page"}],"author":[{"embeddable":true,"href":"https:\/\/msjtechnology.com\/fr\/wp-json\/wp\/v2\/users\/2"}],"replies":[{"embeddable":true,"href":"https:\/\/msjtechnology.com\/fr\/wp-json\/wp\/v2\/comments?post=976"}],"version-history":[{"count":0,"href":"https:\/\/msjtechnology.com\/fr\/wp-json\/wp\/v2\/pages\/976\/revisions"}],"wp:attachment":[{"href":"https:\/\/msjtechnology.com\/fr\/wp-json\/wp\/v2\/media?parent=976"}],"curies":[{"name":"wp","href":"https:\/\/api.w.org\/{rel}","templated":true}]}}