{"id":980,"date":"2024-03-22T16:04:43","date_gmt":"2024-03-22T15:04:43","guid":{"rendered":"https:\/\/msjtechnology.com\/avis-juridique\/"},"modified":"2024-05-15T09:52:35","modified_gmt":"2024-05-15T07:52:35","slug":"avis-juridique","status":"publish","type":"page","link":"https:\/\/msjtechnology.com\/fr\/avis-juridique\/","title":{"rendered":"AVIS JURIDIQUE"},"content":{"rendered":"\n<p>Introduction<\/p>\n\n<p>Conform\u00e9ment \u00e0 la loi 34\/2002, du 11 juillet, sur les services de la soci\u00e9t\u00e9 de l&rsquo;information et le commerce \u00e9lectronique (LSSI-CE), MSJ TECHNOLOGY SL. informe qu&rsquo;elle est propri\u00e9taire du site web. Conform\u00e9ment aux dispositions de l&rsquo;article 10 de la loi susmentionn\u00e9e, MSJ TECHNOLOGY SL. communique les donn\u00e9es suivantes :<\/p>\n\n<ul class=\"wp-block-list\">\n<li><strong>NOM DE L&rsquo;ENTREPRISE:<\/strong> MSJ TECHNOLOGY SL.<\/li>\n\n\n\n<li><strong>NUM\u00c9RO D&rsquo;IDENTIFICATION FISCALE <\/strong>: B66926007<\/li>\n\n\n\n<li><strong>DOMAINE <\/strong>: WWW.MSJTECHNOLOGY.COM<\/li>\n\n\n\n<li><strong>ADRESSE POSTALE <\/strong>: C\/LES VALLS,35 3\u00ba1\u00aa,08201 SABADELL(BARCELONA)<\/li>\n\n\n\n<li><strong>ADRESSE \u00c9LECTRONIQUE <\/strong>: INFO@MSJTECHNOLOGY.COM<\/li>\n\n\n\n<li><strong>T\u00c9L\u00c9PHONES <\/strong>: 936550535<\/li>\n\n\n\n<li>NUM\u00c9RO D&rsquo;ENREGISTREMENT\/ DONN\u00c9ES SUPPL\u00c9MENTAIRES<\/li>\n<\/ul>\n\n<p><\/p>\n\n<div style=\"height:20px\" aria-hidden=\"true\" class=\"wp-block-spacer\"><\/div>\n\n<p>Utilisateur et responsabilit\u00e9s<\/p>\n\n<p>Le site web de MSJ TECHNOLOGY SL. fournit un large \u00e9ventail d&rsquo;informations, de services et de donn\u00e9es. L&rsquo;utilisateur assume la responsabilit\u00e9 de l&rsquo;utilisation correcte du site. Cette responsabilit\u00e9 s&rsquo;\u00e9tend \u00e0:<\/p>\n\n<ul class=\"wp-block-list\">\n<li>La v\u00e9racit\u00e9 et la l\u00e9galit\u00e9 des informations fournies par l&rsquo;utilisateur sur les formulaires fournis par MSJ TECHNOLOGY SL. pour l&rsquo;acc\u00e8s \u00e0 certains contenus ou services offerts par le site Web.<\/li>\n\n\n\n<li>L&rsquo;utilisation des informations, services et donn\u00e9es offerts par MSJ TECHNOLOGY SL. contraire aux dispositions des pr\u00e9sentes conditions, \u00e0 la loi, \u00e0 la morale, aux bonnes coutumes ou \u00e0 l&rsquo;ordre public, ou qui, de toute autre mani\u00e8re, peut entra\u00eener des dommages aux droits de tiers ou au fonctionnement du site web.<\/li>\n<\/ul>\n\n<div style=\"height:100px\" aria-hidden=\"true\" class=\"wp-block-spacer\"><\/div>\n\n<h3 class=\"wp-block-heading\">POLITIQUE DE LIENS ET EXON\u00c9RATIONS DE RESPONSABILIT\u00c9<\/h3>\n\n<p>MSJ TECHNOLOGY SL. n&rsquo;est pas responsable du contenu des sites Web auxquels l&rsquo;utilisateur peut acc\u00e9der par le biais des liens \u00e9tablis sur son site Web, \u00e0 condition qu&rsquo;elle n&rsquo;ait pas la connaissance effective que l&rsquo;activit\u00e9 ou l&rsquo;information \u00e0 laquelle elle renvoie ou qu&rsquo;elle recommande est ill\u00e9gale ou qu&rsquo;elle porte atteinte \u00e0 la propri\u00e9t\u00e9 ou aux droits d&rsquo;un tiers susceptible d&rsquo;\u00eatre indemnis\u00e9, ou, dans le cas contraire, qu&rsquo;elle agisse avec diligence pour supprimer ou d\u00e9sactiver le lien correspondant.<\/p>\n\n<p>Il est entendu que MSJ TECHNOLOGY SL. a la connaissance effective vis\u00e9e au paragraphe pr\u00e9c\u00e9dent lorsqu&rsquo;un organisme comp\u00e9tent a d\u00e9clar\u00e9 l&rsquo;ill\u00e9galit\u00e9 des donn\u00e9es, ordonn\u00e9 leur retrait ou l&rsquo;impossibilit\u00e9 d&rsquo;y acc\u00e9der, ou a d\u00e9clar\u00e9 l&rsquo;existence du dommage, et que MSJ TECHNOLOGY SL. a connaissance de la r\u00e9solution correspondante, sans pr\u00e9judice des proc\u00e9dures de d\u00e9tection et de retrait de contenu que MSJ TECHNOLOGY SL. applique en vertu d&rsquo;accords volontaires et d&rsquo;autres moyens de connaissance effective qui peuvent \u00eatre \u00e9tablis.<\/p>\n\n<p>MSJ TECHNOLOGY SL. d\u00e9clare avoir adopt\u00e9 toutes les mesures n\u00e9cessaires pour \u00e9viter tout dommage aux utilisateurs de son site web, qui pourrait r\u00e9sulter de la navigation sur son site. Par cons\u00e9quent, MSJ TECHNOLOGY SL. n&rsquo;est en aucun cas responsable des \u00e9ventuels dommages que l&rsquo;utilisateur pourrait subir \u00e0 la suite de sa navigation sur Internet. De m\u00eame, elle ne garantit pas la disponibilit\u00e9 technique, l&rsquo;exactitude, la v\u00e9racit\u00e9, la validit\u00e9 ou la l\u00e9galit\u00e9 des sites ext\u00e9rieurs \u00e0 sa propri\u00e9t\u00e9 auxquels il est possible d&rsquo;acc\u00e9der par le biais des liens.<\/p>\n\n<div style=\"height:100px\" aria-hidden=\"true\" class=\"wp-block-spacer\"><\/div>\n\n<h3 class=\"wp-block-heading\">MODIFICATIONS<\/h3>\n\n<p>MSJ TECHNOLOGY SL. se r\u00e9serve le droit d&rsquo;apporter les modifications qu&rsquo;elle juge opportunes, sans pr\u00e9avis, au contenu de son site web. Tant en ce qui concerne le contenu du site Web que les conditions d&rsquo;utilisation de celui-ci ou les conditions g\u00e9n\u00e9rales de contrat. Les modifications mentionn\u00e9es dans la pr\u00e9sente section n&rsquo;affectent pas les contrats conclus avant la date de leur publication.<\/p>\n\n<p>Ces modifications peuvent \u00eatre effectu\u00e9es sur le site web par tout moyen l\u00e9galement admissible et sont contraignantes tant qu&rsquo;elles sont publi\u00e9es sur le site web et jusqu&rsquo;\u00e0 ce qu&rsquo;elles soient valablement modifi\u00e9es par des modifications ult\u00e9rieures.<\/p>\n\n<div style=\"height:100px\" aria-hidden=\"true\" class=\"wp-block-spacer\"><\/div>\n\n<h3 class=\"wp-block-heading\">INDICATION DES PRIX<\/h3>\n\n<p>Dans le cas o\u00f9 des prix de produits et\/ou de services sont affich\u00e9s, les prix indiqu\u00e9s \u00e0 l&rsquo;\u00e9cran sont ceux en vigueur \u00e0 tout moment. Les prix sont indiqu\u00e9s en euros et incluent la taxe sur la valeur ajout\u00e9e (TVA). Si la TVA n&rsquo;est pas incluse dans le prix, cela sera express\u00e9ment indiqu\u00e9 et l&rsquo;utilisateur pourra consulter le prix final complet.<\/p>\n\n<p>De m\u00eame, si une autre taxe est applicable, elle sera indiqu\u00e9e, y compris, le cas \u00e9ch\u00e9ant, le montant des majorations ou des r\u00e9ductions applicables \u00e0 l&rsquo;offre et les co\u00fbts suppl\u00e9mentaires qui peuvent \u00eatre r\u00e9percut\u00e9s sur le consommateur ou l&rsquo;utilisateur.<\/p>\n\n<div style=\"height:100px\" aria-hidden=\"true\" class=\"wp-block-spacer\"><\/div>\n\n<h3 class=\"wp-block-heading\">PROPRI\u00c9T\u00c9 INTELLECTUELLE ET INDUSTRIELLE<\/h3>\n\n<p>MSJ TECHNOLOGY SL. elle-m\u00eame ou en tant que cessionnaire, est titulaire de tous les droits de propri\u00e9t\u00e9 intellectuelle et industrielle de son site Web, ainsi que des \u00e9l\u00e9ments qu&rsquo;il contient (y compris, mais sans s&rsquo;y limiter, les images, le son, l&rsquo;audio, la vid\u00e9o, les logiciels ou les textes ; les marques ou les logos, les combinaisons de couleurs, la structure et la conception, la s\u00e9lection des mat\u00e9riaux utilis\u00e9s, les programmes informatiques n\u00e9cessaires \u00e0 son fonctionnement, \u00e0 son acc\u00e8s et \u00e0 son utilisation, etc. Il s&rsquo;agit donc d&rsquo;\u0153uvres prot\u00e9g\u00e9es en tant que propri\u00e9t\u00e9 intellectuelle par le syst\u00e8me juridique espagnol, auquel s&rsquo;appliquent les r\u00e9glementations espagnoles et communautaires en la mati\u00e8re, ainsi que les trait\u00e9s internationaux sign\u00e9s par l&rsquo;Espagne en la mati\u00e8re.<\/p>\n\n<p>Tous les droits sont r\u00e9serv\u00e9s. Conform\u00e9ment aux dispositions de la loi sur la propri\u00e9t\u00e9 intellectuelle, la reproduction, la distribution et la communication publique, y compris la mise \u00e0 disposition, de tout ou partie du contenu de ce site Web, \u00e0 des fins commerciales, sur tout support et par tout moyen technique, sans l&rsquo;autorisation de MSJ TECHNOLOGY SL&#8230; est express\u00e9ment interdite. <\/p>\n\n<p>L&rsquo;utilisateur s&rsquo;engage \u00e0 respecter les droits de propri\u00e9t\u00e9 intellectuelle et industrielle de MSJ TECHNOLOGY SL. Vous pouvez visualiser les \u00e9l\u00e9ments du portail et m\u00eame les imprimer, les copier et les stocker sur le disque dur de votre ordinateur ou sur tout autre support physique, \u00e0 condition que ce soit uniquement et exclusivement pour votre usage personnel et priv\u00e9. L&rsquo;utilisateur doit s&rsquo;abstenir de supprimer, d&rsquo;alt\u00e9rer, d&rsquo;\u00e9luder ou de manipuler tout dispositif de protection ou syst\u00e8me de s\u00e9curit\u00e9 \u00e9ventuellement install\u00e9 sur les pages de MSJ TECHNOLOGY SL.<\/p>\n\n<div style=\"height:100px\" aria-hidden=\"true\" class=\"wp-block-spacer\"><\/div>\n\n<h3 class=\"wp-block-heading\">ACTION EN JUSTICE, DROIT APPLICABLE ET JURIDICTION<\/h3>\n\n<p>Si l&rsquo;utilisateur souhaite d\u00e9poser une plainte, il doit nous contacter par courrier \u00e9lectronique \u00e0 l&rsquo;adresse INFO@MSJTECHNOLOGY.COM. MSJ TECHNOLOGY SL. met \u00e9galement \u00e0 la disposition des consommateurs et des utilisateurs des formulaires de r\u00e9clamation officiels.<\/p>\n\n<p>MSJ TECHNOLOGY SL. se r\u00e9serve le droit d&rsquo;engager les actions civiles ou p\u00e9nales qu&rsquo;elle juge appropri\u00e9es en cas d&rsquo;utilisation inappropri\u00e9e de son site Web et de ses contenus, ou de violation des pr\u00e9sentes conditions. <\/p>\n\n<p>La relation entre l&rsquo;utilisateur et le fournisseur est r\u00e9gie par la r\u00e9glementation en vigueur et applicable sur le territoire espagnol. En cas de litige, les parties peuvent soumettre leurs conflits \u00e0 l&rsquo;arbitrage ou \u00e0 la juridiction ordinaire, conform\u00e9ment aux r\u00e8gles de juridiction et de comp\u00e9tence en la mati\u00e8re. MSJ TECHNOLOGY SL. est domicili\u00e9e \u00e0 BARCELONE, Espagne.<\/p>\n\n<p>Derni\u00e8re mise \u00e0 jour : 25 d\u00e9cembre 2023<\/p>\n","protected":false},"excerpt":{"rendered":"<p>Introduction Conform\u00e9ment \u00e0 la loi 34\/2002, du 11 juillet, sur les services de la soci\u00e9t\u00e9 de l&rsquo;information et le commerce \u00e9lectronique (LSSI-CE), MSJ TECHNOLOGY SL. informe qu&rsquo;elle est propri\u00e9taire du site web. Conform\u00e9ment aux dispositions de l&rsquo;article 10 de la loi susmentionn\u00e9e, MSJ TECHNOLOGY SL. communique les donn\u00e9es suivantes : Utilisateur et responsabilit\u00e9s Le site [&hellip;]<\/p>\n","protected":false},"author":2,"featured_media":0,"parent":0,"menu_order":0,"comment_status":"closed","ping_status":"closed","template":"","meta":{"footnotes":""},"class_list":["post-980","page","type-page","status-publish","hentry"],"yoast_head":"<!-- This site is optimized with the Yoast SEO plugin v27.4 - https:\/\/yoast.com\/product\/yoast-seo-wordpress\/ -->\n<title>MSJ Technology | AVIS JURIDIQUE<\/title>\n<meta name=\"robots\" content=\"index, follow, max-snippet:-1, max-image-preview:large, max-video-preview:-1\" \/>\n<link rel=\"canonical\" href=\"https:\/\/msjtechnology.com\/fr\/avis-juridique\/\" \/>\n<meta property=\"og:locale\" content=\"fr_FR\" \/>\n<meta property=\"og:type\" content=\"article\" \/>\n<meta property=\"og:title\" content=\"MSJ Technology | AVIS JURIDIQUE\" \/>\n<meta property=\"og:description\" content=\"Introduction Conform\u00e9ment \u00e0 la loi 34\/2002, du 11 juillet, sur les services de la soci\u00e9t\u00e9 de l&rsquo;information et le commerce \u00e9lectronique (LSSI-CE), MSJ TECHNOLOGY SL. informe qu&rsquo;elle est propri\u00e9taire du site web. Conform\u00e9ment aux dispositions de l&rsquo;article 10 de la loi susmentionn\u00e9e, MSJ TECHNOLOGY SL. communique les donn\u00e9es suivantes : Utilisateur et responsabilit\u00e9s Le site [&hellip;]\" \/>\n<meta property=\"og:url\" content=\"https:\/\/msjtechnology.com\/fr\/avis-juridique\/\" \/>\n<meta property=\"og:site_name\" content=\"MSJ Technology\" \/>\n<meta property=\"article:modified_time\" content=\"2024-05-15T07:52:35+00:00\" \/>\n<meta property=\"og:image\" content=\"https:\/\/msjtechnology.com\/wp-content\/uploads\/2024\/07\/msj-technology-blog-bienvenidos-2024.jpg\" \/>\n\t<meta property=\"og:image:width\" content=\"500\" \/>\n\t<meta property=\"og:image:height\" content=\"500\" \/>\n\t<meta property=\"og:image:type\" content=\"image\/jpeg\" \/>\n<meta name=\"twitter:card\" content=\"summary_large_image\" \/>\n<meta name=\"twitter:label1\" content=\"Dur\u00e9e de lecture estim\u00e9e\" \/>\n\t<meta name=\"twitter:data1\" content=\"6 minutes\" \/>\n<script type=\"application\/ld+json\" class=\"yoast-schema-graph\">{\"@context\":\"https:\\\/\\\/schema.org\",\"@graph\":[{\"@type\":\"WebPage\",\"@id\":\"https:\\\/\\\/msjtechnology.com\\\/fr\\\/avis-juridique\\\/\",\"url\":\"https:\\\/\\\/msjtechnology.com\\\/fr\\\/avis-juridique\\\/\",\"name\":\"MSJ Technology | AVIS JURIDIQUE\",\"isPartOf\":{\"@id\":\"https:\\\/\\\/msjtechnology.com\\\/fr\\\/#website\"},\"datePublished\":\"2024-03-22T15:04:43+00:00\",\"dateModified\":\"2024-05-15T07:52:35+00:00\",\"breadcrumb\":{\"@id\":\"https:\\\/\\\/msjtechnology.com\\\/fr\\\/avis-juridique\\\/#breadcrumb\"},\"inLanguage\":\"fr-FR\",\"potentialAction\":[{\"@type\":\"ReadAction\",\"target\":[\"https:\\\/\\\/msjtechnology.com\\\/fr\\\/avis-juridique\\\/\"]}]},{\"@type\":\"BreadcrumbList\",\"@id\":\"https:\\\/\\\/msjtechnology.com\\\/fr\\\/avis-juridique\\\/#breadcrumb\",\"itemListElement\":[{\"@type\":\"ListItem\",\"position\":1,\"name\":\"Portada\",\"item\":\"https:\\\/\\\/msjtechnology.com\\\/fr\\\/msj-technology\\\/\"},{\"@type\":\"ListItem\",\"position\":2,\"name\":\"AVIS JURIDIQUE\"}]},{\"@type\":\"WebSite\",\"@id\":\"https:\\\/\\\/msjtechnology.com\\\/fr\\\/#website\",\"url\":\"https:\\\/\\\/msjtechnology.com\\\/fr\\\/\",\"name\":\"MSJ Technology\",\"description\":\"Mecanizado de precisi\u00f3n\",\"publisher\":{\"@id\":\"https:\\\/\\\/msjtechnology.com\\\/fr\\\/#organization\"},\"alternateName\":\"MSJ Technology\",\"potentialAction\":[{\"@type\":\"SearchAction\",\"target\":{\"@type\":\"EntryPoint\",\"urlTemplate\":\"https:\\\/\\\/msjtechnology.com\\\/fr\\\/?s={search_term_string}\"},\"query-input\":{\"@type\":\"PropertyValueSpecification\",\"valueRequired\":true,\"valueName\":\"search_term_string\"}}],\"inLanguage\":\"fr-FR\"},{\"@type\":\"Organization\",\"@id\":\"https:\\\/\\\/msjtechnology.com\\\/fr\\\/#organization\",\"name\":\"MSJ Technology\",\"url\":\"https:\\\/\\\/msjtechnology.com\\\/fr\\\/\",\"logo\":{\"@type\":\"ImageObject\",\"inLanguage\":\"fr-FR\",\"@id\":\"https:\\\/\\\/msjtechnology.com\\\/fr\\\/#\\\/schema\\\/logo\\\/image\\\/\",\"url\":\"https:\\\/\\\/msjtechnology.com\\\/wp-content\\\/uploads\\\/2024\\\/07\\\/msj-technology-blog-bienvenidos-2024.jpg\",\"contentUrl\":\"https:\\\/\\\/msjtechnology.com\\\/wp-content\\\/uploads\\\/2024\\\/07\\\/msj-technology-blog-bienvenidos-2024.jpg\",\"width\":500,\"height\":500,\"caption\":\"MSJ Technology\"},\"image\":{\"@id\":\"https:\\\/\\\/msjtechnology.com\\\/fr\\\/#\\\/schema\\\/logo\\\/image\\\/\"},\"sameAs\":[\"https:\\\/\\\/www.instagram.com\\\/msjtechnologyspain\\\/\",\"http:\\\/\\\/linkedin.com\\\/company\\\/msj-technology\"]}]}<\/script>\n<!-- \/ Yoast SEO plugin. -->","yoast_head_json":{"title":"MSJ Technology | AVIS JURIDIQUE","robots":{"index":"index","follow":"follow","max-snippet":"max-snippet:-1","max-image-preview":"max-image-preview:large","max-video-preview":"max-video-preview:-1"},"canonical":"https:\/\/msjtechnology.com\/fr\/avis-juridique\/","og_locale":"fr_FR","og_type":"article","og_title":"MSJ Technology | AVIS JURIDIQUE","og_description":"Introduction Conform\u00e9ment \u00e0 la loi 34\/2002, du 11 juillet, sur les services de la soci\u00e9t\u00e9 de l&rsquo;information et le commerce \u00e9lectronique (LSSI-CE), MSJ TECHNOLOGY SL. informe qu&rsquo;elle est propri\u00e9taire du site web. Conform\u00e9ment aux dispositions de l&rsquo;article 10 de la loi susmentionn\u00e9e, MSJ TECHNOLOGY SL. communique les donn\u00e9es suivantes : Utilisateur et responsabilit\u00e9s Le site [&hellip;]","og_url":"https:\/\/msjtechnology.com\/fr\/avis-juridique\/","og_site_name":"MSJ Technology","article_modified_time":"2024-05-15T07:52:35+00:00","og_image":[{"width":500,"height":500,"url":"https:\/\/msjtechnology.com\/wp-content\/uploads\/2024\/07\/msj-technology-blog-bienvenidos-2024.jpg","type":"image\/jpeg"}],"twitter_card":"summary_large_image","twitter_misc":{"Dur\u00e9e de lecture estim\u00e9e":"6 minutes"},"schema":{"@context":"https:\/\/schema.org","@graph":[{"@type":"WebPage","@id":"https:\/\/msjtechnology.com\/fr\/avis-juridique\/","url":"https:\/\/msjtechnology.com\/fr\/avis-juridique\/","name":"MSJ Technology | AVIS JURIDIQUE","isPartOf":{"@id":"https:\/\/msjtechnology.com\/fr\/#website"},"datePublished":"2024-03-22T15:04:43+00:00","dateModified":"2024-05-15T07:52:35+00:00","breadcrumb":{"@id":"https:\/\/msjtechnology.com\/fr\/avis-juridique\/#breadcrumb"},"inLanguage":"fr-FR","potentialAction":[{"@type":"ReadAction","target":["https:\/\/msjtechnology.com\/fr\/avis-juridique\/"]}]},{"@type":"BreadcrumbList","@id":"https:\/\/msjtechnology.com\/fr\/avis-juridique\/#breadcrumb","itemListElement":[{"@type":"ListItem","position":1,"name":"Portada","item":"https:\/\/msjtechnology.com\/fr\/msj-technology\/"},{"@type":"ListItem","position":2,"name":"AVIS JURIDIQUE"}]},{"@type":"WebSite","@id":"https:\/\/msjtechnology.com\/fr\/#website","url":"https:\/\/msjtechnology.com\/fr\/","name":"MSJ Technology","description":"Mecanizado de precisi\u00f3n","publisher":{"@id":"https:\/\/msjtechnology.com\/fr\/#organization"},"alternateName":"MSJ Technology","potentialAction":[{"@type":"SearchAction","target":{"@type":"EntryPoint","urlTemplate":"https:\/\/msjtechnology.com\/fr\/?s={search_term_string}"},"query-input":{"@type":"PropertyValueSpecification","valueRequired":true,"valueName":"search_term_string"}}],"inLanguage":"fr-FR"},{"@type":"Organization","@id":"https:\/\/msjtechnology.com\/fr\/#organization","name":"MSJ Technology","url":"https:\/\/msjtechnology.com\/fr\/","logo":{"@type":"ImageObject","inLanguage":"fr-FR","@id":"https:\/\/msjtechnology.com\/fr\/#\/schema\/logo\/image\/","url":"https:\/\/msjtechnology.com\/wp-content\/uploads\/2024\/07\/msj-technology-blog-bienvenidos-2024.jpg","contentUrl":"https:\/\/msjtechnology.com\/wp-content\/uploads\/2024\/07\/msj-technology-blog-bienvenidos-2024.jpg","width":500,"height":500,"caption":"MSJ Technology"},"image":{"@id":"https:\/\/msjtechnology.com\/fr\/#\/schema\/logo\/image\/"},"sameAs":["https:\/\/www.instagram.com\/msjtechnologyspain\/","http:\/\/linkedin.com\/company\/msj-technology"]}]}},"_links":{"self":[{"href":"https:\/\/msjtechnology.com\/fr\/wp-json\/wp\/v2\/pages\/980","targetHints":{"allow":["GET"]}}],"collection":[{"href":"https:\/\/msjtechnology.com\/fr\/wp-json\/wp\/v2\/pages"}],"about":[{"href":"https:\/\/msjtechnology.com\/fr\/wp-json\/wp\/v2\/types\/page"}],"author":[{"embeddable":true,"href":"https:\/\/msjtechnology.com\/fr\/wp-json\/wp\/v2\/users\/2"}],"replies":[{"embeddable":true,"href":"https:\/\/msjtechnology.com\/fr\/wp-json\/wp\/v2\/comments?post=980"}],"version-history":[{"count":0,"href":"https:\/\/msjtechnology.com\/fr\/wp-json\/wp\/v2\/pages\/980\/revisions"}],"wp:attachment":[{"href":"https:\/\/msjtechnology.com\/fr\/wp-json\/wp\/v2\/media?parent=980"}],"curies":[{"name":"wp","href":"https:\/\/api.w.org\/{rel}","templated":true}]}}